{"id":127,"date":"2015-12-23T14:31:05","date_gmt":"2015-12-23T13:31:05","guid":{"rendered":"http:\/\/www.auborddeleau.brussels\/?page_id=127"},"modified":"2018-09-22T11:05:19","modified_gmt":"2018-09-22T10:05:19","slug":"pour-qui","status":"publish","type":"page","link":"https:\/\/www.auborddeleau.brussels\/index.php\/pour-qui\/","title":{"rendered":"Pourquoi &#8211; Pour qui &#8211; Contre indications"},"content":{"rendered":"<h2>POURQUOI<\/h2>\n<p>Le massage aquatique lib\u00e8re et d\u00e9tend durablement les blocages et tensions, qu&rsquo;ils soient physiques, \u00e9motionnels ou psychiques. La temp\u00e9rature de l&rsquo;eau, proche de celle du corps, offre une rapide d\u00e9tente.<\/p>\n<p><strong>Sur le plan physique.<\/strong><\/p>\n<p>Dans l&rsquo;eau, le patient, en apesanteur, est d\u00e9charg\u00e9 de pr\u00e8s de 80% de son poids. Toutes les articulations peuvent \u00eatre mobilis\u00e9es sans danger, dans des postures qu&rsquo;il n&rsquo;est pas possible d&rsquo;obtenir sur &lsquo;Terre&rsquo;.<\/p>\n<p>La fluidit\u00e9 et le rythme des mouvements incite \u00e0 l\u00e2cher prise, le rythme respiratoire se ralenti, l&rsquo;amplitude respiratoire s&rsquo;\u00e9tire.<\/p>\n<p>Le massage doux de l&rsquo;eau s&rsquo;apparente au massage lymphatique, nettoie et r\u00e9g\u00e9n\u00e8re l&rsquo;organisme, acc\u00e9l\u00e8re la cicatrisation et diminue les risques d&rsquo;infection.<\/p>\n<p>Les mouvements du praticien s&rsquo;apparentent au Ta\u00ef Chi, doux, lents et fluides; ils sont pendulaires, ondulatoires et circulaires.<\/p>\n<p>Le massage aquatique harmonise l&rsquo;\u00e9nergie de l&rsquo;Etre, r\u00e9ancre la confiance, lib\u00e8re le corps des douleurs, soulage la colonne vert\u00e9brale, mobilise les articulations, d\u00e9tend les muscles.<\/p>\n<p>Il aide \u00e9galement \u00e0 vaincre la peur de l&rsquo;eau, d&rsquo;o\u00f9 qu&rsquo;elle provienne.<\/p>\n<p><strong>Sur le plan Psychique.<\/strong><\/p>\n<p>Le massage aquatique offre essentiellement une forme de d\u00e9tente m\u00e9ditative, une r\u00e9g\u00e9n\u00e9ration mentale.<\/p>\n<p>Id\u00e9al en cas de stress, trouble du sommeil, \u00e9puisement professionnel, hyper activit\u00e9, harc\u00e8lement.<\/p>\n<p>Le massage permet l&rsquo;abandon d&rsquo;un environnement pathog\u00e8ne, le l\u00e2cher prise non verbal.<\/p>\n<p>En se lassant porter, les yeux ferm\u00e9s, les oreilles sous le niveau de l&rsquo;eau, le silence est une exp\u00e9rience unique et permet de s&rsquo;abandonner.<\/p>\n<p>Le massage aquatique r\u00e9tablit l&rsquo;harmonie entre le corps, l&rsquo;esprit et l&rsquo;\u00e2me.<\/p>\n<p>Le l\u00e2cher prise et la confiance progresse de s\u00e9ance et s\u00e9ance.<\/p>\n<h2>POUR QUI<\/h2>\n<p>Le massage aquatique respecte les limites et particularit\u00e9s individuelles et convient donc \u00e0 tous et \u00e0 tout \u00e2ge. Ce que chacun en retire est diff\u00e9rent.<\/p>\n<p>Il se pratique sans effort, sans courbature. L&rsquo;impression de l\u00e9g\u00e8ret\u00e9 apporte bien \u00eatre, r\u00e9confort et apaise l&rsquo;esprit.<\/p>\n<p>Quand les tensions et les blocages se lib\u00e8rent, un nouvel \u00e9tat de conscience est accessible.<\/p>\n<p><strong>D\u00e9tente et bien \u00eatre<\/strong><\/p>\n<p>Dans l&rsquo;eau chaude, les yeux ferm\u00e9s, on oublie le temps et l&rsquo;espace. Le patient est plus flexible et d\u00e9tendu face au stress quotidien. Il entrevoit le monde plus sereinement et est capable d&rsquo;agir en confiance.<\/p>\n<p><strong>Grossesse et pr\u00e9paration \u00e0 la naissance<\/strong><\/p>\n<p>L&rsquo;apesanteur offerte est particuli\u00e8rement soulageant pour la femme enceinte; elle appr\u00e9cie d&rsquo;\u00eatre port\u00e9e par l&rsquo;eau, d&rsquo;\u00e9voluer dans le liquide, tel son enfant, de s&rsquo;abandonner dans une danse relaxante. La d\u00e9tente des articulations aide \u00e0 la pr\u00e9paration \u00e0 la naissance.<\/p>\n<p><strong>P\u00e9diatrie<\/strong><\/p>\n<p>Abord\u00e9 de mani\u00e8re ludique, le massage aquatique offre aux enfants et adolescents des stimuli multiples au syst\u00e8me sensoriel. L&rsquo;eau offre des sensations affectives et s\u00e9curisantes, favorables \u00e0 l&rsquo;\u00e9veil sensoriel, moteur et social.<\/p>\n<p>Accompagn\u00e9 d&rsquo;un parent dans l&rsquo;eau, le jeu renforce la relation accroit le rapport de confiance r\u00e9ciproque.<\/p>\n<p><strong>Traitement des douleurs<\/strong><\/p>\n<p>Avec des mouvements pr\u00e9cis, l\u00e9gers, lents, le patient retrouve la confiance en ses capacit\u00e9s physiques, peut approcher le seuil de douleur et am\u00e9liorer l&rsquo;amplitude des mouvements. Les massages sur les parties douloureuses permettent de se r\u00e9approprier le champ des possibles, une d\u00e9tente l\u00e0 o\u00f9 le corps est contract\u00e9.<\/p>\n<p>L&rsquo;apesanteur permet de red\u00e9couvrir les amplitudes de mouvements, rend possible une meilleur perception du corps, de la libert\u00e9 des mouvements.<\/p>\n<h2>INDICATIONS ET CONTRE-INDICATIONS<\/h2>\n<p><strong>Indications<\/strong><\/p>\n<ul>\n<li>Recherche de bien-\u00eatre, d\u00e9tente, harmonie, relaxation profonde<\/li>\n<li>Rencontre avec soi-m\u00eame ou d\u2019une m\u00e9ditation<\/li>\n<li>Att\u00e9nuation du stress, des peurs<\/li>\n<li>Lib\u00e8re les tensions<\/li>\n<li>Am\u00e9liore la qualit\u00e9 du sommeil et diminuer la fatigue<\/li>\n<li>Soulage les migraines<\/li>\n<li>Retrouve l\u2019\u00e9nergie lors de d\u00e9pression<\/li>\n<li>Calme l\u2019hyperactivit\u00e9<\/li>\n<li>Att\u00e9nue les douleurs aigu\u00ebs ou chroniques<\/li>\n<li>Aide \u00e0 vaincre la peur de l\u2019eau et donne une nouvelle perception de cet \u00e9l\u00e9ment<\/li>\n<li>Apporte d\u00e9tendre pendant la grossesse (sauf le Wata)<\/li>\n<li>Apaise les rhumatismes ou les myalgies<\/li>\n<li>Soulage les maladies neuromusculaires, articulaires<\/li>\n<\/ul>\n<p><strong>Contre-indications<\/strong><\/p>\n<ul>\n<li>Fi\u00e8vre (+ de 38\u00b0) et infections<\/li>\n<li>Plaie ouverte, zona et mycose<\/li>\n<li>Inflammation des voies respiratoires<\/li>\n<li>Inflammation ORL<\/li>\n<li>Traumatisme r\u00e9cent des vert\u00e8bres<\/li>\n<li>Maladie chronique : avis du m\u00e9decin<\/li>\n<li>Hypertension art\u00e9rielle non trait\u00e9e<\/li>\n<li>Vertiges importants et mal de voyage<\/li>\n<li>Epilepsie non stabilis\u00e9e<\/li>\n<li>Psychose<\/li>\n<\/ul>\n","protected":false},"excerpt":{"rendered":"<p>POURQUOI Le massage aquatique lib\u00e8re et d\u00e9tend durablement les blocages et tensions, qu&rsquo;ils soient physiques, \u00e9motionnels ou psychiques. La temp\u00e9rature de l&rsquo;eau, proche de celle du corps, offre une rapide d\u00e9tente. Sur le plan physique. Dans l&rsquo;eau, le patient, en apesanteur, est d\u00e9charg\u00e9 de pr\u00e8s de 80% de son poids. Toutes les articulations peuvent \u00eatre [&hellip;]<\/p>\n","protected":false},"author":1,"featured_media":0,"parent":0,"menu_order":0,"comment_status":"closed","ping_status":"closed","template":"page-templates\/full-width.php","meta":{"footnotes":""},"categories":[],"tags":[],"class_list":["post-127","page","type-page","status-publish","hentry"],"_links":{"self":[{"href":"https:\/\/www.auborddeleau.brussels\/index.php\/wp-json\/wp\/v2\/pages\/127","targetHints":{"allow":["GET"]}}],"collection":[{"href":"https:\/\/www.auborddeleau.brussels\/index.php\/wp-json\/wp\/v2\/pages"}],"about":[{"href":"https:\/\/www.auborddeleau.brussels\/index.php\/wp-json\/wp\/v2\/types\/page"}],"author":[{"embeddable":true,"href":"https:\/\/www.auborddeleau.brussels\/index.php\/wp-json\/wp\/v2\/users\/1"}],"replies":[{"embeddable":true,"href":"https:\/\/www.auborddeleau.brussels\/index.php\/wp-json\/wp\/v2\/comments?post=127"}],"version-history":[{"count":10,"href":"https:\/\/www.auborddeleau.brussels\/index.php\/wp-json\/wp\/v2\/pages\/127\/revisions"}],"predecessor-version":[{"id":706,"href":"https:\/\/www.auborddeleau.brussels\/index.php\/wp-json\/wp\/v2\/pages\/127\/revisions\/706"}],"wp:attachment":[{"href":"https:\/\/www.auborddeleau.brussels\/index.php\/wp-json\/wp\/v2\/media?parent=127"}],"wp:term":[{"taxonomy":"category","embeddable":true,"href":"https:\/\/www.auborddeleau.brussels\/index.php\/wp-json\/wp\/v2\/categories?post=127"},{"taxonomy":"post_tag","embeddable":true,"href":"https:\/\/www.auborddeleau.brussels\/index.php\/wp-json\/wp\/v2\/tags?post=127"}],"curies":[{"name":"wp","href":"https:\/\/api.w.org\/{rel}","templated":true}]}}