{"id":1311,"date":"2019-11-16T15:28:02","date_gmt":"2019-11-16T14:28:02","guid":{"rendered":"http:\/\/www.auborddeleau.brussels\/?page_id=1311"},"modified":"2026-05-08T21:13:05","modified_gmt":"2026-05-08T20:13:05","slug":"autres-stages","status":"publish","type":"page","link":"https:\/\/www.auborddeleau.brussels\/index.php\/autres-stages\/","title":{"rendered":"Octopus . Danse contact aquatique"},"content":{"rendered":"\n<figure class=\"wp-block-gallery has-nested-images columns-default is-cropped wp-block-gallery-1 is-layout-flex wp-block-gallery-is-layout-flex\">\n<figure class=\"wp-block-image size-large\"><a href=\"https:\/\/www.auborddeleau.brussels\/wp-content\/uploads\/2023\/11\/124-_--scaled.jpg\"><img loading=\"lazy\" decoding=\"async\" width=\"1024\" height=\"552\" data-id=\"3173\" src=\"https:\/\/www.auborddeleau.brussels\/wp-content\/uploads\/2023\/11\/124-_--1024x552.jpg\" alt=\"\" class=\"wp-image-3173\" srcset=\"https:\/\/www.auborddeleau.brussels\/wp-content\/uploads\/2023\/11\/124-_--1024x552.jpg 1024w, https:\/\/www.auborddeleau.brussels\/wp-content\/uploads\/2023\/11\/124-_--300x162.jpg 300w, https:\/\/www.auborddeleau.brussels\/wp-content\/uploads\/2023\/11\/124-_--768x414.jpg 768w, https:\/\/www.auborddeleau.brussels\/wp-content\/uploads\/2023\/11\/124-_--1536x828.jpg 1536w, https:\/\/www.auborddeleau.brussels\/wp-content\/uploads\/2023\/11\/124-_--2048x1104.jpg 2048w, https:\/\/www.auborddeleau.brussels\/wp-content\/uploads\/2023\/11\/124-_--624x336.jpg 624w\" sizes=\"auto, (max-width: 1024px) 100vw, 1024px\" \/><\/a><\/figure>\n<\/figure>\n\n\n\n<p>Tous les mois, une jam de danse contact nous m\u00e8ne en douceur sous l&rsquo;eau, dans le respect du consentement de chacun, de son rythme respiratoire, de sa propre danse, tout en douceur, pour arriver avec l&rsquo;autre \u00e0 une danse commune, lente et profonde.\nNotre espace int\u00e9rieur est anim\u00e9 d\u2019une mouvance lente et constante; il per\u00e7oit l\u2019environnement externe et interne, r\u00e9agit, adapte, cr\u00e9e. \nC&rsquo;est l\u00e0 que naissent nos gestes, nos postures, nos \u00e9motions. <\/p>\n\n\n\n<p><strong>DATES<\/strong><br><strong>En 2026<\/strong>, les vendredis 9\/1, 30\/1, 6\/3, 3\/4, 17\/4, 22\/5, 12\/6<br>Apr\u00e8s l&rsquo;\u00e9t\u00e9, toutes les 3 semaines<br>les vendredis 21\/8, 11\/9, 2\/10, 13\/11, 4\/12<\/p>\n\n\n\n<p>De 18h45 \u00e0 21h00 (la porte ferme \u00e0 19h00).<br>PAF : <strong>20\u20ac<\/strong><br><strong>Confirmation de l&rsquo;inscription<\/strong> par virement au compte de Belgian Graphic Interface BE88 0682 3023 0941<\/p>\n\n\n\n<p><\/p>\n","protected":false},"excerpt":{"rendered":"<p>Tous les mois, une jam de danse contact nous m\u00e8ne en douceur sous l&rsquo;eau, dans le respect du consentement de chacun, de son rythme respiratoire, de sa propre danse, tout en douceur, pour arriver avec l&rsquo;autre \u00e0 une danse commune, lente et profonde. Notre espace int\u00e9rieur est anim\u00e9 d\u2019une mouvance lente et constante; il per\u00e7oit [&hellip;]<\/p>\n","protected":false},"author":1,"featured_media":0,"parent":0,"menu_order":0,"comment_status":"closed","ping_status":"closed","template":"page-templates\/full-width.php","meta":{"footnotes":""},"categories":[],"tags":[],"class_list":["post-1311","page","type-page","status-publish","hentry"],"_links":{"self":[{"href":"https:\/\/www.auborddeleau.brussels\/index.php\/wp-json\/wp\/v2\/pages\/1311","targetHints":{"allow":["GET"]}}],"collection":[{"href":"https:\/\/www.auborddeleau.brussels\/index.php\/wp-json\/wp\/v2\/pages"}],"about":[{"href":"https:\/\/www.auborddeleau.brussels\/index.php\/wp-json\/wp\/v2\/types\/page"}],"author":[{"embeddable":true,"href":"https:\/\/www.auborddeleau.brussels\/index.php\/wp-json\/wp\/v2\/users\/1"}],"replies":[{"embeddable":true,"href":"https:\/\/www.auborddeleau.brussels\/index.php\/wp-json\/wp\/v2\/comments?post=1311"}],"version-history":[{"count":59,"href":"https:\/\/www.auborddeleau.brussels\/index.php\/wp-json\/wp\/v2\/pages\/1311\/revisions"}],"predecessor-version":[{"id":4723,"href":"https:\/\/www.auborddeleau.brussels\/index.php\/wp-json\/wp\/v2\/pages\/1311\/revisions\/4723"}],"wp:attachment":[{"href":"https:\/\/www.auborddeleau.brussels\/index.php\/wp-json\/wp\/v2\/media?parent=1311"}],"wp:term":[{"taxonomy":"category","embeddable":true,"href":"https:\/\/www.auborddeleau.brussels\/index.php\/wp-json\/wp\/v2\/categories?post=1311"},{"taxonomy":"post_tag","embeddable":true,"href":"https:\/\/www.auborddeleau.brussels\/index.php\/wp-json\/wp\/v2\/tags?post=1311"}],"curies":[{"name":"wp","href":"https:\/\/api.w.org\/{rel}","templated":true}]}}