{"id":132,"date":"2016-01-03T14:19:32","date_gmt":"2016-01-03T13:19:32","guid":{"rendered":"http:\/\/www.auborddeleau.brussels\/?page_id=132"},"modified":"2025-12-10T11:22:42","modified_gmt":"2025-12-10T10:22:42","slug":"massage-aquatique","status":"publish","type":"page","link":"https:\/\/www.auborddeleau.brussels\/index.php\/massage-aquatique\/","title":{"rendered":"MASSAGE AQUATIQUE"},"content":{"rendered":"<p style=\"text-align: justify;\">Recevoir un massage dans l&rsquo;eau, un Watsu, un Wata, c&rsquo;est se laisser bercer dans des bras bienveillants, se laisser d\u00e9poser sur l&rsquo;eau ; c&rsquo;est recevoir une affection rassurante.<br \/>\nAvec l&rsquo;\u00e9coute accueillante du praticien, c&rsquo;est faire appel \u00e0 la confiance, s&rsquo;appuyer sur celui qui porte, s&rsquo;abandonner \u00e0 l&rsquo;apesanteur, se laisser flotter dans une faible profondeur d&rsquo;eau.<br \/>\nLes bienfaits de l&rsquo;eau chaude, son pouvoir gu\u00e9risseur, la&nbsp;gravit\u00e9 modifi\u00e9e encouragent \u00e0 une profonde d\u00e9tente, lib\u00e9ratrice des tensions, \u00e0 ralentir le rythme respiratoire.<\/p>\n<p><iframe loading=\"lazy\" title=\"Revenir \u00e0 soi\" width=\"625\" height=\"352\" src=\"https:\/\/www.youtube.com\/embed\/jvsp-ZCEOvc?feature=oembed\" frameborder=\"0\" allow=\"accelerometer; autoplay; clipboard-write; encrypted-media; gyroscope; picture-in-picture; web-share\" referrerpolicy=\"strict-origin-when-cross-origin\" allowfullscreen><\/iframe><\/p>\n<p>D&rsquo;autres VIDEOS sur <a href=\"https:\/\/www.youtube.com\/channel\/UCtDmM_b-6768wV1paPOelnQ\">youtube.com\/channel\/&#8230;<\/a><\/p>\n<p style=\"text-align: justify;\">Des mouvements, \u00e9tirements, flexions, torsions du corps sont induits dans l&rsquo;eau par le praticien.<br \/>\nL&rsquo;eau circule autour de tous les pores ; la force, la r\u00e9sistance, la souplesse, la douceur, la chaleur de l&rsquo;eau encouragent une tr\u00e8s grande libert\u00e9 des mouvements, en accompagnement de la respiration.<br \/>\nL&rsquo;eau permet des mouvements relaxants et des \u00e9tirements dans les trois dimensions&nbsp;normalement impossibles avec un tel degr\u00e9 de l\u00e9g\u00e8ret\u00e9 sur la terre ferme.<\/p>\n<p style=\"text-align: justify;\">Les mains du praticien,&nbsp;expertes et respectueuses, offrent un massage du corps, renforcent les postures, d\u00e9tendent&nbsp;sans contrainte de poids ou de contact avec le sol.<\/p>\n<p style=\"text-align: justify;\">Le chemin des possibles s&rsquo;\u00e9largit, les articulations sont plus mobiles, le mental abandonne le contr\u00f4le, laisse place \u00e0 la s\u00e9r\u00e9nit\u00e9, \u00e0 la r\u00eaverie, au voyage int\u00e9rieur.<\/p>\n<p style=\"text-align: justify;\">Le Watsu, l&rsquo;Aquasoma, le Wata, le Healing dance, le Atma janzu, autant de techniques qui&nbsp; rel\u00e2chent et r\u00e9concilient, reconstruits, apportent un profond bien \u00eatre.<\/p>\n<p style=\"text-align: justify;\"><a href=\"https:\/\/www.auborddeleau.brussels\/wp-content\/uploads\/2016\/01\/Wata_01.jpg\"><img loading=\"lazy\" decoding=\"async\" class=\"alignnone size-full wp-image-255\" src=\"https:\/\/www.auborddeleau.brussels\/wp-content\/uploads\/2016\/01\/Wata_01.jpg\" alt=\"wata_01\" width=\"997\" height=\"453\" srcset=\"https:\/\/www.auborddeleau.brussels\/wp-content\/uploads\/2016\/01\/Wata_01.jpg 997w, https:\/\/www.auborddeleau.brussels\/wp-content\/uploads\/2016\/01\/Wata_01-300x136.jpg 300w, https:\/\/www.auborddeleau.brussels\/wp-content\/uploads\/2016\/01\/Wata_01-768x349.jpg 768w\" sizes=\"auto, (max-width: 997px) 100vw, 997px\" \/><\/a><\/p>\n","protected":false},"excerpt":{"rendered":"<p>Recevoir un massage dans l&rsquo;eau, un Watsu, un Wata, c&rsquo;est se laisser bercer dans des bras bienveillants, se laisser d\u00e9poser sur l&rsquo;eau ; c&rsquo;est recevoir une affection rassurante. Avec l&rsquo;\u00e9coute accueillante du praticien, c&rsquo;est faire appel \u00e0 la confiance, s&rsquo;appuyer sur celui qui porte, s&rsquo;abandonner \u00e0 l&rsquo;apesanteur, se laisser flotter dans une faible profondeur d&rsquo;eau. [&hellip;]<\/p>\n","protected":false},"author":1,"featured_media":0,"parent":0,"menu_order":0,"comment_status":"closed","ping_status":"closed","template":"page-templates\/full-width.php","meta":{"footnotes":""},"categories":[],"tags":[],"class_list":["post-132","page","type-page","status-publish","hentry"],"_links":{"self":[{"href":"https:\/\/www.auborddeleau.brussels\/index.php\/wp-json\/wp\/v2\/pages\/132","targetHints":{"allow":["GET"]}}],"collection":[{"href":"https:\/\/www.auborddeleau.brussels\/index.php\/wp-json\/wp\/v2\/pages"}],"about":[{"href":"https:\/\/www.auborddeleau.brussels\/index.php\/wp-json\/wp\/v2\/types\/page"}],"author":[{"embeddable":true,"href":"https:\/\/www.auborddeleau.brussels\/index.php\/wp-json\/wp\/v2\/users\/1"}],"replies":[{"embeddable":true,"href":"https:\/\/www.auborddeleau.brussels\/index.php\/wp-json\/wp\/v2\/comments?post=132"}],"version-history":[{"count":25,"href":"https:\/\/www.auborddeleau.brussels\/index.php\/wp-json\/wp\/v2\/pages\/132\/revisions"}],"predecessor-version":[{"id":4461,"href":"https:\/\/www.auborddeleau.brussels\/index.php\/wp-json\/wp\/v2\/pages\/132\/revisions\/4461"}],"wp:attachment":[{"href":"https:\/\/www.auborddeleau.brussels\/index.php\/wp-json\/wp\/v2\/media?parent=132"}],"wp:term":[{"taxonomy":"category","embeddable":true,"href":"https:\/\/www.auborddeleau.brussels\/index.php\/wp-json\/wp\/v2\/categories?post=132"},{"taxonomy":"post_tag","embeddable":true,"href":"https:\/\/www.auborddeleau.brussels\/index.php\/wp-json\/wp\/v2\/tags?post=132"}],"curies":[{"name":"wp","href":"https:\/\/api.w.org\/{rel}","templated":true}]}}