{"id":134,"date":"2016-01-03T14:19:44","date_gmt":"2016-01-03T13:19:44","guid":{"rendered":"http:\/\/www.auborddeleau.brussels\/?page_id=134"},"modified":"2017-07-31T17:42:17","modified_gmt":"2017-07-31T16:42:17","slug":"wata","status":"publish","type":"page","link":"https:\/\/www.auborddeleau.brussels\/index.php\/wata\/","title":{"rendered":"WATA"},"content":{"rendered":"<p>Contraction de WasserTanzen, le WATA se pratique \u00e9quip\u00e9 d&rsquo;un pince nez et le corps est, tout en douceur, totalement immerg\u00e9, progressivement, puis la dur\u00e9e des apn\u00e9es augmente. Entre les s\u00e9quences sous l\u2019eau, les inspires sont lents et profonds, comme dans le sommeil, afin de bien s\u2019oxyg\u00e9ner.<\/p>\n<p>Ensuite, le th\u00e9rapeute harmonise une danse par des rotations, des arabesques, des ondulations du corps du patient.<\/p>\n<p>Le Wata s\u2019appuie sur le r\u00e9flexe de plong\u00e9e, qui ralentit le rythme cardiaque, la pression sanguine et le processus d\u2019\u00e9changes gazeux, ce qui permet de rester plus longtemps sous l\u2019eau sans effort. La pression de l\u2019eau sur le corps renforce le c\u0153ur et les poumons et permet une plus grande absorption de l\u2019oxyg\u00e8ne. C\u2019est un d\u00e9fi lanc\u00e9 \u00e0 notre coordination motrice et \u00e0 notre notion de l\u2019\u00e9quilibre. La conscience quotidienne du temps et de l\u2019espace disparait, et laisse remonter des sensations enfouies.<br \/>\nLa l\u00e9g\u00e8ret\u00e9 \u00e9prouv\u00e9e sous l\u2019eau communique une sensation de paix intense; l\u2019alternance entre les respirations et les pauses induit le processus de gu\u00e9rison.<\/p>\n<p>Vous sortirez paisible et \u00e9tonn\u00e9 d\u2019une s\u00e9ance de relaxation aquatique sous l\u2019eau.<\/p>\n<p>Le Wata fut mise au point en Suisse en 1987 par Arjana Brunschwiler, kin\u00e9sith\u00e9rapeute et Peter Schroter, psychologue.<\/p>\n","protected":false},"excerpt":{"rendered":"<p>Contraction de WasserTanzen, le WATA se pratique \u00e9quip\u00e9 d&rsquo;un pince nez et le corps est, tout en douceur, totalement immerg\u00e9, progressivement, puis la dur\u00e9e des apn\u00e9es augmente. Entre les s\u00e9quences sous l\u2019eau, les inspires sont lents et profonds, comme dans le sommeil, afin de bien s\u2019oxyg\u00e9ner. Ensuite, le th\u00e9rapeute harmonise une danse par des rotations, [&hellip;]<\/p>\n","protected":false},"author":1,"featured_media":0,"parent":0,"menu_order":0,"comment_status":"closed","ping_status":"closed","template":"page-templates\/full-width.php","meta":{"footnotes":""},"categories":[],"tags":[],"class_list":["post-134","page","type-page","status-publish","hentry"],"_links":{"self":[{"href":"https:\/\/www.auborddeleau.brussels\/index.php\/wp-json\/wp\/v2\/pages\/134","targetHints":{"allow":["GET"]}}],"collection":[{"href":"https:\/\/www.auborddeleau.brussels\/index.php\/wp-json\/wp\/v2\/pages"}],"about":[{"href":"https:\/\/www.auborddeleau.brussels\/index.php\/wp-json\/wp\/v2\/types\/page"}],"author":[{"embeddable":true,"href":"https:\/\/www.auborddeleau.brussels\/index.php\/wp-json\/wp\/v2\/users\/1"}],"replies":[{"embeddable":true,"href":"https:\/\/www.auborddeleau.brussels\/index.php\/wp-json\/wp\/v2\/comments?post=134"}],"version-history":[{"count":6,"href":"https:\/\/www.auborddeleau.brussels\/index.php\/wp-json\/wp\/v2\/pages\/134\/revisions"}],"predecessor-version":[{"id":412,"href":"https:\/\/www.auborddeleau.brussels\/index.php\/wp-json\/wp\/v2\/pages\/134\/revisions\/412"}],"wp:attachment":[{"href":"https:\/\/www.auborddeleau.brussels\/index.php\/wp-json\/wp\/v2\/media?parent=134"}],"wp:term":[{"taxonomy":"category","embeddable":true,"href":"https:\/\/www.auborddeleau.brussels\/index.php\/wp-json\/wp\/v2\/categories?post=134"},{"taxonomy":"post_tag","embeddable":true,"href":"https:\/\/www.auborddeleau.brussels\/index.php\/wp-json\/wp\/v2\/tags?post=134"}],"curies":[{"name":"wp","href":"https:\/\/api.w.org\/{rel}","templated":true}]}}