{"id":16,"date":"2014-06-10T11:04:51","date_gmt":"2014-06-10T10:04:51","guid":{"rendered":"http:\/\/www.auborddeleau.brussels\/?page_id=16"},"modified":"2023-02-24T15:24:11","modified_gmt":"2023-02-24T14:24:11","slug":"nous-contacter","status":"publish","type":"page","link":"https:\/\/www.auborddeleau.brussels\/index.php\/nous-contacter\/","title":{"rendered":"Nous contacter"},"content":{"rendered":"<p>Chauss\u00e9e d&rsquo;Alsemberg 620\/1 &#8211; 1180 Bruxelles<\/p>\n<p>Poussez la grille, nous sommes au fond du jardin<\/p>\n<p>Vous pouvez joindre Dominique Dosogne au 0473\/70.90.97<\/p>\n<p>Ou nous envoyer un mail : watsu@auborddeleau.brussels<\/p>\n<p>Ou nous retrouver sur <a href=\"https:\/\/www.facebook.com\/auborddeleau.brussels\/\">https:\/\/www.facebook.com\/auborddeleau.brussels\/<\/a><\/p>\n<p><strong>ACCES<\/strong><\/p>\n<p><strong>Venir \u00e0 v\u00e9los<\/strong>, il y a des emplacements pour v\u00e9los dans le jardin<\/p>\n<p><strong>Venir \u00e0 pieds<\/strong><\/p>\n<p><a href=\"https:\/\/www.auborddeleau.brussels\/wp-content\/uploads\/2022\/09\/uccle-\u00e0-pieds.jpg\"><img loading=\"lazy\" decoding=\"async\" class=\"alignnone size-large wp-image-2815\" src=\"https:\/\/www.auborddeleau.brussels\/wp-content\/uploads\/2022\/09\/uccle-\u00e0-pieds-1024x709.jpg\" alt=\"\" width=\"625\" height=\"433\" srcset=\"https:\/\/www.auborddeleau.brussels\/wp-content\/uploads\/2022\/09\/uccle-\u00e0-pieds-1024x709.jpg 1024w, https:\/\/www.auborddeleau.brussels\/wp-content\/uploads\/2022\/09\/uccle-\u00e0-pieds-300x208.jpg 300w, https:\/\/www.auborddeleau.brussels\/wp-content\/uploads\/2022\/09\/uccle-\u00e0-pieds-768x532.jpg 768w, https:\/\/www.auborddeleau.brussels\/wp-content\/uploads\/2022\/09\/uccle-\u00e0-pieds-624x432.jpg 624w, https:\/\/www.auborddeleau.brussels\/wp-content\/uploads\/2022\/09\/uccle-\u00e0-pieds.jpg 1206w\" sizes=\"auto, (max-width: 625px) 100vw, 625px\" \/><\/a><\/p>\n<div><strong>Venir en transports en commun <\/strong><\/div>\n<div><\/div>\n<div class=\"kvgmc6g5 cxmmr5t8 oygrvhab hcukyx3x c1et5uql ii04i59q\"><span style=\"color: #000000;\"><strong>Le tram 51 Arr\u00eat De Bue<\/strong><\/span><\/div>\n<div><strong>les trams 4 et 92 Arr\u00eat H\u00e9ros<\/strong><\/div>\n<div><\/div>\n<div><strong>BUS : 37, 38, 43, 70, 75 Arret H\u00e9ros<\/strong><\/div>\n<div><\/div>\n<div><\/div>\n<div class=\"kvgmc6g5 cxmmr5t8 oygrvhab hcukyx3x c1et5uql ii04i59q\"><\/div>\n<div class=\"kvgmc6g5 cxmmr5t8 oygrvhab hcukyx3x c1et5uql ii04i59q\"><a href=\"https:\/\/www.auborddeleau.brussels\/wp-content\/uploads\/2020\/10\/tram-4.jpg\"><img loading=\"lazy\" decoding=\"async\" class=\"alignnone size-full wp-image-1533\" src=\"https:\/\/www.auborddeleau.brussels\/wp-content\/uploads\/2020\/10\/tram-4.jpg\" alt=\"\" width=\"754\" height=\"528\" srcset=\"https:\/\/www.auborddeleau.brussels\/wp-content\/uploads\/2020\/10\/tram-4.jpg 754w, https:\/\/www.auborddeleau.brussels\/wp-content\/uploads\/2020\/10\/tram-4-300x210.jpg 300w, https:\/\/www.auborddeleau.brussels\/wp-content\/uploads\/2020\/10\/tram-4-624x437.jpg 624w\" sizes=\"auto, (max-width: 754px) 100vw, 754px\" \/><\/a><\/p>\n<div dir=\"auto\"><\/div>\n<\/div>\n<div class=\"o9v6fnle cxmmr5t8 oygrvhab hcukyx3x c1et5uql ii04i59q\">\n<div dir=\"auto\"><\/div>\n<\/div>\n<div dir=\"auto\"><\/div>\n<div dir=\"auto\"><strong>Venir en voiture<\/strong><\/div>\n<p>Parking en voirie avec horodateur de 9 \u00e0 18h00, sauf dimanche<br \/>\nChauss\u00e9e d&rsquo;Alsemberg et Parvis Saint-Pierre <span style=\"color: #ff0000;\">(tron\u00e7on rouge)<\/span> : 3,5 \u20ac pour une heure et demie.<\/p>\n<p>Dans les rues <span style=\"color: #99cc00;\">vertes <\/span>: 6 \u20ac pour quatre heures, 1,5 \u20ac par heure suppl\u00e9mentaire.<\/p>\n<p>Dans les rues <span style=\"color: #0000ff;\">bleues<\/span> : disque bleu max 2h00.<\/p>\n<p><a href=\"https:\/\/www.auborddeleau.brussels\/wp-content\/uploads\/2014\/06\/ABDE-acces-1.jpg\"><img loading=\"lazy\" decoding=\"async\" class=\"alignnone size-full wp-image-625\" src=\"https:\/\/www.auborddeleau.brussels\/wp-content\/uploads\/2014\/06\/ABDE-acces-1.jpg\" alt=\"\" width=\"586\" height=\"574\" srcset=\"https:\/\/www.auborddeleau.brussels\/wp-content\/uploads\/2014\/06\/ABDE-acces-1.jpg 586w, https:\/\/www.auborddeleau.brussels\/wp-content\/uploads\/2014\/06\/ABDE-acces-1-300x294.jpg 300w\" sizes=\"auto, (max-width: 586px) 100vw, 586px\" \/><\/a><\/p>\n<p>Parkings publics:<\/p>\n<ul>\n<li>Parking couvert Saint-Pierre rue du Doyenn\u00e9 63,\u00a0 44 places.<br \/>\nOuvert 24h\/24. payant de 9 \u00e0 18h00 sauf dimanche et jours f\u00e9ri\u00e9s : 13.5\u20ac la journ\u00e9e<\/li>\n<li>Parking Place Danco 4 : 36 places, payant de 9 \u00e0 18h00 sauf dimanche et jours f\u00e9ri\u00e9s 13.5\u20ac la journ\u00e9e<\/li>\n<li>Parking avenue Brugmann 524 : payant de 9 \u00e0 18h00 sauf dimanche et jours f\u00e9ri\u00e9s : 25\u20ac la 1\/2 journ\u00e9e<\/li>\n<\/ul>\n<p>Parking de dissuasion gratuit rue de Stalle n\u00b0140 prolong\u00e9e (au rond pont des Menhirs<\/p>\n","protected":false},"excerpt":{"rendered":"<p>Chauss\u00e9e d&rsquo;Alsemberg 620\/1 &#8211; 1180 Bruxelles Poussez la grille, nous sommes au fond du jardin Vous pouvez joindre Dominique Dosogne au 0473\/70.90.97 Ou nous envoyer un mail : watsu@auborddeleau.brussels Ou nous retrouver sur https:\/\/www.facebook.com\/auborddeleau.brussels\/ ACCES Venir \u00e0 v\u00e9los, il y a des emplacements pour v\u00e9los dans le jardin Venir \u00e0 pieds Venir en transports en [&hellip;]<\/p>\n","protected":false},"author":1,"featured_media":0,"parent":0,"menu_order":0,"comment_status":"closed","ping_status":"closed","template":"page-templates\/full-width.php","meta":{"footnotes":""},"categories":[],"tags":[],"class_list":["post-16","page","type-page","status-publish","hentry"],"_links":{"self":[{"href":"https:\/\/www.auborddeleau.brussels\/index.php\/wp-json\/wp\/v2\/pages\/16","targetHints":{"allow":["GET"]}}],"collection":[{"href":"https:\/\/www.auborddeleau.brussels\/index.php\/wp-json\/wp\/v2\/pages"}],"about":[{"href":"https:\/\/www.auborddeleau.brussels\/index.php\/wp-json\/wp\/v2\/types\/page"}],"author":[{"embeddable":true,"href":"https:\/\/www.auborddeleau.brussels\/index.php\/wp-json\/wp\/v2\/users\/1"}],"replies":[{"embeddable":true,"href":"https:\/\/www.auborddeleau.brussels\/index.php\/wp-json\/wp\/v2\/comments?post=16"}],"version-history":[{"count":46,"href":"https:\/\/www.auborddeleau.brussels\/index.php\/wp-json\/wp\/v2\/pages\/16\/revisions"}],"predecessor-version":[{"id":2969,"href":"https:\/\/www.auborddeleau.brussels\/index.php\/wp-json\/wp\/v2\/pages\/16\/revisions\/2969"}],"wp:attachment":[{"href":"https:\/\/www.auborddeleau.brussels\/index.php\/wp-json\/wp\/v2\/media?parent=16"}],"wp:term":[{"taxonomy":"category","embeddable":true,"href":"https:\/\/www.auborddeleau.brussels\/index.php\/wp-json\/wp\/v2\/categories?post=16"},{"taxonomy":"post_tag","embeddable":true,"href":"https:\/\/www.auborddeleau.brussels\/index.php\/wp-json\/wp\/v2\/tags?post=16"}],"curies":[{"name":"wp","href":"https:\/\/api.w.org\/{rel}","templated":true}]}}