{"id":1995,"date":"2021-06-25T17:22:06","date_gmt":"2021-06-25T16:22:06","guid":{"rendered":"http:\/\/www.auborddeleau.brussels\/?page_id=1995"},"modified":"2024-12-09T15:08:12","modified_gmt":"2024-12-09T14:08:12","slug":"le-massage-aquatique-prenatal","status":"publish","type":"page","link":"https:\/\/www.auborddeleau.brussels\/index.php\/le-massage-aquatique-prenatal\/","title":{"rendered":"Accompagnement pr\u00e9natal aquatique"},"content":{"rendered":"\n<figure class=\"wp-block-image size-large\"><img loading=\"lazy\" decoding=\"async\" width=\"1024\" height=\"506\" src=\"https:\/\/www.auborddeleau.brussels\/wp-content\/uploads\/2021\/03\/Anouk2-1024x506.jpg\" alt=\"\" class=\"wp-image-1915\" srcset=\"https:\/\/www.auborddeleau.brussels\/wp-content\/uploads\/2021\/03\/Anouk2-1024x506.jpg 1024w, https:\/\/www.auborddeleau.brussels\/wp-content\/uploads\/2021\/03\/Anouk2-300x148.jpg 300w, https:\/\/www.auborddeleau.brussels\/wp-content\/uploads\/2021\/03\/Anouk2-768x379.jpg 768w, https:\/\/www.auborddeleau.brussels\/wp-content\/uploads\/2021\/03\/Anouk2-624x308.jpg 624w, https:\/\/www.auborddeleau.brussels\/wp-content\/uploads\/2021\/03\/Anouk2.jpg 1276w\" sizes=\"auto, (max-width: 1024px) 100vw, 1024px\" \/><\/figure>\n\n\n\n<p><strong>LE MASSAGE AQUATIQUE<\/strong> est particuli\u00e8rement recommand\u00e9 pour les futures mamans. L&rsquo;eau chaude permet une profonde d\u00e9tente, le temps d&rsquo;oublier le poids de ce ventre qui s\u2019arrondit. <\/p>\n\n\n\n<p> Une s\u00e9ance qui r\u00e9pond aux besoins sp\u00e9cifiques, physiques ou psychiques, de la maman.&nbsp; Pour <strong>soulager<\/strong> le dos, <strong>d\u00e9lier<\/strong> les articulations, <strong>mobiliser<\/strong> le bassin, <strong>lib\u00e9rer<\/strong> le souffle, <strong>faire de la place<\/strong> au b\u00e9b\u00e9. Pour&nbsp;se retrouver en harmonie avec son corps et avec le b\u00e9b\u00e9.  <\/p>\n\n\n\n<p> L\u2019accompagnement, surtout si sur plusieurs s\u00e9ances, permet aussi de travailler le <strong>l\u00e2cher-prise<\/strong> et cr\u00e9er un \u00e9tat de <strong>d\u00e9tente<\/strong> auquel revenir au moment de l\u2019accouchement pour \u201cs\u2019ouvrir\u201d sans opposer de r\u00e9sistance au passage du b\u00e9b\u00e9.<\/p>\n\n\n\n<p> L&rsquo;accompagnement pr\u00e9natal aquatique offre une exp\u00e9rience de<strong> relaxation<\/strong> et de <strong>connexion profonde<\/strong>, avec des moments d\u00e9di\u00e9s \u00e0 <strong>chacun<\/strong> des deux parents, pour apr\u00e8s se recentrer sur <strong>le couple<\/strong> et enfin autour du<strong> b\u00e9b\u00e9<\/strong>. C\u2019est aussi l\u2019opportunit\u00e9 pour le papa (ou toute personne accompagnant la maman) de participer pleinement et activement en posant des gestes simples, sous la guidance du ou de la th\u00e9rapeute, pour <strong>porter et soulager la maman<\/strong>.\u00a0<\/p>\n\n\n\n<p><strong>En groupe, <\/strong>l&rsquo;accompagnement permet de bouger en s\u00e9curit\u00e9, en libert\u00e9 en ne sentant plus le poids du corps, avec bienveillance, et dans le respect des limites de chacune. La sensation de libert\u00e9 est imm\u00e9diate.<\/p>\n\n\n\n<p><strong>T\u00e9moignage<\/strong> : <em>Depuis une rue si fr\u00e9quent\u00e9e, le bruit de la ville, je pousse le portail de \u00ab Au bord de l\u2019eau \u00bb. J\u2019entre dans ce petit jardin et suis le chemin vers l\u2019entr\u00e9e. Elle est assise et m\u2019attends. En entendant mes pas sur les petits cailloux, Dominique se l\u00e8ve et se tourne vers moi, un sourire l\u00e9ger. Je m\u2019approche d\u2019elle pour la saluer, mon regard tombe dans ses grands yeux bleus pleins de douceur. Je la suis et entre dans la petite salle, o\u00f9 se trouve les vestiaires, une toilette et deux douches. Je me mets en maillot, me douche, et vais l\u2019attendre au bord de l\u2019eau. Le lieu est baign\u00e9 de lumi\u00e8re naturelle, les larges fen\u00eatres donnent sur un petit jardin attenant. Elle me rejoint et j\u2019entre avec elle dans l\u2019eau. Il fait bon, l\u2019eau est chaude. La piscine est petite et intime. Il fait calme. Il n\u2019y a qu\u2019elle et moi. Elle me demande comment je me sens puis me tends les mains. Mes mains rencontrent les siennes et je me laisse guider. Elle m\u2019am\u00e8ne \u00e0 elle, allong\u00e9e. Les oreilles immerg\u00e9es, je me connecte \u00e0 mon souffle. Il est court et p\u00e9nible, il refl\u00e8te mon \u00e9tat. Je me sens tendue, mon corps suit avec raideur les mouvements auxquels Dominique m\u2019invite. Elle me berce, mon souffle doucement s\u2019allonge, mon corps s\u2019apaise. Le bruit de mes pens\u00e9es s\u2019efface doucement. Je suis juste l\u00e0. Je me sens honor\u00e9e et envelopp\u00e9e par la bienveillance de Dominique. Je suis enceinte, je me sens en lien avec mon fils, qui appr\u00e9cie ce moment d\u2019apaisement. Je sens sa pr\u00e9sence. Je me suis d\u00e9j\u00e0 faite berc\u00e9e par Dominique \u00e0 ma pr\u00e9c\u00e9dente grossesse. C\u2019est gu\u00e9risseur de recevoir un soin d\u2019une femme et m\u00e8re quand on est femme et m\u00e8re. Avec lenteur et douceur, elle me fait glisser sur l\u2019eau, me masse le dos, prends soin de mon corps. Je lui fais confiance, je me d\u00e9tends. Je me sens envelopp\u00e9e et l\u00e9g\u00e8re, comme dans un r\u00eave. Le temps s\u2019allonge, je ne sais plus o\u00f9 je suis vraiment. Un moment, elle m\u2019adosse sur un c\u00f4t\u00e9 de la piscine, tout en me maintenant. Je suis encore dans la bulle, j\u2019\u00e9merge avec la m\u00eame lenteur. J\u2019ai les yeux ferm\u00e9s, je me sens suspendue dans un moment hors du temps. Je remercie la vie. J\u2019am\u00e8ne mes mains \u00e0 mon visage que je caresse. Je parviens \u00e0 ouvrir les yeux. Le regard juste au dessus de l\u2019eau, je me laisse impr\u00e9gn\u00e9e par la clart\u00e9 du lieu, comme un jour nouveau. Je prends le temps d\u2019accueillir tout le bien que \u00e7a m\u2019a fait. Puis je lui murmure un merci. J\u2019ai envie de nager, je plonge ma t\u00eate sous l\u2019eau, je me sens fluide, je nage. Je suis en vie. Dominique sort de la piscine, je la suis. Je me douche et m\u2019habille. Je sors, j\u2019emprunte \u00e0 nouveau le petit chemin. Je retourne dans la ville, avec une \u00e9nergie nouvelle. Je ne suis pas l\u00e0 m\u00eame que celle qui, il y a \u00e0 peine une heure, le c\u0153ur si lourd, avait pousser la porte pour entrer. Merci Dominique.<\/em><\/p>\n\n\n\n<figure class=\"wp-block-embed is-type-video is-provider-youtube wp-block-embed-youtube wp-embed-aspect-16-9 wp-has-aspect-ratio\"><div class=\"wp-block-embed__wrapper\">\n<iframe loading=\"lazy\" title=\"Au Bord De l&#039;Eau\" width=\"625\" height=\"352\" src=\"https:\/\/www.youtube.com\/embed\/JfO3uCCP8rg?feature=oembed\" frameborder=\"0\" allow=\"accelerometer; autoplay; clipboard-write; encrypted-media; gyroscope; picture-in-picture; web-share\" referrerpolicy=\"strict-origin-when-cross-origin\" allowfullscreen><\/iframe>\n<\/div><\/figure>\n\n\n\n<p><\/p>\n\n\n<p><!--EndFragment--><\/p>","protected":false},"excerpt":{"rendered":"<p>LE MASSAGE AQUATIQUE est particuli\u00e8rement recommand\u00e9 pour les futures mamans. L&rsquo;eau chaude permet une profonde d\u00e9tente, le temps d&rsquo;oublier le poids de ce ventre qui s\u2019arrondit. Une s\u00e9ance qui r\u00e9pond aux besoins sp\u00e9cifiques, physiques ou psychiques, de la maman.&nbsp; Pour soulager le dos, d\u00e9lier les articulations, mobiliser le bassin, lib\u00e9rer le souffle, faire de la [&hellip;]<\/p>\n","protected":false},"author":1,"featured_media":0,"parent":0,"menu_order":0,"comment_status":"closed","ping_status":"closed","template":"page-templates\/front-page.php","meta":{"footnotes":""},"categories":[],"tags":[],"class_list":["post-1995","page","type-page","status-publish","hentry"],"_links":{"self":[{"href":"https:\/\/www.auborddeleau.brussels\/index.php\/wp-json\/wp\/v2\/pages\/1995","targetHints":{"allow":["GET"]}}],"collection":[{"href":"https:\/\/www.auborddeleau.brussels\/index.php\/wp-json\/wp\/v2\/pages"}],"about":[{"href":"https:\/\/www.auborddeleau.brussels\/index.php\/wp-json\/wp\/v2\/types\/page"}],"author":[{"embeddable":true,"href":"https:\/\/www.auborddeleau.brussels\/index.php\/wp-json\/wp\/v2\/users\/1"}],"replies":[{"embeddable":true,"href":"https:\/\/www.auborddeleau.brussels\/index.php\/wp-json\/wp\/v2\/comments?post=1995"}],"version-history":[{"count":8,"href":"https:\/\/www.auborddeleau.brussels\/index.php\/wp-json\/wp\/v2\/pages\/1995\/revisions"}],"predecessor-version":[{"id":4001,"href":"https:\/\/www.auborddeleau.brussels\/index.php\/wp-json\/wp\/v2\/pages\/1995\/revisions\/4001"}],"wp:attachment":[{"href":"https:\/\/www.auborddeleau.brussels\/index.php\/wp-json\/wp\/v2\/media?parent=1995"}],"wp:term":[{"taxonomy":"category","embeddable":true,"href":"https:\/\/www.auborddeleau.brussels\/index.php\/wp-json\/wp\/v2\/categories?post=1995"},{"taxonomy":"post_tag","embeddable":true,"href":"https:\/\/www.auborddeleau.brussels\/index.php\/wp-json\/wp\/v2\/tags?post=1995"}],"curies":[{"name":"wp","href":"https:\/\/api.w.org\/{rel}","templated":true}]}}