{"id":2037,"date":"2021-06-25T17:42:22","date_gmt":"2021-06-25T16:42:22","guid":{"rendered":"http:\/\/www.auborddeleau.brussels\/?page_id=2037"},"modified":"2021-07-05T12:55:51","modified_gmt":"2021-07-05T11:55:51","slug":"yoga-prenatal-aquatique","status":"publish","type":"page","link":"https:\/\/www.auborddeleau.brussels\/index.php\/yoga-prenatal-aquatique\/","title":{"rendered":"Yoga pr\u00e9natal aquatique"},"content":{"rendered":"\n<p>Yoga pr\u00e9natal en eau chaude (cours collectifs)<br> Allier les bienfaits de l\u2019eau chaude et du yoga pour faciliter la grossesse et pr\u00e9parer l\u2019accouchement  en prenant activement soin de votre sant\u00e9. Le seul objectif est de vous faire du bien. Au programme,  une combinaison de respiration, mouvement et relaxation. Le yoga en eau chaude vous offre un espace privil\u00e9gi\u00e9 pour vous reconnecter \u00e0 vous-m\u00eame, et partager avec votre b\u00e9b\u00e9 le plaisir  d\u2019\u00e9voluer dans  un cocon d\u2019eau chaude.<\/p>\n\n\n\n<p><\/p>\n\n\n\n<p>Giacomo Profili<\/p>\n\n\n\n<p><a href=\"https:\/\/www.facebook.com\/GiacomoYoga\">https:\/\/www.facebook.com\/GiacomoYoga<\/a><\/p>\n\n\n\n<p><\/p>\n","protected":false},"excerpt":{"rendered":"<p>Yoga pr\u00e9natal en eau chaude (cours collectifs) Allier les bienfaits de l\u2019eau chaude et du yoga pour faciliter la grossesse et pr\u00e9parer l\u2019accouchement en prenant activement soin de votre sant\u00e9. Le seul objectif est de vous faire du bien. Au programme, une combinaison de respiration, mouvement et relaxation. Le yoga en eau chaude vous offre [&hellip;]<\/p>\n","protected":false},"author":1,"featured_media":0,"parent":0,"menu_order":0,"comment_status":"closed","ping_status":"closed","template":"page-templates\/front-page.php","meta":{"footnotes":""},"categories":[],"tags":[],"class_list":["post-2037","page","type-page","status-publish","hentry"],"_links":{"self":[{"href":"https:\/\/www.auborddeleau.brussels\/index.php\/wp-json\/wp\/v2\/pages\/2037","targetHints":{"allow":["GET"]}}],"collection":[{"href":"https:\/\/www.auborddeleau.brussels\/index.php\/wp-json\/wp\/v2\/pages"}],"about":[{"href":"https:\/\/www.auborddeleau.brussels\/index.php\/wp-json\/wp\/v2\/types\/page"}],"author":[{"embeddable":true,"href":"https:\/\/www.auborddeleau.brussels\/index.php\/wp-json\/wp\/v2\/users\/1"}],"replies":[{"embeddable":true,"href":"https:\/\/www.auborddeleau.brussels\/index.php\/wp-json\/wp\/v2\/comments?post=2037"}],"version-history":[{"count":4,"href":"https:\/\/www.auborddeleau.brussels\/index.php\/wp-json\/wp\/v2\/pages\/2037\/revisions"}],"predecessor-version":[{"id":2053,"href":"https:\/\/www.auborddeleau.brussels\/index.php\/wp-json\/wp\/v2\/pages\/2037\/revisions\/2053"}],"wp:attachment":[{"href":"https:\/\/www.auborddeleau.brussels\/index.php\/wp-json\/wp\/v2\/media?parent=2037"}],"wp:term":[{"taxonomy":"category","embeddable":true,"href":"https:\/\/www.auborddeleau.brussels\/index.php\/wp-json\/wp\/v2\/categories?post=2037"},{"taxonomy":"post_tag","embeddable":true,"href":"https:\/\/www.auborddeleau.brussels\/index.php\/wp-json\/wp\/v2\/tags?post=2037"}],"curies":[{"name":"wp","href":"https:\/\/api.w.org\/{rel}","templated":true}]}}