{"id":2067,"date":"2021-07-15T11:21:10","date_gmt":"2021-07-15T10:21:10","guid":{"rendered":"http:\/\/www.auborddeleau.brussels\/?page_id=2067"},"modified":"2021-07-15T11:21:10","modified_gmt":"2021-07-15T10:21:10","slug":"giacomo-profili","status":"publish","type":"page","link":"https:\/\/www.auborddeleau.brussels\/index.php\/giacomo-profili\/","title":{"rendered":"GIACOMO PROFILI"},"content":{"rendered":"\n<h2 class=\"wp-block-heading\"> <strong>Soins et pratiques en eau chaude&nbsp;: Watsu, Waterdance, Yoga et Accompagnement Pr\u00e9natal<\/strong><\/h2>\n\n\n\n<figure class=\"wp-block-image size-large is-resized\"><img loading=\"lazy\" decoding=\"async\" src=\"https:\/\/www.auborddeleau.brussels\/wp-content\/uploads\/2021\/07\/Giacomo-1024x1024.jpg\" alt=\"\" class=\"wp-image-2071\" width=\"298\" height=\"298\" srcset=\"https:\/\/www.auborddeleau.brussels\/wp-content\/uploads\/2021\/07\/Giacomo-1024x1024.jpg 1024w, https:\/\/www.auborddeleau.brussels\/wp-content\/uploads\/2021\/07\/Giacomo-300x300.jpg 300w, https:\/\/www.auborddeleau.brussels\/wp-content\/uploads\/2021\/07\/Giacomo-150x150.jpg 150w, https:\/\/www.auborddeleau.brussels\/wp-content\/uploads\/2021\/07\/Giacomo-768x768.jpg 768w, https:\/\/www.auborddeleau.brussels\/wp-content\/uploads\/2021\/07\/Giacomo-1536x1536.jpg 1536w, https:\/\/www.auborddeleau.brussels\/wp-content\/uploads\/2021\/07\/Giacomo-2048x2048.jpg 2048w, https:\/\/www.auborddeleau.brussels\/wp-content\/uploads\/2021\/07\/Giacomo-624x624.jpg 624w\" sizes=\"auto, (max-width: 298px) 100vw, 298px\" \/><\/figure>\n\n\n\n<p>Apr\u00e8s\ndes ann\u00e9es de nomadisme, la vie le ram\u00e8ne en Belgique et le corps\nle contraint \u00e0 s\u2019arr\u00eater. Sa\npratique du Yoga devient alors un terrain d\u2019exploration o\u00f9\ndiff\u00e9rents enseignements et disciplines se nourrissent mutuellement,\n\u00e0 la recherche\nd\u2019ancrage, d\u2019\u00e9quilibre et de d\u00e9tente. Ces \u00e9l\u00e9ments se fondent\net prennent tout leur sens lors de la d\u00e9couverte du travail corporel\nen eau chaude. En apesanteur, le corps lib\u00e9r\u00e9 de toute tension\nsuperflue et l&rsquo;esprit de tout jugement, il d\u00e9couvre une libert\u00e9 et\nune l\u00e9g\u00e8ret\u00e9 qui le marqueront profond\u00e9ment et lui feront\nr\u00e9organiser sa vie autour du langage du corps et du mouvement. \n<\/p>\n\n\n\n<p>Au\nsol ou dans l\u2019eau, individuellement ou en groupe, avec enfants ou\nadultes, son intention est de proposer des espaces s\u00e9curis\u00e9s o\u00f9,\ndans un \u00e9tat de profonde d\u00e9tente, il devient possible\nd\u2019exp\u00e9rimenter un v\u00e9ritable l\u00e2cher-prise, \u00e9tendre sa conscience\net retrouver le calme au c\u0153ur de nous-m\u00eame. Par une \u00e9coute\nattentive et respectueuse des messages du corps, alternant mouvement\net silence, chaque s\u00e9ance est une invitation \u00e0 se recentrer et \u00e0\nprendre soin de soi. \n<\/p>\n\n\n\n<ul class=\"wp-block-list\"><li><strong>Watsu\n\t<\/strong>et<strong>\n\tWaterdance<\/strong>&nbsp;: soins individuels ou\n\t\u00e0 partager \u00e0 deux pour faire une exp\u00e9rience unique de relaxation\n\tet de reconnexion \u00e0 soi, en flottaison et\/ou en immersion dans un\n\tcocon d\u2019eau chaude.\n\t<\/li><li><strong>Accompagnement\n\tpr\u00e9natal<\/strong>&nbsp;: soins individuels, en\n\tcouple, et cours collectifs de yoga pr\u00e9natal pour accompagner\n\tchaque \u00e9tape de la grossesse, soulager la future maman, faire de la\n\tplace au b\u00e9b\u00e9, et pr\u00e9parer l\u2019accouchement.\n\t<\/li><li><strong>Yoga\n\ten eau chaude<\/strong>&nbsp;: allier les\n\tbienfaits du yoga et de l\u2019eau chaude pour prendre activement soin\n\tde soi, se renforcer et se d\u00e9tendre en laissant l\u2019eau nous\n\tenseigner la fluidit\u00e9 et la joie du mouvement.\n<\/li><\/ul>\n\n\n\n<p>Infos\net r\u00e9servations<\/p>\n\n\n\n<p>+32\n472 07 85 54<\/p>\n\n\n\n<p><a href=\"mailto:giacomo@idoflow.be\">giacomo@idoflow.be<\/a><\/p>\n\n\n\n<p>facebook\n: <a href=\"http:\/\/www.facebook.com\/GiacomoYoga\">@GiacomoYoga<\/a><\/p>\n\n\n\n<p>Web\n: <a href=\"http:\/\/www.idoflow.be\/\">idoflow.be<\/a><\/p>\n","protected":false},"excerpt":{"rendered":"<p>Soins et pratiques en eau chaude&nbsp;: Watsu, Waterdance, Yoga et Accompagnement Pr\u00e9natal Apr\u00e8s des ann\u00e9es de nomadisme, la vie le ram\u00e8ne en Belgique et le corps le contraint \u00e0 s\u2019arr\u00eater. Sa pratique du Yoga devient alors un terrain d\u2019exploration o\u00f9 diff\u00e9rents enseignements et disciplines se nourrissent mutuellement, \u00e0 la recherche d\u2019ancrage, d\u2019\u00e9quilibre et de d\u00e9tente. [&hellip;]<\/p>\n","protected":false},"author":1,"featured_media":0,"parent":0,"menu_order":0,"comment_status":"closed","ping_status":"closed","template":"page-templates\/full-width.php","meta":{"footnotes":""},"categories":[],"tags":[],"class_list":["post-2067","page","type-page","status-publish","hentry"],"_links":{"self":[{"href":"https:\/\/www.auborddeleau.brussels\/index.php\/wp-json\/wp\/v2\/pages\/2067","targetHints":{"allow":["GET"]}}],"collection":[{"href":"https:\/\/www.auborddeleau.brussels\/index.php\/wp-json\/wp\/v2\/pages"}],"about":[{"href":"https:\/\/www.auborddeleau.brussels\/index.php\/wp-json\/wp\/v2\/types\/page"}],"author":[{"embeddable":true,"href":"https:\/\/www.auborddeleau.brussels\/index.php\/wp-json\/wp\/v2\/users\/1"}],"replies":[{"embeddable":true,"href":"https:\/\/www.auborddeleau.brussels\/index.php\/wp-json\/wp\/v2\/comments?post=2067"}],"version-history":[{"count":4,"href":"https:\/\/www.auborddeleau.brussels\/index.php\/wp-json\/wp\/v2\/pages\/2067\/revisions"}],"predecessor-version":[{"id":2077,"href":"https:\/\/www.auborddeleau.brussels\/index.php\/wp-json\/wp\/v2\/pages\/2067\/revisions\/2077"}],"wp:attachment":[{"href":"https:\/\/www.auborddeleau.brussels\/index.php\/wp-json\/wp\/v2\/media?parent=2067"}],"wp:term":[{"taxonomy":"category","embeddable":true,"href":"https:\/\/www.auborddeleau.brussels\/index.php\/wp-json\/wp\/v2\/categories?post=2067"},{"taxonomy":"post_tag","embeddable":true,"href":"https:\/\/www.auborddeleau.brussels\/index.php\/wp-json\/wp\/v2\/tags?post=2067"}],"curies":[{"name":"wp","href":"https:\/\/api.w.org\/{rel}","templated":true}]}}