{"id":2379,"date":"2022-02-18T11:29:03","date_gmt":"2022-02-18T10:29:03","guid":{"rendered":"http:\/\/www.auborddeleau.brussels\/?page_id=2379"},"modified":"2022-02-18T11:29:03","modified_gmt":"2022-02-18T10:29:03","slug":"yoga-ashtanga","status":"publish","type":"page","link":"https:\/\/www.auborddeleau.brussels\/index.php\/yoga-ashtanga\/","title":{"rendered":"Yoga ASHTANGA"},"content":{"rendered":"\n<figure class=\"wp-block-image size-large\"><img loading=\"lazy\" decoding=\"async\" width=\"761\" height=\"588\" src=\"https:\/\/www.auborddeleau.brussels\/wp-content\/uploads\/2022\/02\/Marie-deschem-Yoga.jpg\" alt=\"\" class=\"wp-image-2381\" srcset=\"https:\/\/www.auborddeleau.brussels\/wp-content\/uploads\/2022\/02\/Marie-deschem-Yoga.jpg 761w, https:\/\/www.auborddeleau.brussels\/wp-content\/uploads\/2022\/02\/Marie-deschem-Yoga-300x232.jpg 300w, https:\/\/www.auborddeleau.brussels\/wp-content\/uploads\/2022\/02\/Marie-deschem-Yoga-624x482.jpg 624w\" sizes=\"auto, (max-width: 761px) 100vw, 761px\" \/><\/figure>\n\n\n\n<p>Marie vous propose une parenth\u00e8se pour se reconnecter a nous-m\u00eame, se d\u00e9tendre et se faire du  bien gr\u00e2ce au yoga Ashtanga. C\u2019est un yoga dynamique qui combine le contr\u00f4le des postures  avec une respiration profonde et des vinyasa. Ce style de yoga tr\u00e8s complet tonifie le corps,<br> favorise la circulation, \u00e9limine les toxines et permet de retrouver un bon \u00e9quilibre physique  mentale et \u00e9motionnel. La pratique de l&rsquo;Ashtanga Yoga s&rsquo;adresse \u00e0 tous. Il n&rsquo;existe pas de  restriction de sant\u00e9 ou de souplesse mais Il est pr\u00e9f\u00e9rable d&rsquo;avoir l&rsquo;estomac vide.<br> Cours les mercredi matin de 10h30 \u00e0 11h30 \u00e0 partir du 02 mars 2022.<br> Tarifs : 1 s\u00e9ance\/25\u20ac ou abonnement 10 s\u00e9ances\/200\u20ac.<br> Places limit\u00e9es 5 personnes. Le cours aura lieu \u00e0 partir de 4 inscrits minimum.<br> R\u00e9servation indispensable : par e-mail \u00e0 info@yo-so-co.com ou par t\u00e9l\u00e9phone au<br> 0488\/32.56.99<br> N\u2019h\u00e9sitez pas \u00e0 me contacter pour toutes questions.<br> MARIE DESCHEEMAECKER. <\/p>\n\n\n\n<p>Naturopathe, Enseignante de Yoga Ashtanga &#8211; Sophrologue &#8211; Conseill\u00e8re en nutrition<\/p>\n","protected":false},"excerpt":{"rendered":"<p>Marie vous propose une parenth\u00e8se pour se reconnecter a nous-m\u00eame, se d\u00e9tendre et se faire du bien gr\u00e2ce au yoga Ashtanga. C\u2019est un yoga dynamique qui combine le contr\u00f4le des postures avec une respiration profonde et des vinyasa. Ce style de yoga tr\u00e8s complet tonifie le corps, favorise la circulation, \u00e9limine les toxines et permet [&hellip;]<\/p>\n","protected":false},"author":1,"featured_media":0,"parent":0,"menu_order":0,"comment_status":"closed","ping_status":"closed","template":"","meta":{"footnotes":""},"categories":[],"tags":[],"class_list":["post-2379","page","type-page","status-publish","hentry"],"_links":{"self":[{"href":"https:\/\/www.auborddeleau.brussels\/index.php\/wp-json\/wp\/v2\/pages\/2379","targetHints":{"allow":["GET"]}}],"collection":[{"href":"https:\/\/www.auborddeleau.brussels\/index.php\/wp-json\/wp\/v2\/pages"}],"about":[{"href":"https:\/\/www.auborddeleau.brussels\/index.php\/wp-json\/wp\/v2\/types\/page"}],"author":[{"embeddable":true,"href":"https:\/\/www.auborddeleau.brussels\/index.php\/wp-json\/wp\/v2\/users\/1"}],"replies":[{"embeddable":true,"href":"https:\/\/www.auborddeleau.brussels\/index.php\/wp-json\/wp\/v2\/comments?post=2379"}],"version-history":[{"count":1,"href":"https:\/\/www.auborddeleau.brussels\/index.php\/wp-json\/wp\/v2\/pages\/2379\/revisions"}],"predecessor-version":[{"id":2383,"href":"https:\/\/www.auborddeleau.brussels\/index.php\/wp-json\/wp\/v2\/pages\/2379\/revisions\/2383"}],"wp:attachment":[{"href":"https:\/\/www.auborddeleau.brussels\/index.php\/wp-json\/wp\/v2\/media?parent=2379"}],"wp:term":[{"taxonomy":"category","embeddable":true,"href":"https:\/\/www.auborddeleau.brussels\/index.php\/wp-json\/wp\/v2\/categories?post=2379"},{"taxonomy":"post_tag","embeddable":true,"href":"https:\/\/www.auborddeleau.brussels\/index.php\/wp-json\/wp\/v2\/tags?post=2379"}],"curies":[{"name":"wp","href":"https:\/\/api.w.org\/{rel}","templated":true}]}}