{"id":260,"date":"2016-11-19T18:21:34","date_gmt":"2016-11-19T17:21:34","guid":{"rendered":"http:\/\/www.auborddeleau.brussels\/?page_id=260"},"modified":"2025-12-05T15:56:00","modified_gmt":"2025-12-05T14:56:00","slug":"dominique-dosogne","status":"publish","type":"page","link":"https:\/\/www.auborddeleau.brussels\/index.php\/dominique-dosogne\/","title":{"rendered":"Dominique Dosogne"},"content":{"rendered":"<p><strong>Watsu, Aquasoma, Healing dance, Atma Janzu<br \/>\n<\/strong><\/p>\n<p><strong>D\u00e9tente aquatique, anti-douleur, lutte contre la peur de l&rsquo;eau <\/strong><\/p>\n<p><strong>Accompagnement pr\u00e9natal, Bain d&rsquo;accueil, B\u00e9b\u00e9 \u00e0 la piscine, Danse contact aquatique, Atelier de massage aquatique, Aquagym<\/strong><\/p>\n<h2><a href=\"https:\/\/www.auborddeleau.brussels\/wp-content\/uploads\/2019\/08\/P1040282-NB.jpg\"><img loading=\"lazy\" decoding=\"async\" class=\"alignnone  wp-image-1151\" src=\"https:\/\/www.auborddeleau.brussels\/wp-content\/uploads\/2019\/08\/P1040282-NB-970x1024.jpg\" alt=\"\" width=\"300\" height=\"317\" srcset=\"https:\/\/www.auborddeleau.brussels\/wp-content\/uploads\/2019\/08\/P1040282-NB-970x1024.jpg 970w, https:\/\/www.auborddeleau.brussels\/wp-content\/uploads\/2019\/08\/P1040282-NB-284x300.jpg 284w, https:\/\/www.auborddeleau.brussels\/wp-content\/uploads\/2019\/08\/P1040282-NB-768x811.jpg 768w, https:\/\/www.auborddeleau.brussels\/wp-content\/uploads\/2019\/08\/P1040282-NB-624x659.jpg 624w\" sizes=\"auto, (max-width: 300px) 100vw, 300px\" \/><\/a><\/h2>\n<p>J&rsquo;exerce le m\u00e9tier d&rsquo;architecte et urbaniste.\u00a0En parall\u00e8le, depuis 2010, j&rsquo;aborde la communication non verbale par le toucher, premier sens \u00e9veill\u00e9, par le massage californien, puis des massages tha\u00ef et ayurv\u00e9dique avant d&rsquo;\u00eatre totalement s\u00e9duite par le Watsu\u00ae.<\/p>\n<p><strong>Le Watsu \/ Aquasoma<br \/>\n<\/strong>Le premier WE de formation en Watsu Basic avec Yves Delattre me convint que je passerai ma seconde vie \u00e9galement dans l&rsquo;eau et me donne la certitude de cr\u00e9er un lieu aquatique \u00e0 Bruxelles.<br \/>\nLa graine est plant\u00e9e, Au bord de l&rsquo;eau trouve racine \u00e0 Uccle.<br \/>\nJ&rsquo;obtiens le certificat de praticienne professionnelle de Watsu avec Giovanni Baccarani et Yves Delattre.<\/p>\n<p><iframe loading=\"lazy\" title=\"Massage aquatique pour future maman\" width=\"625\" height=\"352\" src=\"https:\/\/www.youtube.com\/embed\/nfYXnrAi48w?feature=oembed\" frameborder=\"0\" allow=\"accelerometer; autoplay; clipboard-write; encrypted-media; gyroscope; picture-in-picture; web-share\" referrerpolicy=\"strict-origin-when-cross-origin\" allowfullscreen><\/iframe><\/p>\n<p><strong>Les autres disciplines aquatiques<br \/>\n<\/strong>J&rsquo;ai suivi deux modules de la formation de Wata\u00ae avec Arjana C. Brunschwiler et quatre modules de la formation Atma Janzu avec Nicolas Sommer et Maria Steidel.<br \/>\nL&rsquo;aspect ost\u00e9opathique est abord\u00e9 avec Ludovic Breuil et Francesco Carocci.<br \/>\nJe d\u00e9couvre le Healing dance et me forme avec Alexander George et Sophie Anquetil. Cette technique modifiera consid\u00e9rablement ma mani\u00e8re d\u2019\u00eatre dans l&rsquo;eau.<br \/>\nAvec le Water rebozo, l&rsquo;approche est plus enveloppante gr\u00e2ce au tissus.<br \/>\nLa m\u00e9thode Halliwick m&rsquo;apprend les notions des mouvements m\u00e9tacentriques, qui compl\u00e8tent l\u2019accompagnement des enfants ou des personnes plus fragiles.<\/p>\n<p><strong>L&rsquo;accompagnement des femmes enceintes et des b\u00e9b\u00e9s<\/strong><br \/>\nJ&rsquo;accompagne les futures mamans et des b\u00e9b\u00e9s gr\u00e2ce aux techniques qui m&rsquo;ont \u00e9t\u00e9 transmises par Oph\u00e9lie Goffart et Christophe Bastin.<\/p>\n<p><strong>La danse aquatique<br \/>\n<\/strong>A la suite de travail corporel au sol o\u00f9 je rencontre Fatou Traor\u00e9, et la danse des 5 rythmes, c&rsquo;est tout le corps que je connecte au toucher.<\/p>\n<p>La danse contact aquatique avec Manuela Blanchard, C\u00e9line Robineau et Alain Montebran est une nouvelle r\u00e9v\u00e9lation. Je d\u00e9veloppe mon sens tactile, dans la libert\u00e9 des mouvements que l&rsquo;eau permet.<\/p>\n<p><strong>Les bienfaits des s\u00e9ances<br \/>\n<\/strong>Avec ses pratiques, je prends conscience de la puissance du toucher, \u00e0 la recherche de l\u2019\u00e9coute de l&rsquo;autre pour accro\u00eetre la pr\u00e9sence \u00e0 soi-m\u00eame et \u00e0 l\u2019autre, la qualit\u00e9 d\u2019\u00eatre, dans le respect de chacun. Le corps dit tellement de chose.<\/p>\n<p>Le manque de temps s\u2019apparente \u00e0 une maladie en tant que telle : le d\u00e9sordre spatio-temporel. Le cerveau n\u2019a pas le temps de d\u00e9connecter pour se remettre sur cette longueur d\u2019onde si d\u00e9lassante.\u00a0Une lenteur salvatrice dans le tourbillon de stress.<\/p>\n<p>Le sentiment de bien \u00eatre renforce notre immunit\u00e9, nous aide \u00e0 lutter contre les \u00e9tats d\u00e9pressifs. L&rsquo;eau a des vertus th\u00e9rapeutiques, elle a un impact sur notre bien \u00eatre mental, physique et psychique. Elle nous soigne, nous aide \u00e0 retrouver les sentiments positifs, le calme, l&rsquo;\u00e9quilibre. Le corps se d\u00e9lie, les hormones de bonheur se lib\u00e8rent. L&rsquo;eau r\u00e9harmonise et r\u00e9\u00e9quilibre tout notre \u00eatre.<\/p>\n<p>L&rsquo;eau, intervenant du massage, par sa force, sa souplesse, sa r\u00e9sistance, sa chaleur, permet des mouvements profonds, le corps mis dans des postures inhabituelles, flottant en apesanteur, dans un tr\u00e8s grand confort.<\/p>\n<p>La d\u00e9tente aquatique devient essentielle, se sentir bien dans l&rsquo;eau, \u00eatre capable de vraiment se d\u00e9tendre, d\u00e9passer ses peurs , d&rsquo;apaiser les douleurs chroniques.<\/p>\n<p>L&rsquo;eau r\u00e9v\u00e8le toujours quelque chose. Elle agit comme un miroir et nous permet d&rsquo;observer nos sch\u00e9mas comportementaux r\u00e9p\u00e9titifs.\u00a0 La d\u00e9tente qu&rsquo;apporte la s\u00e9ance permet de r\u00e9duire notre r\u00e9activit\u00e9 face au stress, contradictions, peurs et de gagner en confiance. L&rsquo;eau nous accompagne dans une transformation tranquille.<\/p>\n<p><strong>L&rsquo;accompagnement<br \/>\n<\/strong>Pendant 4 ans, j&rsquo;ai offert des massages, en tant que b\u00e9n\u00e9vole pour la Fondation contre le Cancer, aux patients de l\u2019h\u00f4pital Erasme puis de la clinique de jour Edith Cavell. Donner, accompagner l&rsquo;autre a \u00e9t\u00e9 extr\u00eamement enrichissant pour elle m\u00eame, d&rsquo;\u00eatre \u00e0 l&rsquo;\u00e9coute, d&rsquo;accompagner tout simplement.<\/p>\n<p>Accept\u00e9e \u00e0 l&rsquo;Ecole de la posture juste de Thierry Janssen en 2020, je perfectionne mon \u00e9coute de l&rsquo;autre et en apprend tellement sur moi m\u00eame.<\/p>\n<p>L&rsquo;approche des fascias et l&rsquo;\u00e9coute somatique sont abord\u00e9es au sein de la SoBAB avec Thomas Heinrich. Cette approche d&rsquo;\u00e9coute modifiera \u00e9galement ma pr\u00e9sence dans l&rsquo;eau.<\/p>\n<p>Le massage Rebozo et le rituel Rebozo appris aupr\u00e8s de Virgine Derobe poursuit le travail sur les fascias.<\/p>\n<p>Lenteur, douceur, toujours !<\/p>\n<p>0473 70 90 97 &#8211; <a href=\"mailto:watsu@auborddeleau.brussels\">watsu@auborddeleau.brussels<\/a><\/p>\n<p>Tarif : 90\u20ac la s\u00e9ance de 1h00, pr\u00e9voir 1h15 en tout<\/p>\n<p>https:\/\/www.youtube.com\/channel\/UCtDmM_b-6768wV1paPOelnQ<\/p>\n<p><a href=\"mailto:watsu@auborddeleau.brussels\"><img loading=\"lazy\" decoding=\"async\" class=\"size-full wp-image-3023 alignleft\" src=\"https:\/\/www.auborddeleau.brussels\/wp-content\/uploads\/2023\/06\/fb.png\" alt=\"\" width=\"31\" height=\"28\" \/><\/a> <a href=\"https:\/\/www.facebook.com\/auborddeleau.brussels\/?ref=bookmarks\">https:\/\/www.facebook.com\/auborddeleau.brussels\/?ref=bookmarks<\/a><\/p>\n","protected":false},"excerpt":{"rendered":"<p>Watsu, Aquasoma, Healing dance, Atma Janzu D\u00e9tente aquatique, anti-douleur, lutte contre la peur de l&rsquo;eau Accompagnement pr\u00e9natal, Bain d&rsquo;accueil, B\u00e9b\u00e9 \u00e0 la piscine, Danse contact aquatique, Atelier de massage aquatique, Aquagym J&rsquo;exerce le m\u00e9tier d&rsquo;architecte et urbaniste.\u00a0En parall\u00e8le, depuis 2010, j&rsquo;aborde la communication non verbale par le toucher, premier sens \u00e9veill\u00e9, par le massage californien, [&hellip;]<\/p>\n","protected":false},"author":1,"featured_media":0,"parent":0,"menu_order":0,"comment_status":"closed","ping_status":"closed","template":"page-templates\/full-width.php","meta":{"footnotes":""},"categories":[11,5],"tags":[],"class_list":["post-260","page","type-page","status-publish","hentry","category-eau","category-praticiens"],"_links":{"self":[{"href":"https:\/\/www.auborddeleau.brussels\/index.php\/wp-json\/wp\/v2\/pages\/260","targetHints":{"allow":["GET"]}}],"collection":[{"href":"https:\/\/www.auborddeleau.brussels\/index.php\/wp-json\/wp\/v2\/pages"}],"about":[{"href":"https:\/\/www.auborddeleau.brussels\/index.php\/wp-json\/wp\/v2\/types\/page"}],"author":[{"embeddable":true,"href":"https:\/\/www.auborddeleau.brussels\/index.php\/wp-json\/wp\/v2\/users\/1"}],"replies":[{"embeddable":true,"href":"https:\/\/www.auborddeleau.brussels\/index.php\/wp-json\/wp\/v2\/comments?post=260"}],"version-history":[{"count":55,"href":"https:\/\/www.auborddeleau.brussels\/index.php\/wp-json\/wp\/v2\/pages\/260\/revisions"}],"predecessor-version":[{"id":4435,"href":"https:\/\/www.auborddeleau.brussels\/index.php\/wp-json\/wp\/v2\/pages\/260\/revisions\/4435"}],"wp:attachment":[{"href":"https:\/\/www.auborddeleau.brussels\/index.php\/wp-json\/wp\/v2\/media?parent=260"}],"wp:term":[{"taxonomy":"category","embeddable":true,"href":"https:\/\/www.auborddeleau.brussels\/index.php\/wp-json\/wp\/v2\/categories?post=260"},{"taxonomy":"post_tag","embeddable":true,"href":"https:\/\/www.auborddeleau.brussels\/index.php\/wp-json\/wp\/v2\/tags?post=260"}],"curies":[{"name":"wp","href":"https:\/\/api.w.org\/{rel}","templated":true}]}}