{"id":2799,"date":"2022-09-15T13:22:50","date_gmt":"2022-09-15T12:22:50","guid":{"rendered":"http:\/\/www.auborddeleau.brussels\/?page_id=2799"},"modified":"2023-10-12T14:59:38","modified_gmt":"2023-10-12T13:59:38","slug":"yoga-classic-hatha","status":"publish","type":"page","link":"https:\/\/www.auborddeleau.brussels\/index.php\/yoga-classic-hatha\/","title":{"rendered":"Yoga somatique pour SENIORS"},"content":{"rendered":"\n<figure class=\"wp-block-image size-large\"><img loading=\"lazy\" decoding=\"async\" width=\"1024\" height=\"768\" src=\"https:\/\/www.auborddeleau.brussels\/wp-content\/uploads\/2022\/09\/Yoga-senior.jpg\" alt=\"\" class=\"wp-image-2801\" srcset=\"https:\/\/www.auborddeleau.brussels\/wp-content\/uploads\/2022\/09\/Yoga-senior.jpg 1024w, https:\/\/www.auborddeleau.brussels\/wp-content\/uploads\/2022\/09\/Yoga-senior-300x225.jpg 300w, https:\/\/www.auborddeleau.brussels\/wp-content\/uploads\/2022\/09\/Yoga-senior-768x576.jpg 768w, https:\/\/www.auborddeleau.brussels\/wp-content\/uploads\/2022\/09\/Yoga-senior-624x468.jpg 624w\" sizes=\"auto, (max-width: 1024px) 100vw, 1024px\" \/><\/figure>\n\n\n\n<p>Lorsque nous pensons \u00e0 la somatique en ce qui concerne le yoga, nous parlons d&rsquo;amener notre pratique vers l&rsquo;int\u00e9rieur afin d&rsquo;observer le corps et r\u00e9\u00e9duquer le syst\u00e8me nerveux. Sachant que le corps physique s&rsquo;accroche \u00e0 un traumatisme qui affecte la fa\u00e7on dont nous bougeons, notre posture cause alors plus de traumatismes et souvent plus de douleur.<br>De nombreuses modalit\u00e9s de gestion de la douleur, comme le massage et le travail corporel, utilisent une force ext\u00e9rieure pour aider \u00e0 soulager la douleur, ne traitant pas toujours la cause sous-jacente. C&rsquo;est l\u00e0 qu&rsquo;interviennent les somatiques. VOUS faites l&rsquo;exercice de mouvement et de r\u00e9\u00e9ducation en vous connectant profond\u00e9ment \u00e0 votre corps gr\u00e2ce \u00e0 une respiration consciente et en observant votre corps. <\/p>\n\n\n\n<p>Comment se sent votre corps ?<br>Quelle est sa connexion avec le sol ?<br>Y a-t-il une diff\u00e9rence dans l&rsquo;amplitude des mouvements ?<br>Observez-vous une diff\u00e9rence c\u00f4t\u00e9 gauche par rapport au c\u00f4t\u00e9 droit?<br>Que pouvez-vous ressentir ?<br>Nous pratiquons le yoga somatique par des mouvements lents et conscients dans diff\u00e9rentes poses de yoga. Nous remarquons les transferts de notre corps vers des poses de yoga li\u00e9es \u00e0 une respiration consciente est la diff\u00e9rence que nous ressentons dans les somatiques. R\u00e9alisant que nous devrions nous concentrer sur la fa\u00e7on dont nous nous sentons dans une pose, plut\u00f4t que sur l&rsquo;esth\u00e9tique de ce \u00e0 quoi elle ressemble.<br>Alors, qu&rsquo;est-ce que le yoga somatique ? C&rsquo;est un voyage vers l&rsquo;int\u00e9rieur pour remarquer votre corps, comment il bouge et ce sur quoi vous devez travailler AVANT votre pratique du yoga asana. Pour mieux bouger, se sentir mieux, r\u00e9duire la douleur et vivre une vie plus heureuse et plus saine!<br>Vous voulez l&rsquo;essayer ? Vous pouvez retrouver tous mes cours de yoga somatique ici. Une s\u00e9ance dure 60 minutes. <\/p>\n\n\n\n<p> Qu&rsquo;est-ce que le yoga pour moi?<br>Le yoga signifie essentiellement trouver les cl\u00e9s de la nature de l&rsquo;existence. Le yoga ne consiste pas \u00e0 se pencher et \u00e0 se tordre.<br>Le Yoga est un processus tr\u00e8s subtil d&rsquo;apporter un \u00e9quilibre en vous. Un \u00e9quilibre entre votre masculin et votre f\u00e9minin, comme le Soleil et la Lune. <\/p>\n\n\n\n<p> Le yoga vous convient-il?<br>Pour vous guider \u00e0 trouver cette \u00e9quilibre j&rsquo;offre le yoga comme culture de<br>conscience avec ma voix comme guide. Que vous soyez assis les jambes crois\u00e9es sur le sol, assis sur un tabouret, allong\u00e9 confortablement face vers le haut ou debout, toutes les poses ou Asanam combin\u00e9es \u00e0 une respiration appropri\u00e9e ou Pranayam aident \u00e0 nettoyer les cellules du corps et \u00e0 activer le renouvellement cellulaire pour le bien-\u00eatre physique et l\u2019endurance. <\/p>\n\n\n\n<p> Toutes les pratiques aident \u00e0 harmoniser le syst\u00e8me humain avec le cosmique, gr\u00e2ce \u00e0 une respiration consciente et \u00e0 des exercices appropri\u00e9s. Ces s\u00e9ances globales d\u00e9tendent l&rsquo;esprit, lubrifient les articulations, renforcent les muscles, activent le syst\u00e8me \u00e9nerg\u00e9tique et vous offrent la plus grande r\u00e9silience face \u00e0 ce que la vie vous r\u00e9serve. <\/p>\n\n\n\n<p>Mercredi G+ 9h30-10h30 et 10h45-11h45 (seniors)<br>Pour la carte de membres G+ \u00e0 130 euro pour 10 cours veuillez contacter<br>G+ Olivia Coulon l Seniors | Senioren l T +32 2 348.65.92<br><\/p>\n\n\n\n<p><strong>MARIE DESCHEEMAECKE<\/strong>R<\/p>\n\n\n\n<p>Accompagnatrice vers l&rsquo;alignement<\/p>\n\n\n\n<p>Professeur de yoga \u2b1d Sophrologue \u2b1d Nutritionniste<\/p>\n\n\n\n<p>+32 488 32 56 99<\/p>\n","protected":false},"excerpt":{"rendered":"<p>Lorsque nous pensons \u00e0 la somatique en ce qui concerne le yoga, nous parlons d&rsquo;amener notre pratique vers l&rsquo;int\u00e9rieur afin d&rsquo;observer le corps et r\u00e9\u00e9duquer le syst\u00e8me nerveux. Sachant que le corps physique s&rsquo;accroche \u00e0 un traumatisme qui affecte la fa\u00e7on dont nous bougeons, notre posture cause alors plus de traumatismes et souvent plus de [&hellip;]<\/p>\n","protected":false},"author":1,"featured_media":0,"parent":0,"menu_order":0,"comment_status":"closed","ping_status":"closed","template":"page-templates\/full-width.php","meta":{"footnotes":""},"categories":[],"tags":[],"class_list":["post-2799","page","type-page","status-publish","hentry"],"_links":{"self":[{"href":"https:\/\/www.auborddeleau.brussels\/index.php\/wp-json\/wp\/v2\/pages\/2799","targetHints":{"allow":["GET"]}}],"collection":[{"href":"https:\/\/www.auborddeleau.brussels\/index.php\/wp-json\/wp\/v2\/pages"}],"about":[{"href":"https:\/\/www.auborddeleau.brussels\/index.php\/wp-json\/wp\/v2\/types\/page"}],"author":[{"embeddable":true,"href":"https:\/\/www.auborddeleau.brussels\/index.php\/wp-json\/wp\/v2\/users\/1"}],"replies":[{"embeddable":true,"href":"https:\/\/www.auborddeleau.brussels\/index.php\/wp-json\/wp\/v2\/comments?post=2799"}],"version-history":[{"count":5,"href":"https:\/\/www.auborddeleau.brussels\/index.php\/wp-json\/wp\/v2\/pages\/2799\/revisions"}],"predecessor-version":[{"id":3125,"href":"https:\/\/www.auborddeleau.brussels\/index.php\/wp-json\/wp\/v2\/pages\/2799\/revisions\/3125"}],"wp:attachment":[{"href":"https:\/\/www.auborddeleau.brussels\/index.php\/wp-json\/wp\/v2\/media?parent=2799"}],"wp:term":[{"taxonomy":"category","embeddable":true,"href":"https:\/\/www.auborddeleau.brussels\/index.php\/wp-json\/wp\/v2\/categories?post=2799"},{"taxonomy":"post_tag","embeddable":true,"href":"https:\/\/www.auborddeleau.brussels\/index.php\/wp-json\/wp\/v2\/tags?post=2799"}],"curies":[{"name":"wp","href":"https:\/\/api.w.org\/{rel}","templated":true}]}}