{"id":288,"date":"2017-01-18T20:30:08","date_gmt":"2017-01-18T19:30:08","guid":{"rendered":"http:\/\/www.auborddeleau.brussels\/?page_id=288"},"modified":"2022-03-11T11:31:51","modified_gmt":"2022-03-11T10:31:51","slug":"massage-terrestre","status":"publish","type":"page","link":"https:\/\/www.auborddeleau.brussels\/index.php\/massage-terrestre\/","title":{"rendered":"MASSAGES et Soins TERRESTRES"},"content":{"rendered":"<p>La peau est un organe complexe qui prot\u00e8ge le corps, respire comme un 3\u00e8me poumon, \u00e9limine comme un 3\u00e8me rein.<\/p>\n<p>Le massage de la peau favorise la diffusion des nutriments, vitamines, min\u00e9raux, produits essentiels \u00e0 l&rsquo;\u00e9quilibre m\u00e9tabolique qu&rsquo;elle contient et dirige les d\u00e9chets vers leur lieu de retraitement.<\/p>\n<p>Le massage est en soi un traitement complet.<\/p>\n","protected":false},"excerpt":{"rendered":"<p>La peau est un organe complexe qui prot\u00e8ge le corps, respire comme un 3\u00e8me poumon, \u00e9limine comme un 3\u00e8me rein. Le massage de la peau favorise la diffusion des nutriments, vitamines, min\u00e9raux, produits essentiels \u00e0 l&rsquo;\u00e9quilibre m\u00e9tabolique qu&rsquo;elle contient et dirige les d\u00e9chets vers leur lieu de retraitement. Le massage est en soi un traitement [&hellip;]<\/p>\n","protected":false},"author":1,"featured_media":0,"parent":0,"menu_order":0,"comment_status":"closed","ping_status":"closed","template":"page-templates\/full-width.php","meta":{"footnotes":""},"categories":[],"tags":[],"class_list":["post-288","page","type-page","status-publish","hentry"],"_links":{"self":[{"href":"https:\/\/www.auborddeleau.brussels\/index.php\/wp-json\/wp\/v2\/pages\/288","targetHints":{"allow":["GET"]}}],"collection":[{"href":"https:\/\/www.auborddeleau.brussels\/index.php\/wp-json\/wp\/v2\/pages"}],"about":[{"href":"https:\/\/www.auborddeleau.brussels\/index.php\/wp-json\/wp\/v2\/types\/page"}],"author":[{"embeddable":true,"href":"https:\/\/www.auborddeleau.brussels\/index.php\/wp-json\/wp\/v2\/users\/1"}],"replies":[{"embeddable":true,"href":"https:\/\/www.auborddeleau.brussels\/index.php\/wp-json\/wp\/v2\/comments?post=288"}],"version-history":[{"count":14,"href":"https:\/\/www.auborddeleau.brussels\/index.php\/wp-json\/wp\/v2\/pages\/288\/revisions"}],"predecessor-version":[{"id":2539,"href":"https:\/\/www.auborddeleau.brussels\/index.php\/wp-json\/wp\/v2\/pages\/288\/revisions\/2539"}],"wp:attachment":[{"href":"https:\/\/www.auborddeleau.brussels\/index.php\/wp-json\/wp\/v2\/media?parent=288"}],"wp:term":[{"taxonomy":"category","embeddable":true,"href":"https:\/\/www.auborddeleau.brussels\/index.php\/wp-json\/wp\/v2\/categories?post=288"},{"taxonomy":"post_tag","embeddable":true,"href":"https:\/\/www.auborddeleau.brussels\/index.php\/wp-json\/wp\/v2\/tags?post=288"}],"curies":[{"name":"wp","href":"https:\/\/api.w.org\/{rel}","templated":true}]}}