{"id":302,"date":"2017-07-29T17:28:09","date_gmt":"2017-07-29T16:28:09","guid":{"rendered":"http:\/\/www.auborddeleau.brussels\/?page_id=302"},"modified":"2024-01-12T14:48:43","modified_gmt":"2024-01-12T13:48:43","slug":"partage-des-lieux","status":"publish","type":"page","link":"https:\/\/www.auborddeleau.brussels\/index.php\/partage-des-lieux\/","title":{"rendered":"Partage des lieux"},"content":{"rendered":"<p><strong>Au bord de l&rsquo;eau<\/strong> est un lieu qui se partage: un <a href=\"\/index.php\/calendrier-piscine\/\">bassin<\/a>, un <a href=\"\/index.php\/calendrier-cabinet\/\">cabinet de consultation<\/a>, une <a href=\"\/index.php\/calendrier-salle\/\">salle<\/a>.<\/p>\n<p>Que ce soit dans un cadre artistique ou th\u00e9rapeutique, les activit\u00e9s qui se d\u00e9roulent Au bord de l&rsquo;eau entre dans le cadre commun de bienveillance, de douceur et de calme afin que les 3 lieux puissent \u00eatre accueillant sans heurs.<\/p>\n<p>Les lieux se louent \u00e0 l&rsquo;heure, selon les disponibilit\u00e9s de l&rsquo;agenda<\/p>\n<p>ou par cr\u00e9neaux horaires : le matin de 9h00 \u00e0 13h00, l&rsquo;apr\u00e8s midi de 13h30 \u00e0 17h30,le soir de 18h00 \u00e0 21h00.<\/p>\n<p>Les tarifs\u00a0 sont soumis \u00e0 la TVA et sont index\u00e9s chaque ann\u00e9e ou soumis \u00e0 la fluctuation du cout de l&rsquo;\u00e9nergie . Pour les obtenir, contact watsu@auborddeleau.brussels<\/p>\n<p><strong>L<\/strong><strong>e cabinet<\/strong> du rez-de-chauss\u00e9e a 16m\u00b2, il contient une table de massage pliable, un \u00e9vier, deux fauteuils, quelques rangements<\/p>\n<p><a href=\"https:\/\/www.auborddeleau.brussels\/wp-content\/uploads\/2018\/12\/cab.jpg\"><img loading=\"lazy\" decoding=\"async\" class=\"alignnone size-large wp-image-925\" src=\"https:\/\/www.auborddeleau.brussels\/wp-content\/uploads\/2018\/12\/cab-1024x575.jpg\" alt=\"\" width=\"625\" height=\"351\" srcset=\"https:\/\/www.auborddeleau.brussels\/wp-content\/uploads\/2018\/12\/cab-1024x575.jpg 1024w, https:\/\/www.auborddeleau.brussels\/wp-content\/uploads\/2018\/12\/cab-300x168.jpg 300w, https:\/\/www.auborddeleau.brussels\/wp-content\/uploads\/2018\/12\/cab-768x431.jpg 768w, https:\/\/www.auborddeleau.brussels\/wp-content\/uploads\/2018\/12\/cab-624x350.jpg 624w\" sizes=\"auto, (max-width: 625px) 100vw, 625px\" \/><\/a><\/p>\n<p><strong>La salle<\/strong> du 1er \u00e9tage a 40 m\u00b2, avec kitchenette. Elle contient 10 coussins, deux matelas pour le massage au sol, une petite table et 4 chaises et un banc<\/p>\n<p><a href=\"https:\/\/www.auborddeleau.brussels\/wp-content\/uploads\/2018\/12\/Salle_.jpg\"><img loading=\"lazy\" decoding=\"async\" class=\"alignnone  wp-image-927\" src=\"https:\/\/www.auborddeleau.brussels\/wp-content\/uploads\/2018\/12\/Salle_.jpg\" alt=\"\" width=\"580\" height=\"435\" srcset=\"https:\/\/www.auborddeleau.brussels\/wp-content\/uploads\/2018\/12\/Salle_.jpg 816w, https:\/\/www.auborddeleau.brussels\/wp-content\/uploads\/2018\/12\/Salle_-300x225.jpg 300w, https:\/\/www.auborddeleau.brussels\/wp-content\/uploads\/2018\/12\/Salle_-768x576.jpg 768w, https:\/\/www.auborddeleau.brussels\/wp-content\/uploads\/2018\/12\/Salle_-624x468.jpg 624w\" sizes=\"auto, (max-width: 580px) 100vw, 580px\" \/><\/a><\/p>\n<p><strong>Le bassin<\/strong> mesure 5&#215;6 m\u00e8tres, 1.20 m\u00e8tre de profondeur. L&rsquo;eau est chauff\u00e9e \u00e0 34.6\u00b0.<\/p>\n<p><a href=\"https:\/\/www.auborddeleau.brussels\/wp-content\/uploads\/2022\/07\/bassin-paysage-scaled.jpg\"><img loading=\"lazy\" decoding=\"async\" class=\"alignnone size-large wp-image-2695\" src=\"https:\/\/www.auborddeleau.brussels\/wp-content\/uploads\/2022\/07\/bassin-paysage-1024x768.jpg\" alt=\"\" width=\"625\" height=\"469\" srcset=\"https:\/\/www.auborddeleau.brussels\/wp-content\/uploads\/2022\/07\/bassin-paysage-1024x768.jpg 1024w, https:\/\/www.auborddeleau.brussels\/wp-content\/uploads\/2022\/07\/bassin-paysage-300x225.jpg 300w, https:\/\/www.auborddeleau.brussels\/wp-content\/uploads\/2022\/07\/bassin-paysage-768x576.jpg 768w, https:\/\/www.auborddeleau.brussels\/wp-content\/uploads\/2022\/07\/bassin-paysage-1536x1152.jpg 1536w, https:\/\/www.auborddeleau.brussels\/wp-content\/uploads\/2022\/07\/bassin-paysage-2048x1536.jpg 2048w, https:\/\/www.auborddeleau.brussels\/wp-content\/uploads\/2022\/07\/bassin-paysage-624x468.jpg 624w\" sizes=\"auto, (max-width: 625px) 100vw, 625px\" \/><\/a><br \/>\nDeux douches, 2 vestiaires. Un vestiaire praticien et un vestiaire collectif en bas.<br \/>\nLes praticiens doivent \u00eatre porteur d&rsquo;un brevet de secourisme ou \u00eatre ma\u00eetre nageur*.<\/p>\n<div>* conform\u00e9ment \u00e0 la loi bruxelloise sur les piscines publiques<\/div>\n","protected":false},"excerpt":{"rendered":"<p>Au bord de l&rsquo;eau est un lieu qui se partage: un bassin, un cabinet de consultation, une salle. Que ce soit dans un cadre artistique ou th\u00e9rapeutique, les activit\u00e9s qui se d\u00e9roulent Au bord de l&rsquo;eau entre dans le cadre commun de bienveillance, de douceur et de calme afin que les 3 lieux puissent \u00eatre [&hellip;]<\/p>\n","protected":false},"author":1,"featured_media":0,"parent":0,"menu_order":0,"comment_status":"closed","ping_status":"closed","template":"page-templates\/full-width.php","meta":{"footnotes":""},"categories":[],"tags":[],"class_list":["post-302","page","type-page","status-publish","hentry"],"_links":{"self":[{"href":"https:\/\/www.auborddeleau.brussels\/index.php\/wp-json\/wp\/v2\/pages\/302","targetHints":{"allow":["GET"]}}],"collection":[{"href":"https:\/\/www.auborddeleau.brussels\/index.php\/wp-json\/wp\/v2\/pages"}],"about":[{"href":"https:\/\/www.auborddeleau.brussels\/index.php\/wp-json\/wp\/v2\/types\/page"}],"author":[{"embeddable":true,"href":"https:\/\/www.auborddeleau.brussels\/index.php\/wp-json\/wp\/v2\/users\/1"}],"replies":[{"embeddable":true,"href":"https:\/\/www.auborddeleau.brussels\/index.php\/wp-json\/wp\/v2\/comments?post=302"}],"version-history":[{"count":42,"href":"https:\/\/www.auborddeleau.brussels\/index.php\/wp-json\/wp\/v2\/pages\/302\/revisions"}],"predecessor-version":[{"id":3363,"href":"https:\/\/www.auborddeleau.brussels\/index.php\/wp-json\/wp\/v2\/pages\/302\/revisions\/3363"}],"wp:attachment":[{"href":"https:\/\/www.auborddeleau.brussels\/index.php\/wp-json\/wp\/v2\/media?parent=302"}],"wp:term":[{"taxonomy":"category","embeddable":true,"href":"https:\/\/www.auborddeleau.brussels\/index.php\/wp-json\/wp\/v2\/categories?post=302"},{"taxonomy":"post_tag","embeddable":true,"href":"https:\/\/www.auborddeleau.brussels\/index.php\/wp-json\/wp\/v2\/tags?post=302"}],"curies":[{"name":"wp","href":"https:\/\/api.w.org\/{rel}","templated":true}]}}