{"id":3073,"date":"2023-07-31T10:59:46","date_gmt":"2023-07-31T09:59:46","guid":{"rendered":"https:\/\/www.auborddeleau.brussels\/?page_id=3073"},"modified":"2023-07-31T10:59:46","modified_gmt":"2023-07-31T09:59:46","slug":"healing-dance","status":"publish","type":"page","link":"https:\/\/www.auborddeleau.brussels\/index.php\/healing-dance\/","title":{"rendered":"Healing dance"},"content":{"rendered":"\n<figure class=\"wp-block-image size-large\"><a href=\"https:\/\/www.auborddeleau.brussels\/wp-content\/uploads\/2023\/07\/HD2-01-scaled.jpg\"><img loading=\"lazy\" decoding=\"async\" width=\"1024\" height=\"585\" src=\"https:\/\/www.auborddeleau.brussels\/wp-content\/uploads\/2023\/07\/HD2-01-1024x585.jpg\" alt=\"\" class=\"wp-image-3075\" srcset=\"https:\/\/www.auborddeleau.brussels\/wp-content\/uploads\/2023\/07\/HD2-01-1024x585.jpg 1024w, https:\/\/www.auborddeleau.brussels\/wp-content\/uploads\/2023\/07\/HD2-01-300x171.jpg 300w, https:\/\/www.auborddeleau.brussels\/wp-content\/uploads\/2023\/07\/HD2-01-768x439.jpg 768w, https:\/\/www.auborddeleau.brussels\/wp-content\/uploads\/2023\/07\/HD2-01-1536x877.jpg 1536w, https:\/\/www.auborddeleau.brussels\/wp-content\/uploads\/2023\/07\/HD2-01-2048x1170.jpg 2048w, https:\/\/www.auborddeleau.brussels\/wp-content\/uploads\/2023\/07\/HD2-01-624x356.jpg 624w\" sizes=\"auto, (max-width: 1024px) 100vw, 1024px\" \/><\/a><\/figure>\n\n\n\n<p>Alexander George, chor\u00e9graphe et ancien danseur de ballet, rencontre Harold Dull au d\u00e9but des ann\u00e9es 1990. Il \u00e9tudie et exp\u00e9rimente d\u2019abord le Watsu puis un peu plus tard la Waterdance aupr\u00e8s d\u2019Arjana.<br>Son exp\u00e9rience de la danse associ\u00e9e \u00e0 ses ann\u00e9es de travail et de recherche \u00e0 Harbin dans le domaine du travail corporel aquatique l\u2019am\u00e8ne \u00e0 int\u00e9grer cet ensemble dans une nouvelle et magnifique forme qu\u2019il nomme Healing Dance.<\/p>\n\n\n\n<figure class=\"wp-block-image size-large\"><a href=\"https:\/\/www.auborddeleau.brussels\/wp-content\/uploads\/2023\/07\/HD2-02-scaled.jpg\"><img loading=\"lazy\" decoding=\"async\" width=\"1024\" height=\"763\" src=\"https:\/\/www.auborddeleau.brussels\/wp-content\/uploads\/2023\/07\/HD2-02-1024x763.jpg\" alt=\"\" class=\"wp-image-3077\" srcset=\"https:\/\/www.auborddeleau.brussels\/wp-content\/uploads\/2023\/07\/HD2-02-1024x763.jpg 1024w, https:\/\/www.auborddeleau.brussels\/wp-content\/uploads\/2023\/07\/HD2-02-300x224.jpg 300w, https:\/\/www.auborddeleau.brussels\/wp-content\/uploads\/2023\/07\/HD2-02-768x572.jpg 768w, https:\/\/www.auborddeleau.brussels\/wp-content\/uploads\/2023\/07\/HD2-02-1536x1144.jpg 1536w, https:\/\/www.auborddeleau.brussels\/wp-content\/uploads\/2023\/07\/HD2-02-2048x1526.jpg 2048w, https:\/\/www.auborddeleau.brussels\/wp-content\/uploads\/2023\/07\/HD2-02-624x465.jpg 624w\" sizes=\"auto, (max-width: 1024px) 100vw, 1024px\" \/><\/a><\/figure>\n\n\n\n<p>La Healing Dance est une magnifique technique aquatique et d\u00e9velopp\u00e9e par Alexander George \u00e0 partir de 1993. Elle a plusieurs aspects, tous bas\u00e9s sur le pouvoir de gu\u00e9rison du mouvement.<\/p>\n\n\n\n<p>Le mouvement est compris comme le fil conducteur du soin et est soigneusement dos\u00e9. Le praticien \u00abdanse\u00bb le receveur qui a une exp\u00e9rience de gr\u00e2ce et de beaut\u00e9, le conduisant parfois \u00e0 des lib\u00e9rations \u00e9motionnelles tr\u00e8s profondes. Il \u00e9tablit un champ rythmique au d\u00e9but de la s\u00e9ance par son souffle, ses mouvements et son \u00e9tat d\u2019esprit. Il recherche le rythme de la conscience \u2026 Le praticien en \u00e9tablissant une connexion empathique avec le receveur sera en mesure de refl\u00e9ter toute impulsion cin\u00e9tique naissante. La danse de gu\u00e9rison pourrait \u00eatre comprise comme une musique silencieuse, faite d\u2019impulsions rythmiques, de pression, de toucher et de mouvements jou\u00e9s sur les propriocepteurs du corps.<\/p>\n\n\n\n<p>A cette danse se m\u00eale des temps de pause, dans des sanctuaires positionnels calmes qui permettre l\u2019int\u00e9gration des effets\u2026 La Healing Dance se pratique en surface comme sous l\u2019eau. Le receveur pourra \u00e0 chaque instant ressentir les r\u00e9verb\u00e9rations psychologiques du mouvement dans son \u00eatre. Ainsi, la gu\u00e9rison vient de l\u2019int\u00e9rieur.<\/p>\n","protected":false},"excerpt":{"rendered":"<p>Alexander George, chor\u00e9graphe et ancien danseur de ballet, rencontre Harold Dull au d\u00e9but des ann\u00e9es 1990. Il \u00e9tudie et exp\u00e9rimente d\u2019abord le Watsu puis un peu plus tard la Waterdance aupr\u00e8s d\u2019Arjana.Son exp\u00e9rience de la danse associ\u00e9e \u00e0 ses ann\u00e9es de travail et de recherche \u00e0 Harbin dans le domaine du travail corporel aquatique l\u2019am\u00e8ne [&hellip;]<\/p>\n","protected":false},"author":1,"featured_media":0,"parent":0,"menu_order":0,"comment_status":"closed","ping_status":"closed","template":"","meta":{"footnotes":""},"categories":[],"tags":[],"class_list":["post-3073","page","type-page","status-publish","hentry"],"_links":{"self":[{"href":"https:\/\/www.auborddeleau.brussels\/index.php\/wp-json\/wp\/v2\/pages\/3073","targetHints":{"allow":["GET"]}}],"collection":[{"href":"https:\/\/www.auborddeleau.brussels\/index.php\/wp-json\/wp\/v2\/pages"}],"about":[{"href":"https:\/\/www.auborddeleau.brussels\/index.php\/wp-json\/wp\/v2\/types\/page"}],"author":[{"embeddable":true,"href":"https:\/\/www.auborddeleau.brussels\/index.php\/wp-json\/wp\/v2\/users\/1"}],"replies":[{"embeddable":true,"href":"https:\/\/www.auborddeleau.brussels\/index.php\/wp-json\/wp\/v2\/comments?post=3073"}],"version-history":[{"count":1,"href":"https:\/\/www.auborddeleau.brussels\/index.php\/wp-json\/wp\/v2\/pages\/3073\/revisions"}],"predecessor-version":[{"id":3079,"href":"https:\/\/www.auborddeleau.brussels\/index.php\/wp-json\/wp\/v2\/pages\/3073\/revisions\/3079"}],"wp:attachment":[{"href":"https:\/\/www.auborddeleau.brussels\/index.php\/wp-json\/wp\/v2\/media?parent=3073"}],"wp:term":[{"taxonomy":"category","embeddable":true,"href":"https:\/\/www.auborddeleau.brussels\/index.php\/wp-json\/wp\/v2\/categories?post=3073"},{"taxonomy":"post_tag","embeddable":true,"href":"https:\/\/www.auborddeleau.brussels\/index.php\/wp-json\/wp\/v2\/tags?post=3073"}],"curies":[{"name":"wp","href":"https:\/\/api.w.org\/{rel}","templated":true}]}}