{"id":3187,"date":"2023-11-04T17:09:14","date_gmt":"2023-11-04T16:09:14","guid":{"rendered":"https:\/\/www.auborddeleau.brussels\/?page_id=3187"},"modified":"2026-04-09T15:06:22","modified_gmt":"2026-04-09T14:06:22","slug":"bebe-nageur","status":"publish","type":"page","link":"https:\/\/www.auborddeleau.brussels\/index.php\/bebe-nageur\/","title":{"rendered":"B\u00e9b\u00e9 nageur"},"content":{"rendered":"\n<figure class=\"wp-block-image size-full is-resized\"><a href=\"https:\/\/www.auborddeleau.brussels\/wp-content\/uploads\/2025\/11\/BB-nageur-1.jpg\"><img loading=\"lazy\" decoding=\"async\" width=\"432\" height=\"631\" src=\"https:\/\/www.auborddeleau.brussels\/wp-content\/uploads\/2025\/11\/BB-nageur-1.jpg\" alt=\"\" class=\"wp-image-4295\" style=\"width:622px;height:908px\" srcset=\"https:\/\/www.auborddeleau.brussels\/wp-content\/uploads\/2025\/11\/BB-nageur-1.jpg 432w, https:\/\/www.auborddeleau.brussels\/wp-content\/uploads\/2025\/11\/BB-nageur-1-205x300.jpg 205w\" sizes=\"auto, (max-width: 432px) 100vw, 432px\" \/><\/a><\/figure>\n\n\n\n<p>Pour les enfants de 3 \u00e0 36 mois<\/p>\n\n\n\n<p><strong>TARIF :<\/strong><br>30\u20ac la s\u00e9ance collective de 1\/2 heure<br>Pour 2 enfants d\u2019une m\u00eame famille 45\u20ac<br>Abonnement de 4 s\u00e9ances : 100\u20ac valable 6 mois<br>Pour 2 enfants de la m\u00eame famille 150\u20ac<\/p>\n\n\n\n<p>Maximum 4-5 familles ensemble<br>S\u00e9ance individuelle : 45\u20ac la s\u00e9ance<br>S\u00e9ance deux familles : 75\u20ac la s\u00e9ance<\/p>\n\n\n\n<p>Confirmation de l\u2019inscription : 30\u20ac (non remboursables)<\/p>\n\n\n\n<p>Confirmation de l\u2019Abonnement : 60\u20ac, solde de 40\u20ac \u00e0 payer avant la 3\u00e8me s\u00e9ance<\/p>\n\n\n\n<p><\/p>\n\n\n\n<p><strong>QUAND<\/strong> : <\/p>\n\n\n\n<p><strong>Avec Dominique<\/strong>, form\u00e9e en Watsu, Aquasoma et Heailing dance et en accompagnement pr\u00e9natal aquatique et accompagnement des b\u00e9b\u00e9s avec  Oph\u00e9lie Goffart et en b\u00e9b\u00e9 nageur avec Christophe Bastin<\/p>\n\n\n\n<p><strong><strong>Inscription<\/strong> <a href=\"mailto:watsu@auborddeleau.brussels\">watsu@auborddeleau.brussels<\/a><\/strong><\/p>\n\n\n\n<p>A confirmer avec versement sur le compte de Belgian Graphic Interface BE88 0682 3023 0941<\/p>\n\n\n\n<p>le samedi : 3 sessions \u00e0 9h00, 9h30 et 10h00<br>le dimanche : 2 sessions 9h00 et 9h30<\/p>\n\n\n\n<p>les 4 et 5 avril, 18 avril, 23 et 24 mai, 13 et 14 juin, 18 juillet, 22 aout<br>les 5 et 6 septembre, 26 et 27 septembre, 10 et 11 octobre, 7 et 8 novembre, 28 et 29 novembre, 19 et 20 d\u00e9cembre<\/p>\n\n\n\n<p><strong>Avec Charlotte<\/strong>, form\u00e9e en Watsu et en b\u00e9b\u00e9 nageur avec Christophe Bastin, Professeur de yoga Pr\u00e9natal, Maman b\u00e9b\u00e9 et Yoga enfants<\/p>\n\n\n\n<p><strong>Inscription<\/strong> https:\/\/<a href=\"https:\/\/ukiyo-by-cha.reservio.com\/booking\">ukiyo-by-cha.reservio.com\/boocking<\/a><br>29 novembre, 13 d\u00e9cembre, 17 janvier, 14 f\u00e9vrier, 14 mars, 11 avril, 09 mai, 06 juin<\/p>\n\n\n\n<p><\/p>\n","protected":false},"excerpt":{"rendered":"<p>Pour les enfants de 3 \u00e0 36 mois TARIF :30\u20ac la s\u00e9ance collective de 1\/2 heurePour 2 enfants d\u2019une m\u00eame famille 45\u20acAbonnement de 4 s\u00e9ances : 100\u20ac valable 6 moisPour 2 enfants de la m\u00eame famille 150\u20ac Maximum 4-5 familles ensembleS\u00e9ance individuelle : 45\u20ac la s\u00e9anceS\u00e9ance deux familles : 75\u20ac la s\u00e9ance Confirmation de l\u2019inscription [&hellip;]<\/p>\n","protected":false},"author":1,"featured_media":0,"parent":0,"menu_order":0,"comment_status":"closed","ping_status":"closed","template":"page-templates\/full-width.php","meta":{"footnotes":""},"categories":[],"tags":[],"class_list":["post-3187","page","type-page","status-publish","hentry"],"_links":{"self":[{"href":"https:\/\/www.auborddeleau.brussels\/index.php\/wp-json\/wp\/v2\/pages\/3187","targetHints":{"allow":["GET"]}}],"collection":[{"href":"https:\/\/www.auborddeleau.brussels\/index.php\/wp-json\/wp\/v2\/pages"}],"about":[{"href":"https:\/\/www.auborddeleau.brussels\/index.php\/wp-json\/wp\/v2\/types\/page"}],"author":[{"embeddable":true,"href":"https:\/\/www.auborddeleau.brussels\/index.php\/wp-json\/wp\/v2\/users\/1"}],"replies":[{"embeddable":true,"href":"https:\/\/www.auborddeleau.brussels\/index.php\/wp-json\/wp\/v2\/comments?post=3187"}],"version-history":[{"count":55,"href":"https:\/\/www.auborddeleau.brussels\/index.php\/wp-json\/wp\/v2\/pages\/3187\/revisions"}],"predecessor-version":[{"id":4665,"href":"https:\/\/www.auborddeleau.brussels\/index.php\/wp-json\/wp\/v2\/pages\/3187\/revisions\/4665"}],"wp:attachment":[{"href":"https:\/\/www.auborddeleau.brussels\/index.php\/wp-json\/wp\/v2\/media?parent=3187"}],"wp:term":[{"taxonomy":"category","embeddable":true,"href":"https:\/\/www.auborddeleau.brussels\/index.php\/wp-json\/wp\/v2\/categories?post=3187"},{"taxonomy":"post_tag","embeddable":true,"href":"https:\/\/www.auborddeleau.brussels\/index.php\/wp-json\/wp\/v2\/tags?post=3187"}],"curies":[{"name":"wp","href":"https:\/\/api.w.org\/{rel}","templated":true}]}}