{"id":3339,"date":"2024-01-06T14:19:32","date_gmt":"2024-01-06T13:19:32","guid":{"rendered":"https:\/\/www.auborddeleau.brussels\/?page_id=3339"},"modified":"2024-01-06T14:19:32","modified_gmt":"2024-01-06T13:19:32","slug":"rebozo-2","status":"publish","type":"page","link":"https:\/\/www.auborddeleau.brussels\/index.php\/rebozo-2\/","title":{"rendered":"Rebozo"},"content":{"rendered":"\n<p>Le rebozo est un tissus mexicain qui sert \u00e0 tout<\/p>\n\n\n\n<p>Ici, le massage au rebozo fait un travail fantastique sur nos fascias. Le tissus \u00e9pouse parfaitement le corps, chaque fibre peut \u00eatre tendue, la traction et le rel\u00e2chement extra lent du tissus d\u00e9tend de mani\u00e8re profonde les fascias. On sent vraiment le corps de poser, se d\u00e9poser, se reposer.<\/p>\n\n\n\n<figure class=\"wp-block-image size-large\"><a href=\"https:\/\/www.auborddeleau.brussels\/wp-content\/uploads\/2024\/01\/IMG_20231123_105129.jpg\"><img loading=\"lazy\" decoding=\"async\" width=\"1024\" height=\"452\" src=\"https:\/\/www.auborddeleau.brussels\/wp-content\/uploads\/2024\/01\/IMG_20231123_105129-1024x452.jpg\" alt=\"\" class=\"wp-image-3341\" srcset=\"https:\/\/www.auborddeleau.brussels\/wp-content\/uploads\/2024\/01\/IMG_20231123_105129-1024x452.jpg 1024w, https:\/\/www.auborddeleau.brussels\/wp-content\/uploads\/2024\/01\/IMG_20231123_105129-300x132.jpg 300w, https:\/\/www.auborddeleau.brussels\/wp-content\/uploads\/2024\/01\/IMG_20231123_105129-768x339.jpg 768w, https:\/\/www.auborddeleau.brussels\/wp-content\/uploads\/2024\/01\/IMG_20231123_105129-624x275.jpg 624w, https:\/\/www.auborddeleau.brussels\/wp-content\/uploads\/2024\/01\/IMG_20231123_105129.jpg 1206w\" sizes=\"auto, (max-width: 1024px) 100vw, 1024px\" \/><\/a><\/figure>\n\n\n\n<p>Le rebozo travaille sur la conscience corporelle. Les \u00e9changes sont essentiels pendant la s\u00e9ance.<\/p>\n\n\n\n<p>S\u00e9ance de 1h00, 60\u20ac<\/p>\n\n\n\n<p>Dominique 0473 70 90 97 &#8211; watsu@auborddeleau.brussels<\/p>\n","protected":false},"excerpt":{"rendered":"<p>Le rebozo est un tissus mexicain qui sert \u00e0 tout Ici, le massage au rebozo fait un travail fantastique sur nos fascias. Le tissus \u00e9pouse parfaitement le corps, chaque fibre peut \u00eatre tendue, la traction et le rel\u00e2chement extra lent du tissus d\u00e9tend de mani\u00e8re profonde les fascias. On sent vraiment le corps de poser, [&hellip;]<\/p>\n","protected":false},"author":1,"featured_media":0,"parent":0,"menu_order":0,"comment_status":"closed","ping_status":"closed","template":"","meta":{"footnotes":""},"categories":[],"tags":[],"class_list":["post-3339","page","type-page","status-publish","hentry"],"_links":{"self":[{"href":"https:\/\/www.auborddeleau.brussels\/index.php\/wp-json\/wp\/v2\/pages\/3339","targetHints":{"allow":["GET"]}}],"collection":[{"href":"https:\/\/www.auborddeleau.brussels\/index.php\/wp-json\/wp\/v2\/pages"}],"about":[{"href":"https:\/\/www.auborddeleau.brussels\/index.php\/wp-json\/wp\/v2\/types\/page"}],"author":[{"embeddable":true,"href":"https:\/\/www.auborddeleau.brussels\/index.php\/wp-json\/wp\/v2\/users\/1"}],"replies":[{"embeddable":true,"href":"https:\/\/www.auborddeleau.brussels\/index.php\/wp-json\/wp\/v2\/comments?post=3339"}],"version-history":[{"count":1,"href":"https:\/\/www.auborddeleau.brussels\/index.php\/wp-json\/wp\/v2\/pages\/3339\/revisions"}],"predecessor-version":[{"id":3343,"href":"https:\/\/www.auborddeleau.brussels\/index.php\/wp-json\/wp\/v2\/pages\/3339\/revisions\/3343"}],"wp:attachment":[{"href":"https:\/\/www.auborddeleau.brussels\/index.php\/wp-json\/wp\/v2\/media?parent=3339"}],"wp:term":[{"taxonomy":"category","embeddable":true,"href":"https:\/\/www.auborddeleau.brussels\/index.php\/wp-json\/wp\/v2\/categories?post=3339"},{"taxonomy":"post_tag","embeddable":true,"href":"https:\/\/www.auborddeleau.brussels\/index.php\/wp-json\/wp\/v2\/tags?post=3339"}],"curies":[{"name":"wp","href":"https:\/\/api.w.org\/{rel}","templated":true}]}}