{"id":3413,"date":"2024-02-08T17:09:23","date_gmt":"2024-02-08T16:09:23","guid":{"rendered":"https:\/\/www.auborddeleau.brussels\/?page_id=3413"},"modified":"2024-02-08T17:09:23","modified_gmt":"2024-02-08T16:09:23","slug":"biodanza","status":"publish","type":"page","link":"https:\/\/www.auborddeleau.brussels\/index.php\/biodanza\/","title":{"rendered":"Biodanza"},"content":{"rendered":"\n<p>La Biodanza aquatique, en immersion dans l&rsquo;eau chaude \u00e0 temp\u00e9rature corporelle, permet de reproduire les sensations proches de l&rsquo;\u00e9tat ut\u00e9rin. Un changement de perception du monde permet une r\u00e9g\u00e9n\u00e9ration organique et psychique.<\/p>\n\n\n\n<p>Le choix de musiques appropri\u00e9es rajoute une dimension particuli\u00e8re \u00e0 l&rsquo;exp\u00e9rience.<\/p>\n\n\n\n<p>Une pratique r\u00e9guli\u00e8re de Biodanza est recommand\u00e9e pour d\u00e9couvrir cette sp\u00e9cialisation unique. <\/p>\n\n\n\n<p><\/p>\n\n\n\n<p>Prix de la s\u00e9ance : 30\u20ac pour une mini s\u00e9ance d&rsquo;int\u00e9gration au sol puis 1h00 dans l&rsquo;eau chaude<\/p>\n\n\n\n<p>R\u00e9servation : paule.heinemann@mac.com<\/p>\n","protected":false},"excerpt":{"rendered":"<p>La Biodanza aquatique, en immersion dans l&rsquo;eau chaude \u00e0 temp\u00e9rature corporelle, permet de reproduire les sensations proches de l&rsquo;\u00e9tat ut\u00e9rin. Un changement de perception du monde permet une r\u00e9g\u00e9n\u00e9ration organique et psychique. Le choix de musiques appropri\u00e9es rajoute une dimension particuli\u00e8re \u00e0 l&rsquo;exp\u00e9rience. Une pratique r\u00e9guli\u00e8re de Biodanza est recommand\u00e9e pour d\u00e9couvrir cette sp\u00e9cialisation unique. [&hellip;]<\/p>\n","protected":false},"author":1,"featured_media":0,"parent":0,"menu_order":0,"comment_status":"closed","ping_status":"closed","template":"","meta":{"footnotes":""},"categories":[],"tags":[],"class_list":["post-3413","page","type-page","status-publish","hentry"],"_links":{"self":[{"href":"https:\/\/www.auborddeleau.brussels\/index.php\/wp-json\/wp\/v2\/pages\/3413","targetHints":{"allow":["GET"]}}],"collection":[{"href":"https:\/\/www.auborddeleau.brussels\/index.php\/wp-json\/wp\/v2\/pages"}],"about":[{"href":"https:\/\/www.auborddeleau.brussels\/index.php\/wp-json\/wp\/v2\/types\/page"}],"author":[{"embeddable":true,"href":"https:\/\/www.auborddeleau.brussels\/index.php\/wp-json\/wp\/v2\/users\/1"}],"replies":[{"embeddable":true,"href":"https:\/\/www.auborddeleau.brussels\/index.php\/wp-json\/wp\/v2\/comments?post=3413"}],"version-history":[{"count":2,"href":"https:\/\/www.auborddeleau.brussels\/index.php\/wp-json\/wp\/v2\/pages\/3413\/revisions"}],"predecessor-version":[{"id":3417,"href":"https:\/\/www.auborddeleau.brussels\/index.php\/wp-json\/wp\/v2\/pages\/3413\/revisions\/3417"}],"wp:attachment":[{"href":"https:\/\/www.auborddeleau.brussels\/index.php\/wp-json\/wp\/v2\/media?parent=3413"}],"wp:term":[{"taxonomy":"category","embeddable":true,"href":"https:\/\/www.auborddeleau.brussels\/index.php\/wp-json\/wp\/v2\/categories?post=3413"},{"taxonomy":"post_tag","embeddable":true,"href":"https:\/\/www.auborddeleau.brussels\/index.php\/wp-json\/wp\/v2\/tags?post=3413"}],"curies":[{"name":"wp","href":"https:\/\/api.w.org\/{rel}","templated":true}]}}