{"id":3673,"date":"2024-06-13T13:38:50","date_gmt":"2024-06-13T12:38:50","guid":{"rendered":"https:\/\/www.auborddeleau.brussels\/?page_id=3673"},"modified":"2025-10-26T07:10:50","modified_gmt":"2025-10-26T06:10:50","slug":"yoga-prenatal","status":"publish","type":"page","link":"https:\/\/www.auborddeleau.brussels\/index.php\/yoga-prenatal\/","title":{"rendered":"Yoga pr\u00e9natal"},"content":{"rendered":"\n<p>La pratique du Yoga durant la grossesse aide \u00e0 un bon \u00e9quilibre mental, physique, \u00e9motionnel et spirituel durant cette p\u00e9riode de changement permanent.<\/p>\n\n\n\n<p>Le Yoga Pr\u00e9natal est un accompagnement corps et esprit \u00e0 partir des 3 mois de la grossesse.<\/p>\n\n\n\n<p>Postures adapt\u00e9es \u00e0 la grossesse pour pr\u00e9parer le corps de la future maman \u00e0 l\u2019accouchement, soulager les tensions li\u00e9es \u00e0 la grossesse, maintenir la flexibilit\u00e9, la tonicit\u00e9 et la force musculaire.<\/p>\n\n\n\n<p>Permet de cr\u00e9er du lien avec b\u00e9b\u00e9, favoriser la d\u00e9tente, r\u00e9duire le stress, l&rsquo;anxi\u00e9t\u00e9, am\u00e9liorer la posture, la circulation de l\u2019\u00e9nergie et aider \u00e0 respirer pleinement. Permet d\u2019\u00e9veiller, de nous connecter \u00e0 notre intuition.<\/p>\n\n\n\n<p>Le yoga Postnatal aide le corps et l\u2019esprit \u00e0 mieux g\u00e9rer les challenges \u00e9motionnels de cette p\u00e9riode de grande transition de devenir maman.<\/p>\n\n\n\n<p>Permet de se reconnecter \u00e0 son corps et \u00e0 ses \u00e9motions.<\/p>\n\n\n\n<p>Demander l&rsquo;avis de votre m\u00e9decin, gyn\u00e9cologue ou sage femme, si vous avez le moindre doute par rapport \u00e0 votre \u00e9tat de sant\u00e9 pour suivre ce cours.<\/p>\n\n\n\n<p>Si vous souhaitez vous inscrire\u00a0vous pouvez me contacter par t\u00e9l\u00e9phone 0472\/ 935 110 ou par mail <a rel=\"noreferrer noopener\" href=\"mailto:ukiyo.by.cha@gmail.com\" target=\"_blank\">ukiyo.by.cha@gmail.com<\/a><\/p>\n","protected":false},"excerpt":{"rendered":"<p>La pratique du Yoga durant la grossesse aide \u00e0 un bon \u00e9quilibre mental, physique, \u00e9motionnel et spirituel durant cette p\u00e9riode de changement permanent. Le Yoga Pr\u00e9natal est un accompagnement corps et esprit \u00e0 partir des 3 mois de la grossesse. Postures adapt\u00e9es \u00e0 la grossesse pour pr\u00e9parer le corps de la future maman \u00e0 l\u2019accouchement, [&hellip;]<\/p>\n","protected":false},"author":1,"featured_media":0,"parent":0,"menu_order":0,"comment_status":"closed","ping_status":"closed","template":"page-templates\/full-width.php","meta":{"footnotes":""},"categories":[],"tags":[],"class_list":["post-3673","page","type-page","status-publish","hentry"],"_links":{"self":[{"href":"https:\/\/www.auborddeleau.brussels\/index.php\/wp-json\/wp\/v2\/pages\/3673","targetHints":{"allow":["GET"]}}],"collection":[{"href":"https:\/\/www.auborddeleau.brussels\/index.php\/wp-json\/wp\/v2\/pages"}],"about":[{"href":"https:\/\/www.auborddeleau.brussels\/index.php\/wp-json\/wp\/v2\/types\/page"}],"author":[{"embeddable":true,"href":"https:\/\/www.auborddeleau.brussels\/index.php\/wp-json\/wp\/v2\/users\/1"}],"replies":[{"embeddable":true,"href":"https:\/\/www.auborddeleau.brussels\/index.php\/wp-json\/wp\/v2\/comments?post=3673"}],"version-history":[{"count":3,"href":"https:\/\/www.auborddeleau.brussels\/index.php\/wp-json\/wp\/v2\/pages\/3673\/revisions"}],"predecessor-version":[{"id":4283,"href":"https:\/\/www.auborddeleau.brussels\/index.php\/wp-json\/wp\/v2\/pages\/3673\/revisions\/4283"}],"wp:attachment":[{"href":"https:\/\/www.auborddeleau.brussels\/index.php\/wp-json\/wp\/v2\/media?parent=3673"}],"wp:term":[{"taxonomy":"category","embeddable":true,"href":"https:\/\/www.auborddeleau.brussels\/index.php\/wp-json\/wp\/v2\/categories?post=3673"},{"taxonomy":"post_tag","embeddable":true,"href":"https:\/\/www.auborddeleau.brussels\/index.php\/wp-json\/wp\/v2\/tags?post=3673"}],"curies":[{"name":"wp","href":"https:\/\/api.w.org\/{rel}","templated":true}]}}