{"id":3705,"date":"2024-06-13T13:54:00","date_gmt":"2024-06-13T12:54:00","guid":{"rendered":"https:\/\/www.auborddeleau.brussels\/?page_id=3705"},"modified":"2025-10-26T07:09:13","modified_gmt":"2025-10-26T06:09:13","slug":"relaxation-aquatique-et-sonore","status":"publish","type":"page","link":"https:\/\/www.auborddeleau.brussels\/index.php\/relaxation-aquatique-et-sonore\/","title":{"rendered":"Relaxation aquatique et sonore"},"content":{"rendered":"\n<p>Vivez une profonde d\u00e9tente mentale et corporelle soutenue et berc\u00e9e par l&rsquo;eau chaude et par les sons des bols tib\u00e9tains. Cette s\u00e9ance est pratiqu\u00e9e dans le bassin d\u2019eau chaude (34,5\u00b0). <\/p>\n\n\n\n<p>Nous d\u00e9buterons la relaxation aquatique en prenant un temps d\u2019\u00e9change avant de d\u00e9buter la s\u00e9ance. Ensuite, je vous invite \u00e0 partir en flottaison \u00e0 l&rsquo;aide de petits flotteurs sous les jambes et la t\u00eate. <\/p>\n\n\n\n<p>A la fin de la s\u00e9ance, vous reprendrez doucement contact avec le monde terrestre.<\/p>\n\n\n\n<p>Si vous souhaitez vous inscrire vous pouvez me contacter par t\u00e9l\u00e9phone 0472\/ 935 110 ou par mail <a rel=\"noreferrer noopener\" href=\"mailto:ukiyo.by.cha@gmail.com\" target=\"_blank\">ukiyo.by.cha@gmail.com<\/a><\/p>\n\n\n\n<p><\/p>\n\n\n\n<p><a rel=\"noreferrer noopener\" href=\"https:\/\/ukiyo-by-cha.reservio.com\/\" target=\"_blank\">\/<\/a><\/p>\n","protected":false},"excerpt":{"rendered":"<p>Vivez une profonde d\u00e9tente mentale et corporelle soutenue et berc\u00e9e par l&rsquo;eau chaude et par les sons des bols tib\u00e9tains. Cette s\u00e9ance est pratiqu\u00e9e dans le bassin d\u2019eau chaude (34,5\u00b0). Nous d\u00e9buterons la relaxation aquatique en prenant un temps d\u2019\u00e9change avant de d\u00e9buter la s\u00e9ance. Ensuite, je vous invite \u00e0 partir en flottaison \u00e0 l&rsquo;aide [&hellip;]<\/p>\n","protected":false},"author":1,"featured_media":0,"parent":0,"menu_order":0,"comment_status":"closed","ping_status":"closed","template":"page-templates\/full-width.php","meta":{"footnotes":""},"categories":[],"tags":[],"class_list":["post-3705","page","type-page","status-publish","hentry"],"_links":{"self":[{"href":"https:\/\/www.auborddeleau.brussels\/index.php\/wp-json\/wp\/v2\/pages\/3705","targetHints":{"allow":["GET"]}}],"collection":[{"href":"https:\/\/www.auborddeleau.brussels\/index.php\/wp-json\/wp\/v2\/pages"}],"about":[{"href":"https:\/\/www.auborddeleau.brussels\/index.php\/wp-json\/wp\/v2\/types\/page"}],"author":[{"embeddable":true,"href":"https:\/\/www.auborddeleau.brussels\/index.php\/wp-json\/wp\/v2\/users\/1"}],"replies":[{"embeddable":true,"href":"https:\/\/www.auborddeleau.brussels\/index.php\/wp-json\/wp\/v2\/comments?post=3705"}],"version-history":[{"count":3,"href":"https:\/\/www.auborddeleau.brussels\/index.php\/wp-json\/wp\/v2\/pages\/3705\/revisions"}],"predecessor-version":[{"id":4277,"href":"https:\/\/www.auborddeleau.brussels\/index.php\/wp-json\/wp\/v2\/pages\/3705\/revisions\/4277"}],"wp:attachment":[{"href":"https:\/\/www.auborddeleau.brussels\/index.php\/wp-json\/wp\/v2\/media?parent=3705"}],"wp:term":[{"taxonomy":"category","embeddable":true,"href":"https:\/\/www.auborddeleau.brussels\/index.php\/wp-json\/wp\/v2\/categories?post=3705"},{"taxonomy":"post_tag","embeddable":true,"href":"https:\/\/www.auborddeleau.brussels\/index.php\/wp-json\/wp\/v2\/tags?post=3705"}],"curies":[{"name":"wp","href":"https:\/\/api.w.org\/{rel}","templated":true}]}}