{"id":384,"date":"2017-07-30T15:39:45","date_gmt":"2017-07-30T14:39:45","guid":{"rendered":"http:\/\/www.auborddeleau.brussels\/?page_id=384"},"modified":"2022-03-11T11:54:28","modified_gmt":"2022-03-11T10:54:28","slug":"massage-californien","status":"publish","type":"page","link":"https:\/\/www.auborddeleau.brussels\/index.php\/massage-californien\/","title":{"rendered":"MASSAGE CALIFORNIEN &#8211; Dominique Dosogne"},"content":{"rendered":"<p><a href=\"https:\/\/www.auborddeleau.brussels\/wp-content\/uploads\/2020\/06\/emprunte.jpg\"><img loading=\"lazy\" decoding=\"async\" class=\"alignnone  wp-image-1497\" src=\"https:\/\/www.auborddeleau.brussels\/wp-content\/uploads\/2020\/06\/emprunte-1024x672.jpg\" alt=\"\" width=\"333\" height=\"219\" srcset=\"https:\/\/www.auborddeleau.brussels\/wp-content\/uploads\/2020\/06\/emprunte-1024x672.jpg 1024w, https:\/\/www.auborddeleau.brussels\/wp-content\/uploads\/2020\/06\/emprunte-300x197.jpg 300w, https:\/\/www.auborddeleau.brussels\/wp-content\/uploads\/2020\/06\/emprunte-768x504.jpg 768w, https:\/\/www.auborddeleau.brussels\/wp-content\/uploads\/2020\/06\/emprunte-1536x1008.jpg 1536w, https:\/\/www.auborddeleau.brussels\/wp-content\/uploads\/2020\/06\/emprunte-624x410.jpg 624w, https:\/\/www.auborddeleau.brussels\/wp-content\/uploads\/2020\/06\/emprunte.jpg 1746w\" sizes=\"auto, (max-width: 333px) 100vw, 333px\" \/><\/a><\/p>\n<p>Le massage californien est un massage \u00e0 l\u2019huile, doux, se caract\u00e9risant par des longs mouvements amples, enveloppant, harmonieux et globalisant. L&rsquo;attention est donn\u00e9e de revenir \u00e0 la globalit\u00e9 du corps.<\/p>\n<p>Il am\u00e8ne dans une d\u00e9tente parfaite, \u00e9vacue le stress et la fatigue, les \u00e9tats d\u2019\u00e2me comme l\u2019angoisse ou la tristesse. Il stimule la peau et les muscles et agit sur la circulation veineuse et lymphatique.<\/p>\n<p>Il am\u00e9liore de ce fait l\u2019\u00e9tat g\u00e9n\u00e9ral de la personne mass\u00e9e. Gr\u00e2ce \u00e0 la lib\u00e9ration d\u2019ocytocine, il m\u00e8ne au bien-\u00eatre, \u00e0 l\u2019apaisement, au calme et la s\u00e9r\u00e9nit\u00e9.<\/p>\n<p>Le massage californien se pratique sur table et couvre tout le corps, hormis la r\u00e9gion sexuelle.<\/p>\n<p>Le massage californien s\u2019est d\u00e9velopp\u00e9 dans les ann\u00e9es 70 au&nbsp;centre d\u2019\u00e9ducation new age, Ensalen \u00e0 Big Sur, Californie.<\/p>\n<p>Dominique 0473 70 90 97<\/p>\n<p>Tarif : 60\u20ac la s\u00e9ance de 1h00. Pr\u00e9voir 1h15.<\/p>\n<p><strong>Qui suis-je?<\/strong><\/p>\n<p>En parall\u00e8le \u00e0 mon m\u00e9tier d&rsquo;architecte et urbaniste, depuis une dizaine d\u2019ann\u00e9es, j&rsquo;aborde la communication non verbale par le toucher, premier sens \u00e9veill\u00e9, par le massage californien, puis des massages tha\u00ef et ayurv\u00e9dique et le Chi nei tsang avant d\u2019\u00eatre totalement s\u00e9duite par le Watsu\u00ae.<\/p>\n<p>Avec ses pratiques, je prends conscience de la puissance du toucher, \u00e0 la recherche de l\u2019\u00e9coute de l\u2019autre pour accro\u00eetre la pr\u00e9sence \u00e0 moi-m\u00eame et \u00e0 l\u2019autre, la qualit\u00e9 d\u2019\u00eatre, dans le respect de chacun.<\/p>\n<p>Les mains disent tellement de chose.<\/p>\n<p>Pendant 4 ans, j&rsquo;ai offert des massages, en tant que b\u00e9n\u00e9vole pour la Fondation contre le Cancer, aux patients de la clinique de jour Edith Cavell. Donner, accompagner l\u2019autre a \u00e9t\u00e9 extr\u00eamement enrichissant pour moi m\u00eame, d\u2019\u00eatre \u00e0 l\u2019\u00e9coute, d\u2019accompagner tout simplement.<\/p>\n<p>Accept\u00e9e \u00e0 l\u2019\u00e9cole de la posture juste de Thierry Janssen depuis septembre 2020, je perfectionne mon \u00e9coute de l\u2019autre et en apprend tellement sur moi.<\/p>\n","protected":false},"excerpt":{"rendered":"<p>Le massage californien est un massage \u00e0 l\u2019huile, doux, se caract\u00e9risant par des longs mouvements amples, enveloppant, harmonieux et globalisant. L&rsquo;attention est donn\u00e9e de revenir \u00e0 la globalit\u00e9 du corps. Il am\u00e8ne dans une d\u00e9tente parfaite, \u00e9vacue le stress et la fatigue, les \u00e9tats d\u2019\u00e2me comme l\u2019angoisse ou la tristesse. Il stimule la peau et [&hellip;]<\/p>\n","protected":false},"author":1,"featured_media":0,"parent":0,"menu_order":0,"comment_status":"closed","ping_status":"closed","template":"page-templates\/full-width.php","meta":{"footnotes":""},"categories":[],"tags":[],"class_list":["post-384","page","type-page","status-publish","hentry"],"_links":{"self":[{"href":"https:\/\/www.auborddeleau.brussels\/index.php\/wp-json\/wp\/v2\/pages\/384","targetHints":{"allow":["GET"]}}],"collection":[{"href":"https:\/\/www.auborddeleau.brussels\/index.php\/wp-json\/wp\/v2\/pages"}],"about":[{"href":"https:\/\/www.auborddeleau.brussels\/index.php\/wp-json\/wp\/v2\/types\/page"}],"author":[{"embeddable":true,"href":"https:\/\/www.auborddeleau.brussels\/index.php\/wp-json\/wp\/v2\/users\/1"}],"replies":[{"embeddable":true,"href":"https:\/\/www.auborddeleau.brussels\/index.php\/wp-json\/wp\/v2\/comments?post=384"}],"version-history":[{"count":10,"href":"https:\/\/www.auborddeleau.brussels\/index.php\/wp-json\/wp\/v2\/pages\/384\/revisions"}],"predecessor-version":[{"id":2569,"href":"https:\/\/www.auborddeleau.brussels\/index.php\/wp-json\/wp\/v2\/pages\/384\/revisions\/2569"}],"wp:attachment":[{"href":"https:\/\/www.auborddeleau.brussels\/index.php\/wp-json\/wp\/v2\/media?parent=384"}],"wp:term":[{"taxonomy":"category","embeddable":true,"href":"https:\/\/www.auborddeleau.brussels\/index.php\/wp-json\/wp\/v2\/categories?post=384"},{"taxonomy":"post_tag","embeddable":true,"href":"https:\/\/www.auborddeleau.brussels\/index.php\/wp-json\/wp\/v2\/tags?post=384"}],"curies":[{"name":"wp","href":"https:\/\/api.w.org\/{rel}","templated":true}]}}