{"id":3905,"date":"2024-10-28T15:39:40","date_gmt":"2024-10-28T14:39:40","guid":{"rendered":"https:\/\/www.auborddeleau.brussels\/?page_id=3905"},"modified":"2026-04-05T15:12:20","modified_gmt":"2026-04-05T14:12:20","slug":"corps-et-mouvements-aquatiques","status":"publish","type":"page","link":"https:\/\/www.auborddeleau.brussels\/index.php\/corps-et-mouvements-aquatiques\/","title":{"rendered":"Aquagym &#8211; Corps et mouvements aquatiques &#8211; Pr\u00e9paration \u00e0 la naissance"},"content":{"rendered":"\n<figure class=\"wp-block-image size-large is-resized\"><a href=\"https:\/\/www.auborddeleau.brussels\/wp-content\/uploads\/2024\/10\/1000011097.jpg\"><img loading=\"lazy\" decoding=\"async\" width=\"1024\" height=\"858\" src=\"https:\/\/www.auborddeleau.brussels\/wp-content\/uploads\/2024\/10\/1000011097-1024x858.jpg\" alt=\"\" class=\"wp-image-3899\" style=\"width:277px;height:232px\" srcset=\"https:\/\/www.auborddeleau.brussels\/wp-content\/uploads\/2024\/10\/1000011097-1024x858.jpg 1024w, https:\/\/www.auborddeleau.brussels\/wp-content\/uploads\/2024\/10\/1000011097-300x251.jpg 300w, https:\/\/www.auborddeleau.brussels\/wp-content\/uploads\/2024\/10\/1000011097-768x643.jpg 768w, https:\/\/www.auborddeleau.brussels\/wp-content\/uploads\/2024\/10\/1000011097-1536x1287.jpg 1536w, https:\/\/www.auborddeleau.brussels\/wp-content\/uploads\/2024\/10\/1000011097-2048x1716.jpg 2048w, https:\/\/www.auborddeleau.brussels\/wp-content\/uploads\/2024\/10\/1000011097-624x523.jpg 624w\" sizes=\"auto, (max-width: 1024px) 100vw, 1024px\" \/><\/a><\/figure>\n\n\n\n<p>Le corps immerg\u00e9 dans l&rsquo;eau chaude ressent imm\u00e9diatement confort et l\u00e9g\u00e8ret\u00e9. <\/p>\n\n\n\n<p>En l&rsquo;absence de la pesanteur, les mouvements sont plus libres, \u00e0 la port\u00e9e de toutes.<\/p>\n\n\n\n<p>La neuroscience a d\u00e9montr\u00e9 que les mouvements dans l&rsquo;eau reconfigurent le cerveau bien au-del\u00e0 du simple renforcement du corps. La pression hydrostatique de l\u2019eau pousse jusqu\u2019\u00e0 14 % de sang en plus vers le cerveau, augmentant l\u2019apport en oxyg\u00e8ne et en nutriments. Le mouvement rythmique des bras et la respiration contr\u00f4l\u00e9e activent le syst\u00e8me parasympathique, r\u00e9duisant le stress et g\u00e9n\u00e9rant un \u00e9tat de calme profond.<\/p>\n\n\n\n<p>Dans l&rsquo;eau, les mouvements sont ralentis, l&rsquo;eau permet des mouvements impossibles sur terre, la r\u00e9sistance de l&rsquo;eau permet des appuis, le poids du corps sollicite moins les articulations, les mouvements dans l&rsquo;eau permettent d&rsquo;assouplir les mouvements.<\/p>\n\n\n\n<p>Les mouvements de vagues, d&rsquo;ondulation assouplissent la colonne vert\u00e9brale, les grandes articulations sont lib\u00e9r\u00e9es, la souplesse revient dans le corps.<\/p>\n\n\n\n<p>Les mouvements plus rapides jouent avec la r\u00e9sistance de l&rsquo;eau, les muscles et les articulations sont sollicit\u00e9s en douceur, le p\u00e9rin\u00e9e et les abdominaux se voient renforc\u00e9s sans exc\u00e8s.<\/p>\n\n\n\n<p>Chacune y va dans le respect de son corps, sa morphologie et ses douleurs, \u00e0 son rythme. <\/p>\n\n\n\n<p>Avec les mouvements ondulatoires, la spirale naturelle du corps est remise en mouvement et le corps et l&rsquo;esprit sont d\u00e9tendus.<\/p>\n\n\n\n<p>B\u00e9b\u00e9 gagne de l&rsquo;espace pour se mouvoir, bouge au gr\u00e9 des mouvements et des \u00e9tirements doux.<\/p>\n\n\n\n<p>Surnomm\u00e9es hormones du bonheur, les endorphines procurent du plaisir, gr\u00e2ce \u00e0 une action anxiolytique, antalgique et relaxante. Ces hormones sont s\u00e9cr\u00e9t\u00e9es par le cerveau avec notamment la pratique d&rsquo;une activit\u00e9 physique.<\/p>\n\n\n\n<p>Les s\u00e9ances sont accessibles \u00e0 toutes les femmes.<\/p>\n\n\n\n<p>S\u00e9ance de 75minutes : 30\u20ac<\/p>\n\n\n\n<p>Abonnement de 6 s\u00e9ances : 150\u20ac. <\/p>\n\n\n\n<p>S\u00e9ance en couple : 90\u20ac.<\/p>\n\n\n\n<p class=\"has-small-font-size\"><strong>Lundi \u00e0 10h30 :<\/strong><br>6\/4, 13\/4, 27\/4,<br>4\/5, 11\/5, 18\/5, <br>1\/6, 8\/6, 15\/6, 22\/6, 29\/6,<br>6\/7, 13\/7, 20\/7<\/p>\n\n\n\n<p class=\"has-small-font-size\">10\/8, 17\/8, 24\/8, 31\/8<br>7\/9, 14\/9, 21\/9, 28\/9<br>5\/10, 12\/10, 19\/10, 26\/10<br>2\/11, 9\/11, 16\/11, 23\/,30\/11<br>7\/12, 14\/12<br><br><strong>Jeudi \u00e0 17h30<\/strong>:<br>23\/4, 30\/4<br>9\/7<br>22\/10<br>10\/12<\/p>\n\n\n\n<p class=\"has-small-font-size\"><strong>Vendredi \u00e0 10h30<\/strong> :<br>3\/4, 17\/4<br>8\/5, 15\/5, 22\/5, 29\/5<br>5\/6, 12\/6, 19\/6, 26\/6<br>3\/7,<br><br>14\/8, 21\/8, 28\/8, <br>4\/9, 11\/9, 18\/9, 25\/9<br>2\/10, 9\/10, 16\/10, 30\/10<br>6\/11, 13\/11, 20\/11, 27\/11, <br>4\/12, 18\/12<br><\/p>\n\n\n\n<p>Contact : watsu@auborddeleau.brussels &#8211; 0473.70.90.97<\/p>\n\n\n\n<p><em>Dominique est praticienne de massage aquatique tel que le Watsu, Aquasoma et Healing Dance et de danse contact aquatique. Donne \u00e9galement des ateliers de massage aquatique. Elle accueille dans la piscine les b\u00e9b\u00e9s de 3 \u00e0 36 mois. <\/em><\/p>\n\n\n\n<p>Sur terre, elle pratique \u00e9galement le massage californien le Chi nei tsang et le Rebozo. <\/p>\n\n\n\n<p>Elle donne \u00e9galement des cours de gymnastique douce, dont le but reste la mobilisation douce des articulations et les mouvements lents des fascias.<\/p>\n","protected":false},"excerpt":{"rendered":"<p>Le corps immerg\u00e9 dans l&rsquo;eau chaude ressent imm\u00e9diatement confort et l\u00e9g\u00e8ret\u00e9. En l&rsquo;absence de la pesanteur, les mouvements sont plus libres, \u00e0 la port\u00e9e de toutes. La neuroscience a d\u00e9montr\u00e9 que les mouvements dans l&rsquo;eau reconfigurent le cerveau bien au-del\u00e0 du simple renforcement du corps. La pression hydrostatique de l\u2019eau pousse jusqu\u2019\u00e0 14 % de [&hellip;]<\/p>\n","protected":false},"author":1,"featured_media":0,"parent":0,"menu_order":0,"comment_status":"closed","ping_status":"closed","template":"page-templates\/full-width.php","meta":{"footnotes":""},"categories":[],"tags":[],"class_list":["post-3905","page","type-page","status-publish","hentry"],"_links":{"self":[{"href":"https:\/\/www.auborddeleau.brussels\/index.php\/wp-json\/wp\/v2\/pages\/3905","targetHints":{"allow":["GET"]}}],"collection":[{"href":"https:\/\/www.auborddeleau.brussels\/index.php\/wp-json\/wp\/v2\/pages"}],"about":[{"href":"https:\/\/www.auborddeleau.brussels\/index.php\/wp-json\/wp\/v2\/types\/page"}],"author":[{"embeddable":true,"href":"https:\/\/www.auborddeleau.brussels\/index.php\/wp-json\/wp\/v2\/users\/1"}],"replies":[{"embeddable":true,"href":"https:\/\/www.auborddeleau.brussels\/index.php\/wp-json\/wp\/v2\/comments?post=3905"}],"version-history":[{"count":28,"href":"https:\/\/www.auborddeleau.brussels\/index.php\/wp-json\/wp\/v2\/pages\/3905\/revisions"}],"predecessor-version":[{"id":4647,"href":"https:\/\/www.auborddeleau.brussels\/index.php\/wp-json\/wp\/v2\/pages\/3905\/revisions\/4647"}],"wp:attachment":[{"href":"https:\/\/www.auborddeleau.brussels\/index.php\/wp-json\/wp\/v2\/media?parent=3905"}],"wp:term":[{"taxonomy":"category","embeddable":true,"href":"https:\/\/www.auborddeleau.brussels\/index.php\/wp-json\/wp\/v2\/categories?post=3905"},{"taxonomy":"post_tag","embeddable":true,"href":"https:\/\/www.auborddeleau.brussels\/index.php\/wp-json\/wp\/v2\/tags?post=3905"}],"curies":[{"name":"wp","href":"https:\/\/api.w.org\/{rel}","templated":true}]}}