{"id":4549,"date":"2026-02-09T14:29:55","date_gmt":"2026-02-09T13:29:55","guid":{"rendered":"https:\/\/www.auborddeleau.brussels\/?page_id=4549"},"modified":"2026-02-09T14:35:04","modified_gmt":"2026-02-09T13:35:04","slug":"massage-bebe-sandrine-lambillon","status":"publish","type":"page","link":"https:\/\/www.auborddeleau.brussels\/index.php\/massage-bebe-sandrine-lambillon\/","title":{"rendered":"MASSAGE B\u00e9b\u00e9 &#8211; Sandrine Lambillon"},"content":{"rendered":"\n<figure class=\"wp-block-image size-large is-resized\"><a href=\"https:\/\/www.auborddeleau.brussels\/wp-content\/uploads\/2026\/02\/Sandrine.jpg\"><img loading=\"lazy\" decoding=\"async\" src=\"https:\/\/www.auborddeleau.brussels\/wp-content\/uploads\/2026\/02\/Sandrine-953x1024.jpg\" alt=\"\" class=\"wp-image-4551\" width=\"323\" height=\"346\" srcset=\"https:\/\/www.auborddeleau.brussels\/wp-content\/uploads\/2026\/02\/Sandrine-953x1024.jpg 953w, https:\/\/www.auborddeleau.brussels\/wp-content\/uploads\/2026\/02\/Sandrine-279x300.jpg 279w, https:\/\/www.auborddeleau.brussels\/wp-content\/uploads\/2026\/02\/Sandrine-768x825.jpg 768w, https:\/\/www.auborddeleau.brussels\/wp-content\/uploads\/2026\/02\/Sandrine-624x671.jpg 624w, https:\/\/www.auborddeleau.brussels\/wp-content\/uploads\/2026\/02\/Sandrine.jpg 1070w\" sizes=\"auto, (max-width: 323px) 100vw, 323px\" \/><\/a><\/figure>\n\n\n\n<p>Le massage b\u00e9b\u00e9 est une pratique douce et respectueuse qui accompagne le d\u00e9veloppement global du nourrisson d\u00e8s les premiers mois de vie. Fond\u00e9 sur le toucher, sens essentiel dans les premi\u00e8res \u00e9tapes du d\u00e9veloppement, il favorise une relation s\u00e9curisante et renforce le lien d\u2019attachement entre le parent et l\u2019enfant.<\/p>\n\n\n\n<p>Le toucher est un v\u00e9ritable <strong>langage<\/strong>, essentiel d\u00e8s les premiers instants de la vie. De nombreuses \u00e9tudes sur les nourrissons montrent combien le contact physique est fondamental pour leur d\u00e9veloppement, leur s\u00e9curit\u00e9 affective et leur bien-\u00eatre.<\/p>\n\n\n\n<p>Sur le plan physiologique, le massage contribue \u00e0 <strong>soulager<\/strong> certains inconforts fr\u00e9quents chez le b\u00e9b\u00e9, tels que les coliques, les tensions ou les troubles digestifs. Il stimule la circulation sanguine et lymphatique, soutient les fonctions digestives et participe \u00e0 la maturation du syst\u00e8me nerveux. Cette pratique favorise \u00e9galement une meilleure <strong>conscience corporelle<\/strong> et accompagne le <strong>d\u00e9veloppement psychomoteur<\/strong>.<\/p>\n\n\n\n<p>Le massage b\u00e9b\u00e9 joue un r\u00f4le important dans la <strong>r\u00e9gulation \u00e9motionnelle<\/strong>. Il procure un apaisement profond, aide \u00e0 diminuer le stress et favorise un sommeil de meilleure qualit\u00e9. En offrant un cadre rassurant et bienveillant, il contribue au sentiment de s\u00e9curit\u00e9 affective, essentiel \u00e0 l\u2019\u00e9quilibre \u00e9motionnel de l\u2019enfant.<\/p>\n\n\n\n<p>Pour les parents, le massage b\u00e9b\u00e9 repr\u00e9sente un <strong>temps privil\u00e9gi\u00e9<\/strong> d\u2019observation et de connexion. Il permet de mieux comprendre les besoins du nourrisson, d\u2019affiner la communication non verbale et de renforcer la confiance dans la relation parent-enfant.<\/p>\n\n\n\n<p>Int\u00e9gr\u00e9 dans le quotidien, le massage b\u00e9b\u00e9 devient un v\u00e9ritable outil de bien-\u00eatre, au service de l\u2019harmonie familiale et du d\u00e9veloppement serein de l\u2019enfant.<\/p>\n\n\n\n<p>Qui suis-je ?&nbsp;<\/p>\n\n\n\n<p>Kin\u00e9sith\u00e9rapeute de profession et maman de deux enfants, j\u2019ai tr\u00e8s vite compris \u00e0 quel point <strong>le toucher est primordial<\/strong>. Je le constate chaque jour, autant dans ma pratique professionnelle que dans ma vie personnelle.<\/p>\n\n\n\n<p>Que l\u2019on devienne parent pour la premi\u00e8re fois ou non, <strong>on apprend \u00e0 conna\u00eetre son enfant par le toucher<\/strong>&nbsp;: porter, rassurer, contenir, apaiser. Ce lien tactile permet de mieux comprendre ses besoins, ses \u00e9motions, et de cr\u00e9er une relation profonde et s\u00e9curisante.<\/p>\n\n\n\n<p>Le toucher est au c\u0153ur de mon quotidien, de mon m\u00e9tier et de ma vision de l\u2019accompagnement. C&rsquo;est pourquoi j&rsquo;accompagne les parents et grands-parents dans leur apprentissage du massage de leur b\u00e9b\u00e9 ou jeune enfant.&nbsp;<\/p>\n\n\n\n<p>Tarif de s\u00e9ance individuelle : 65\u20ac par duo ( un adulte et l&rsquo;enfant )<\/p>\n\n\n\n<p>Tarif de s\u00e9ance collective : 25\u20ac par duo ( un adulte et l&rsquo;enfant ) ou 40\u20ac par couple ( uniquement si le nombre de participants le permet ).&nbsp;<\/p>\n\n\n\n<p><strong>Contact et r\u00e9servations : <\/strong><\/p>\n\n\n\n<p>Sandrine Lambillon 0479\/ 611 933<br>sandrine.lambillon@hotmail.fr<\/p>\n","protected":false},"excerpt":{"rendered":"<p>Le massage b\u00e9b\u00e9 est une pratique douce et respectueuse qui accompagne le d\u00e9veloppement global du nourrisson d\u00e8s les premiers mois de vie. Fond\u00e9 sur le toucher, sens essentiel dans les premi\u00e8res \u00e9tapes du d\u00e9veloppement, il favorise une relation s\u00e9curisante et renforce le lien d\u2019attachement entre le parent et l\u2019enfant. Le toucher est un v\u00e9ritable langage, [&hellip;]<\/p>\n","protected":false},"author":1,"featured_media":0,"parent":0,"menu_order":0,"comment_status":"closed","ping_status":"closed","template":"page-templates\/full-width.php","meta":{"footnotes":""},"categories":[],"tags":[],"class_list":["post-4549","page","type-page","status-publish","hentry"],"_links":{"self":[{"href":"https:\/\/www.auborddeleau.brussels\/index.php\/wp-json\/wp\/v2\/pages\/4549","targetHints":{"allow":["GET"]}}],"collection":[{"href":"https:\/\/www.auborddeleau.brussels\/index.php\/wp-json\/wp\/v2\/pages"}],"about":[{"href":"https:\/\/www.auborddeleau.brussels\/index.php\/wp-json\/wp\/v2\/types\/page"}],"author":[{"embeddable":true,"href":"https:\/\/www.auborddeleau.brussels\/index.php\/wp-json\/wp\/v2\/users\/1"}],"replies":[{"embeddable":true,"href":"https:\/\/www.auborddeleau.brussels\/index.php\/wp-json\/wp\/v2\/comments?post=4549"}],"version-history":[{"count":6,"href":"https:\/\/www.auborddeleau.brussels\/index.php\/wp-json\/wp\/v2\/pages\/4549\/revisions"}],"predecessor-version":[{"id":4565,"href":"https:\/\/www.auborddeleau.brussels\/index.php\/wp-json\/wp\/v2\/pages\/4549\/revisions\/4565"}],"wp:attachment":[{"href":"https:\/\/www.auborddeleau.brussels\/index.php\/wp-json\/wp\/v2\/media?parent=4549"}],"wp:term":[{"taxonomy":"category","embeddable":true,"href":"https:\/\/www.auborddeleau.brussels\/index.php\/wp-json\/wp\/v2\/categories?post=4549"},{"taxonomy":"post_tag","embeddable":true,"href":"https:\/\/www.auborddeleau.brussels\/index.php\/wp-json\/wp\/v2\/tags?post=4549"}],"curies":[{"name":"wp","href":"https:\/\/api.w.org\/{rel}","templated":true}]}}