{"id":4571,"date":"2026-02-23T17:27:04","date_gmt":"2026-02-23T16:27:04","guid":{"rendered":"https:\/\/www.auborddeleau.brussels\/?page_id=4571"},"modified":"2026-02-23T17:27:04","modified_gmt":"2026-02-23T16:27:04","slug":"corps-et-mouvements-accompagnement-prenatal-ou-pas","status":"publish","type":"page","link":"https:\/\/www.auborddeleau.brussels\/index.php\/corps-et-mouvements-accompagnement-prenatal-ou-pas\/","title":{"rendered":"Corps et mouvements &#8211; Accompagnement pr\u00e9natal (ou pas)"},"content":{"rendered":"\n<h1 class=\"wp-block-heading\"><\/h1>\n\n\n\n<figure class=\"wp-block-image\"><a href=\"https:\/\/www.auborddeleau.brussels\/wp-content\/uploads\/2024\/10\/1000011097.jpg\"><img loading=\"lazy\" decoding=\"async\" width=\"1024\" height=\"858\" src=\"https:\/\/www.auborddeleau.brussels\/wp-content\/uploads\/2024\/10\/1000011097-1024x858.jpg\" alt=\"\" class=\"wp-image-3899\" srcset=\"https:\/\/www.auborddeleau.brussels\/wp-content\/uploads\/2024\/10\/1000011097-1024x858.jpg 1024w, https:\/\/www.auborddeleau.brussels\/wp-content\/uploads\/2024\/10\/1000011097-300x251.jpg 300w, https:\/\/www.auborddeleau.brussels\/wp-content\/uploads\/2024\/10\/1000011097-768x643.jpg 768w, https:\/\/www.auborddeleau.brussels\/wp-content\/uploads\/2024\/10\/1000011097-1536x1287.jpg 1536w, https:\/\/www.auborddeleau.brussels\/wp-content\/uploads\/2024\/10\/1000011097-2048x1716.jpg 2048w, https:\/\/www.auborddeleau.brussels\/wp-content\/uploads\/2024\/10\/1000011097-624x523.jpg 624w\" sizes=\"auto, (max-width: 1024px) 100vw, 1024px\" \/><\/a><\/figure>\n\n\n\n<p><strong>Corps et mouvements<\/strong><\/p>\n\n\n\n<p>Le corps immerg\u00e9 dans l\u2019eau chaude ressent imm\u00e9diatement confort et l\u00e9g\u00e8ret\u00e9.<\/p>\n\n\n\n<p>En l\u2019absence de la pesanteur, les mouvements sont plus libres, \u00e0 la port\u00e9e de toutes.<\/p>\n\n\n\n<p>Dans l\u2019eau, les mouvements sont ralentis, l\u2019eau permet des mouvements impossibles sur terre, la r\u00e9sistance de l\u2019eau permet des appuis, le poids du corps sollicite moins les articulations, les mouvements dans l\u2019eau permettent d\u2019assouplir les mouvements, de donner de la place au b\u00e9b\u00e9.<\/p>\n\n\n\n<p>Les mouvements de vagues, d\u2019ondulation assouplissent la colonne vert\u00e9brale, les grandes articulations sont lib\u00e9r\u00e9es, la souplesse revient dans le corps.<\/p>\n\n\n\n<p>Les mouvements plus rapides jouent avec la r\u00e9sistance de l\u2019eau, les muscles et les articulations sont sollicit\u00e9s en douceur, le p\u00e9rin\u00e9e se voit renforc\u00e9 sans exc\u00e8s.<\/p>\n\n\n\n<p>Chacune y va dans le respect de son corps, sa morphologie et ses douleurs, \u00e0 son rythme.<\/p>\n\n\n\n<p>Avec les mouvements ondulatoires, la spirale naturelle du corps est remise en mouvement et le corps et l\u2019esprit sont d\u00e9tendus.<\/p>\n\n\n\n<p><strong>Accompagnement pr\u00e9natal<\/strong><\/p>\n\n\n\n<p>B\u00e9b\u00e9 gagne de l\u2019espace pour se mouvoir, bouge au gr\u00e9 des mouvements et des \u00e9tirements doux.<\/p>\n\n\n\n<p>Surnomm\u00e9es hormones du bonheur, les endorphines procurent du plaisir, gr\u00e2ce \u00e0 une action anxiolytique, antalgique et relaxante. Ces hormones sont s\u00e9cr\u00e9t\u00e9es par le cerveau avec notamment la pratique d\u2019une activit\u00e9 physique.<\/p>\n\n\n\n<p>Les s\u00e9ances sont accessibles \u00e0 toutes les femmes, enceintes ou pas.<\/p>\n\n\n\n<p>S\u00e9ance de 75minutes : 30\u20ac<\/p>\n\n\n\n<p>Abonnement de 6 s\u00e9ances : 150\u20ac.<\/p>\n\n\n\n<p>S\u00e9ance en couple : 90\u20ac.<\/p>\n\n\n\n<p><br><strong>Lundi \u00e0 10h30 :<\/strong><br>29\/9<br>6\/10, 13\/10<br>3\/11, 10\/11, 17\/11, 24\/11<br>1\/12, 8\/12, 15\/12<\/p>\n\n\n\n<p><strong>Jeudi \u00e0 17h30<\/strong> :<br>2\/10, 9\/10, 16\/10<br>6\/11, 13\/11, 20\/11, 27\/11<br>4\/12, 11\/12, 18\/12<\/p>\n\n\n\n<p>Contact : watsu@auborddeleau.brussels \u2013 0473.70.90.97<\/p>\n\n\n\n<p><em>Dominique est praticienne de Watsu, d\u2019Aquasoma et de Healing Dance et de danse contact aquatique. Donne \u00e9galement des ateliers de massage aquatique. Elle accueille dans la piscine les b\u00e9b\u00e9s de 3 \u00e0 15 mois. Elle donne \u00e9galement les premiers bains du nourrisson. Elle pratique \u00e9galement le massage californien le Chi nei tsang et le Rebozo.<\/em><\/p>\n","protected":false},"excerpt":{"rendered":"<p>Corps et mouvements Le corps immerg\u00e9 dans l\u2019eau chaude ressent imm\u00e9diatement confort et l\u00e9g\u00e8ret\u00e9. En l\u2019absence de la pesanteur, les mouvements sont plus libres, \u00e0 la port\u00e9e de toutes. Dans l\u2019eau, les mouvements sont ralentis, l\u2019eau permet des mouvements impossibles sur terre, la r\u00e9sistance de l\u2019eau permet des appuis, le poids du corps sollicite moins [&hellip;]<\/p>\n","protected":false},"author":1,"featured_media":0,"parent":0,"menu_order":0,"comment_status":"closed","ping_status":"closed","template":"","meta":{"footnotes":""},"categories":[],"tags":[],"class_list":["post-4571","page","type-page","status-publish","hentry"],"_links":{"self":[{"href":"https:\/\/www.auborddeleau.brussels\/index.php\/wp-json\/wp\/v2\/pages\/4571","targetHints":{"allow":["GET"]}}],"collection":[{"href":"https:\/\/www.auborddeleau.brussels\/index.php\/wp-json\/wp\/v2\/pages"}],"about":[{"href":"https:\/\/www.auborddeleau.brussels\/index.php\/wp-json\/wp\/v2\/types\/page"}],"author":[{"embeddable":true,"href":"https:\/\/www.auborddeleau.brussels\/index.php\/wp-json\/wp\/v2\/users\/1"}],"replies":[{"embeddable":true,"href":"https:\/\/www.auborddeleau.brussels\/index.php\/wp-json\/wp\/v2\/comments?post=4571"}],"version-history":[{"count":1,"href":"https:\/\/www.auborddeleau.brussels\/index.php\/wp-json\/wp\/v2\/pages\/4571\/revisions"}],"predecessor-version":[{"id":4573,"href":"https:\/\/www.auborddeleau.brussels\/index.php\/wp-json\/wp\/v2\/pages\/4571\/revisions\/4573"}],"wp:attachment":[{"href":"https:\/\/www.auborddeleau.brussels\/index.php\/wp-json\/wp\/v2\/media?parent=4571"}],"wp:term":[{"taxonomy":"category","embeddable":true,"href":"https:\/\/www.auborddeleau.brussels\/index.php\/wp-json\/wp\/v2\/categories?post=4571"},{"taxonomy":"post_tag","embeddable":true,"href":"https:\/\/www.auborddeleau.brussels\/index.php\/wp-json\/wp\/v2\/tags?post=4571"}],"curies":[{"name":"wp","href":"https:\/\/api.w.org\/{rel}","templated":true}]}}