{"id":4575,"date":"2026-02-23T17:29:50","date_gmt":"2026-02-23T16:29:50","guid":{"rendered":"https:\/\/www.auborddeleau.brussels\/?page_id=4575"},"modified":"2026-04-05T15:25:28","modified_gmt":"2026-04-05T14:25:28","slug":"corps-mouvements-accompagnement-prenatal","status":"publish","type":"page","link":"https:\/\/www.auborddeleau.brussels\/index.php\/corps-mouvements-accompagnement-prenatal\/","title":{"rendered":"Corps &#038; mouvements &#8211; Accompagnement pr\u00e9natal"},"content":{"rendered":"\n<figure class=\"wp-block-image is-resized\" id=\"block-624cd6b1-40a8-418a-b677-377f0000173f\"><img decoding=\"async\" src=\"https:\/\/www.auborddeleau.brussels\/wp-content\/uploads\/2024\/10\/1000011097-1024x858.jpg\" alt=\"L\u2019attribut alt de cette image est vide, son nom de fichier est 1000011097-1024x858.jpg.\" style=\"width:639px;height:535px\"\/><\/figure>\n\n\n\n<p id=\"block-2eb7aafe-52fc-4938-a3dc-5817e5bae56c\"><strong>Corps &amp; mouvements<\/strong><\/p>\n\n\n\n<p id=\"block-2eb7aafe-52fc-4938-a3dc-5817e5bae56c\">Le corps immerg\u00e9 dans l&rsquo;eau chaude ressent imm\u00e9diatement confort et l\u00e9g\u00e8ret\u00e9.<\/p>\n\n\n\n<p id=\"block-a12228aa-dc6c-4b27-92b6-494ab69acde6\">En l&rsquo;absence de la pesanteur, les mouvements sont plus libres, \u00e0 la port\u00e9e de toutes.<\/p>\n\n\n\n<p id=\"block-0e8717c9-9855-4c3b-a8fe-ab2c23bd0980\">Dans l&rsquo;eau, les mouvements sont ralentis, l&rsquo;eau permet des mouvements impossibles sur terre, la r\u00e9sistance de l&rsquo;eau permet des appuis, le poids du corps sollicite moins les articulations, les mouvements dans l&rsquo;eau permettent d&rsquo;assouplir les mouvements, de donner de la place au b\u00e9b\u00e9.<\/p>\n\n\n\n<p id=\"block-f8196485-6653-485a-a380-5264c2035525\">Les mouvements de vagues, d&rsquo;ondulation assouplissent la colonne vert\u00e9brale, les grandes articulations sont lib\u00e9r\u00e9es, la souplesse revient dans le corps.<\/p>\n\n\n\n<p id=\"block-2dd43e2c-c95f-4e33-973b-c29b6165f061\">Les mouvements plus rapides jouent avec la r\u00e9sistance de l&rsquo;eau, les muscles et les articulations sont sollicit\u00e9s en douceur, le p\u00e9rin\u00e9e se voit renforc\u00e9 sans exc\u00e8s.<\/p>\n\n\n\n<p id=\"block-36979516-2e49-4786-b215-59527a130b0f\">Chacune y va dans le respect de son corps, sa morphologie et ses douleurs, \u00e0 son rythme.<\/p>\n\n\n\n<p id=\"block-c1a5af61-abb6-440f-a876-dffbd4fd025b\">Avec les mouvements ondulatoires, la spirale naturelle du corps est remise en mouvement et le corps et l&rsquo;esprit sont d\u00e9tendus.<\/p>\n\n\n\n<p id=\"block-9b7611c6-86c0-4cac-bf66-e5fd4745fefe\"><strong>Accompagnement pr\u00e9natal<\/strong><\/p>\n\n\n\n<p id=\"block-9b7611c6-86c0-4cac-bf66-e5fd4745fefe\">Le cours est adapt\u00e9 aux femmes enceintes. B\u00e9b\u00e9 gagne de l&rsquo;espace pour se mouvoir, bouge au gr\u00e9 des mouvements et des \u00e9tirements doux.<\/p>\n\n\n\n<p id=\"block-2ea191e4-7133-4509-9e7e-3ab0e36e59df\">Surnomm\u00e9es hormones du bonheur, les endorphines procurent du plaisir, gr\u00e2ce \u00e0 une action anxiolytique, antalgique et relaxante. Ces hormones sont s\u00e9cr\u00e9t\u00e9es par le cerveau avec notamment la pratique d&rsquo;une activit\u00e9 physique.<\/p>\n\n\n\n<p id=\"block-fe89fa39-a34d-45a1-84db-f11a07c9a53e\">Les s\u00e9ances sont accessibles \u00e0 toutes les femmes, enceintes ou pas.<\/p>\n\n\n\n<p id=\"block-22a52b4f-04ae-43db-8282-c0dbe3be3a8d\">S\u00e9ance de 75minutes : 30\u20ac<br>Abonnement de 6 s\u00e9ances : 150\u20ac.<br>S\u00e9ance en couple : 90\u20ac.<\/p>\n\n\n\n<p id=\"block-563879ad-23b6-4e79-808c-5bba0709ebbc\"><br><strong>Lundi de 10h30 \u00e0 11h45<\/strong><br>6\/4, 13\/4, 27\/4, <br>4\/5, 11\/5, 18\/5, 25\/5, <br>1\/6, 8\/6, 15\/6, 22\/6, 29\/6, <br>6\/7, 13\/7<br>10\/8, 17\/8, 24\/8, 31\/8<br>7\/9, 14\/9, 21\/9, 28\/9<br>5\/10, 12\/10, 19\/10, 26\/10<br>22\/11, 9\/11, 16\/11, 23\/11, 30\/11<br>7\/12, 14\/12<\/p>\n\n\n\n<p id=\"block-069ddacf-e6fc-4316-a581-34d40e53435b\"><strong>Jeudi \u00e0 17h30<\/strong> :<br>9\/4, 23\/4, 30\/4, 9\/7, 22\/10, 10\/12<\/p>\n\n\n\n<p><strong>Vendredi de 10h30 \u00e011h45<\/strong><br>17\/4, <br>8\/5, 15\/5, 22\/5, 29\/5, <br>5\/6, 12\/6, 19\/6, 26\/6, <br>3\/7<br>14\/8, 21\/8, 28\/8,<br>4\/9, 11\/9, 18\/9, 25\/9,<br>2\/10, 9\/10, 16\/10, 30\/10<br>6\/11, 13\/11, 20\/11, 27\/11,<br>4\/12, 18\/12<\/p>\n\n\n\n<p><\/p>\n\n\n\n<p id=\"block-1d9d83a3-ba26-4715-b892-3318f0916d3c\">Contact : watsu@auborddeleau.brussels &#8211; 0473.70.90.97<\/p>\n\n\n\n<p id=\"block-8783e0f1-a540-4f47-be5b-afc0f2117369\"><em>Dominique est praticienne de Watsu, d&rsquo;Aquasoma et de Healing Dance et de danse contact aquatique. Donne \u00e9galement des ateliers de massage aquatique. Elle accueille dans la piscine les b\u00e9b\u00e9s de 3 \u00e0 36 mois. Elle pratique \u00e9galement le massage californien le Chi nei tsang et le Rebozo.<\/em> <em>Elle donne des cours de gymnastique douce dont le but est de bouger en douceur toutes les articulations et de bouger lentement les fascias<\/em><\/p>\n","protected":false},"excerpt":{"rendered":"<p>Corps &amp; mouvements Le corps immerg\u00e9 dans l&rsquo;eau chaude ressent imm\u00e9diatement confort et l\u00e9g\u00e8ret\u00e9. En l&rsquo;absence de la pesanteur, les mouvements sont plus libres, \u00e0 la port\u00e9e de toutes. Dans l&rsquo;eau, les mouvements sont ralentis, l&rsquo;eau permet des mouvements impossibles sur terre, la r\u00e9sistance de l&rsquo;eau permet des appuis, le poids du corps sollicite moins [&hellip;]<\/p>\n","protected":false},"author":1,"featured_media":0,"parent":0,"menu_order":0,"comment_status":"closed","ping_status":"closed","template":"page-templates\/full-width.php","meta":{"footnotes":""},"categories":[],"tags":[],"class_list":["post-4575","page","type-page","status-publish","hentry"],"_links":{"self":[{"href":"https:\/\/www.auborddeleau.brussels\/index.php\/wp-json\/wp\/v2\/pages\/4575","targetHints":{"allow":["GET"]}}],"collection":[{"href":"https:\/\/www.auborddeleau.brussels\/index.php\/wp-json\/wp\/v2\/pages"}],"about":[{"href":"https:\/\/www.auborddeleau.brussels\/index.php\/wp-json\/wp\/v2\/types\/page"}],"author":[{"embeddable":true,"href":"https:\/\/www.auborddeleau.brussels\/index.php\/wp-json\/wp\/v2\/users\/1"}],"replies":[{"embeddable":true,"href":"https:\/\/www.auborddeleau.brussels\/index.php\/wp-json\/wp\/v2\/comments?post=4575"}],"version-history":[{"count":4,"href":"https:\/\/www.auborddeleau.brussels\/index.php\/wp-json\/wp\/v2\/pages\/4575\/revisions"}],"predecessor-version":[{"id":4661,"href":"https:\/\/www.auborddeleau.brussels\/index.php\/wp-json\/wp\/v2\/pages\/4575\/revisions\/4661"}],"wp:attachment":[{"href":"https:\/\/www.auborddeleau.brussels\/index.php\/wp-json\/wp\/v2\/media?parent=4575"}],"wp:term":[{"taxonomy":"category","embeddable":true,"href":"https:\/\/www.auborddeleau.brussels\/index.php\/wp-json\/wp\/v2\/categories?post=4575"},{"taxonomy":"post_tag","embeddable":true,"href":"https:\/\/www.auborddeleau.brussels\/index.php\/wp-json\/wp\/v2\/tags?post=4575"}],"curies":[{"name":"wp","href":"https:\/\/api.w.org\/{rel}","templated":true}]}}