{"id":4583,"date":"2026-02-23T17:34:34","date_gmt":"2026-02-23T16:34:34","guid":{"rendered":"https:\/\/www.auborddeleau.brussels\/?page_id=4583"},"modified":"2026-03-13T15:28:16","modified_gmt":"2026-03-13T14:28:16","slug":"thalasso-bain-bebe-de-sonia-krief","status":"publish","type":"page","link":"https:\/\/www.auborddeleau.brussels\/index.php\/thalasso-bain-bebe-de-sonia-krief\/","title":{"rendered":"Thalasso bain b\u00e9b\u00e9 de Sonia Krief"},"content":{"rendered":"\n<p>Jessica de Fays propose le Thalasso bain b\u00e9b\u00e9 de Sonia Krief pour les nourrissons.<\/p>\n\n\n\n<p><em>Parce que c\u2019est par l\u00e0 que tout a commenc\u00e9\u2026<\/em><\/p>\n\n\n\n<p>Ce premier bain remet le nourrisson dans une situation bien connue de lui, soutenu, envelopp\u00e9, immerg\u00e9 en eau chaude<\/p>\n\n\n\n<p>Le bain est rassurant pour lui, apr\u00e8s ce grand chamboulement qu\u2019est la naissance. La plus douce puisse-t-elle \u00eatre, elle reste un choc au niveau des sensations et des \u00e9motions. C\u2019est un moment de douce Renaissance, un moment rassurant, r\u00e9confortant, de r\u00e9conciliation avec l\u2019accouchement, qui peut \u00eatre un choc pour la maman, pour le b\u00e9b\u00e9. Il devrait faire partie du processus de naissance de toutes les familles.<\/p>\n\n\n\n<p>Le nourrisson est berc\u00e9 par des mouvements doux et lents, l\u2019eau coule doucement sur son cr\u00e2ne, ce qui d\u00e9tend les tensions physiques et \u00e9motionnelles.<\/p>\n\n\n\n<p>La s\u00e9ance est pr\u00e9vue pour 1h00, le bain se passera au rythme du b\u00e9b\u00e9.<\/p>\n\n\n\n<p>Id\u00e9alement pratiqu\u00e9 entre 2 et 3 semaines, ces bains sont un cadeau \u00e0\u00a0offrir ou \u00e0\u00a0s\u2019offrir.<\/p>\n\n\n\n<figure class=\"wp-block-embed is-type-video is-provider-youtube wp-block-embed-youtube wp-embed-aspect-16-9 wp-has-aspect-ratio\"><div class=\"wp-block-embed__wrapper\">\n<iframe loading=\"lazy\" title=\"Premier bain Nerea V1\" width=\"625\" height=\"352\" src=\"https:\/\/www.youtube.com\/embed\/Bz1YozKfIbA?feature=oembed\" frameborder=\"0\" allow=\"accelerometer; autoplay; clipboard-write; encrypted-media; gyroscope; picture-in-picture; web-share\" referrerpolicy=\"strict-origin-when-cross-origin\" allowfullscreen><\/iframe>\n<\/div><\/figure>\n\n\n\n<figure class=\"wp-block-embed is-type-video is-provider-youtube wp-block-embed-youtube wp-embed-aspect-16-9 wp-has-aspect-ratio\"><div class=\"wp-block-embed__wrapper\">\n<iframe loading=\"lazy\" title=\"Bain d\u2019accueil\" width=\"625\" height=\"352\" src=\"https:\/\/www.youtube.com\/embed\/ISMDhsKsQ9M?feature=oembed\" frameborder=\"0\" allow=\"accelerometer; autoplay; clipboard-write; encrypted-media; gyroscope; picture-in-picture; web-share\" referrerpolicy=\"strict-origin-when-cross-origin\" allowfullscreen><\/iframe>\n<\/div><\/figure>\n\n\n\n<p><strong>TARIFS : <\/strong>95\u20ac<\/p>\n\n\n\n<p>Jessica de Fays 0479 26 27 91<\/p>\n","protected":false},"excerpt":{"rendered":"<p>Jessica de Fays propose le Thalasso bain b\u00e9b\u00e9 de Sonia Krief pour les nourrissons. Parce que c\u2019est par l\u00e0 que tout a commenc\u00e9\u2026 Ce premier bain remet le nourrisson dans une situation bien connue de lui, soutenu, envelopp\u00e9, immerg\u00e9 en eau chaude Le bain est rassurant pour lui, apr\u00e8s ce grand chamboulement qu\u2019est la naissance. [&hellip;]<\/p>\n","protected":false},"author":1,"featured_media":0,"parent":0,"menu_order":0,"comment_status":"closed","ping_status":"closed","template":"page-templates\/full-width.php","meta":{"footnotes":""},"categories":[],"tags":[],"class_list":["post-4583","page","type-page","status-publish","hentry"],"_links":{"self":[{"href":"https:\/\/www.auborddeleau.brussels\/index.php\/wp-json\/wp\/v2\/pages\/4583","targetHints":{"allow":["GET"]}}],"collection":[{"href":"https:\/\/www.auborddeleau.brussels\/index.php\/wp-json\/wp\/v2\/pages"}],"about":[{"href":"https:\/\/www.auborddeleau.brussels\/index.php\/wp-json\/wp\/v2\/types\/page"}],"author":[{"embeddable":true,"href":"https:\/\/www.auborddeleau.brussels\/index.php\/wp-json\/wp\/v2\/users\/1"}],"replies":[{"embeddable":true,"href":"https:\/\/www.auborddeleau.brussels\/index.php\/wp-json\/wp\/v2\/comments?post=4583"}],"version-history":[{"count":1,"href":"https:\/\/www.auborddeleau.brussels\/index.php\/wp-json\/wp\/v2\/pages\/4583\/revisions"}],"predecessor-version":[{"id":4589,"href":"https:\/\/www.auborddeleau.brussels\/index.php\/wp-json\/wp\/v2\/pages\/4583\/revisions\/4589"}],"wp:attachment":[{"href":"https:\/\/www.auborddeleau.brussels\/index.php\/wp-json\/wp\/v2\/media?parent=4583"}],"wp:term":[{"taxonomy":"category","embeddable":true,"href":"https:\/\/www.auborddeleau.brussels\/index.php\/wp-json\/wp\/v2\/categories?post=4583"},{"taxonomy":"post_tag","embeddable":true,"href":"https:\/\/www.auborddeleau.brussels\/index.php\/wp-json\/wp\/v2\/tags?post=4583"}],"curies":[{"name":"wp","href":"https:\/\/api.w.org\/{rel}","templated":true}]}}