{"id":4687,"date":"2026-05-06T12:21:25","date_gmt":"2026-05-06T11:21:25","guid":{"rendered":"https:\/\/www.auborddeleau.brussels\/?page_id=4687"},"modified":"2026-05-06T16:28:03","modified_gmt":"2026-05-06T15:28:03","slug":"carte-cadeau-abde","status":"publish","type":"page","link":"https:\/\/www.auborddeleau.brussels\/index.php\/carte-cadeau-abde\/","title":{"rendered":"Carte cadeau abde"},"content":{"rendered":"\n<figure class=\"wp-block-image size-large is-resized\"><a href=\"http:\/\/localhost:8002\/wp-content\/uploads\/2023\/11\/CARTE-CADEAU-1-scaled.jpg\"><img loading=\"lazy\" decoding=\"async\" width=\"1024\" height=\"477\" src=\"http:\/\/localhost:8002\/wp-content\/uploads\/2023\/11\/CARTE-CADEAU-1-1024x477.jpg\" alt=\"\" class=\"wp-image-3211\" style=\"width:840px;height:391px\" srcset=\"https:\/\/www.auborddeleau.brussels\/wp-content\/uploads\/2023\/11\/CARTE-CADEAU-1-1024x477.jpg 1024w, https:\/\/www.auborddeleau.brussels\/wp-content\/uploads\/2023\/11\/CARTE-CADEAU-1-300x140.jpg 300w, https:\/\/www.auborddeleau.brussels\/wp-content\/uploads\/2023\/11\/CARTE-CADEAU-1-768x358.jpg 768w, https:\/\/www.auborddeleau.brussels\/wp-content\/uploads\/2023\/11\/CARTE-CADEAU-1-1536x716.jpg 1536w, https:\/\/www.auborddeleau.brussels\/wp-content\/uploads\/2023\/11\/CARTE-CADEAU-1-2048x954.jpg 2048w, https:\/\/www.auborddeleau.brussels\/wp-content\/uploads\/2023\/11\/CARTE-CADEAU-1-624x291.jpg 624w\" sizes=\"auto, (max-width: 1024px) 100vw, 1024px\" \/><\/a><\/figure>\n\n\n\n<p><strong>En ces temps particuliers, offrez un cadeau surprenant, local, sain, qui fait vraiment du bien, d\u00e9tend durablement.<\/strong><\/p>\n\n\n\n<p>Dominique vous propose une carte cadeau pour :<\/p>\n\n\n\n<ul class=\"wp-block-list\">\n<li>Une s\u00e9ance individuelle de massage aquatique (1h00)<\/li>\n\n\n\n<li>Une s\u00e9ance couple de massage aquatique (1h15 heure)<\/li>\n\n\n\n<li>Un accompagnement pr\u00e9natal aquatique individuelle ou en couple (1heure)<\/li>\n\n\n\n<li>Une s\u00e9ance pr\u00e9 et une s\u00e9ance postnatale (2x 1h00)<\/li>\n\n\n\n<li>Une s\u00e9ance de danse contact aquatique en groupe (2 heures)<\/li>\n\n\n\n<li>Un atelier de massage aquatique, en famille, entre amis (3 heures)<\/li>\n\n\n\n<li>Un atelier Corps, mouvements, futures mamans (ou pas) (1h15)<\/li>\n\n\n\n<li>Le premier bain au b\u00e9b\u00e9 (1\/2 heure)<\/li>\n\n\n\n<li>Une s\u00e9ance de b\u00e9b\u00e9 \u00e0 la piscine ou un abonnement de 4 s\u00e9ances (1\/2 heure)<\/li>\n\n\n\n<li>Un massage du ventre &#8211; Chi Nei tsang (1heure)<\/li>\n\n\n\n<li>Un massage californien (1heure)<\/li>\n\n\n\n<li>Un massage \u00e0 4 mains (1h15)<\/li>\n\n\n\n<li>Un massage Rebozo (1h00)<\/li>\n\n\n\n<li>Un rituel Rebozo (2h30)<\/li>\n<\/ul>\n\n\n\n<p><em>Voir plus de d\u00e9tails et les tarifs en bas de la page<\/em><\/p>\n\n\n\n<p><strong>Le <a href=\"\/index.php\/carte-cadeau\/\">formulaire de demande de la carte cadeau<\/a>, <\/strong>le cadeau est valable pour une dur\u00e9e de 6 mois, d\u00e8s l&rsquo;envoi de la carte.<\/p>\n\n\n\n<p>Versement sur le compte IBAN de Belgian graphic interface GI sa : BE88 0682 3023 0941 &#8211; Code BIC\/RIB\/SWIFT GKCCBEBB<\/p>\n\n\n\n<figure class=\"wp-block-image\"><a href=\"http:\/\/localhost:8002\/wp-content\/uploads\/2022\/01\/photos-carte-cadeauX.jpg&quot;\"><img decoding=\"async\" src=\"http:\/\/localhost:8002\/wp-content\/uploads\/2022\/01\/photos-carte-cadeauX-1024x275.jpg&quot;\" alt=\"\" class=\"wp-image-2309\"\/><\/a><\/figure>\n\n\n\n<p><strong>MASSAGE AQUATIQUE, SEANCE INDIVIDUELLE OU EN COUPLE<\/strong><br>Calmer le mental, l\u00e2cher les r\u00e9sistances, ouvrier le corps et le c\u0153ur. L&rsquo;eau par sa force, sa r\u00e9sistance, sa souplesse, sa chaleur permet des mouvements profonds, le corps flottant en apesanteur, dans un tr\u00e8s grand confort.<\/p>\n\n\n\n<p><strong>Tarif<\/strong> individuel : 90\u20ac\/s\u00e9ance\/1heure dans l&rsquo;eau &#8211; Pr\u00e9voir 1h15<br><strong>Tarif<\/strong> Couple : 105\u20ac\/s\u00e9ance\/1h15 dans l&rsquo;eau &#8211; Pr\u00e9voir 1h30<\/p>\n\n\n\n<p><strong>ACCOMPAGNEMENT PRENATAL AQUATIQUE<\/strong><br>Le massage aquatique convient tr\u00e8s bien aux femmes enceintes, s&rsquo;il est adapt\u00e9 \u00e0 la physionomie particuli\u00e8re, aux maux et douleurs de grossesses et ce jusqu&rsquo;en fin de grossesse.<\/p>\n\n\n\n<p><strong>Tarif<\/strong> : 90\u20ac\/s\u00e9ance\/1heure dans l&rsquo;eau &#8211; Pr\u00e9voir 1h15<br>Couple bien venu: 90\u20ac<\/p>\n\n\n\n<p><strong>AQUAGYM<\/strong>&#8211;<strong>Corps et mouvements aquatiques \u2013 Pr\u00e9paration \u00e0 la naissance<\/strong><br>Mettre le corps doucement en mouvement, lentement pour faire glisser les fascias, profiter de l&rsquo;eau pour utiliser sa r\u00e9sistance, bouger les articulations sans appuis sur elles, en s\u00e9curit\u00e9.<br><strong>Tarif <\/strong>: 30\u20ac\/s\u00e9ance de 1h15, abonnement de 6 s\u00e9ances : 150\u20ac<\/p>\n\n\n\n<p><strong>ACCOMPAGNEMENT PRE <\/strong>ET <strong>POSTNATAL AQUATIQUE<\/strong><br>Avant la naissance, pour se pr\u00e9parer, se d\u00e9tendre, ne plus sentir le poids, la pesanteur. Couple bien venu<br>Apr\u00e8s la naissance, une s\u00e9ance pour la maman qui a tout donn\u00e9, pour se recentrer, pour elle, rien que pour elle.<\/p>\n\n\n\n<p><strong>Tarif<\/strong> : 90\u20ac\/s\u00e9ance\/1heure dans l&rsquo;eau &#8211; Pr\u00e9voir 1h15 &#8211; Soit 170\u20ac<\/p>\n\n\n\n<p><strong>JAM de DANSE CONTACT AQUATIQUE<\/strong><br>Qu&rsquo;est-ce qui se joue dans la cr\u00e9ation \u00e0 mon corps, puis-je \u00eatre en \u00e9tat de cr\u00e9ation, me sentir vivante, sortir de mes habitudes, me mettre en danger dans la recherche de moi m\u00eame et de l&rsquo;autre.<br>Mieux comprendre mon \u00e9tat d&rsquo;\u00eatre et la relation \u00e0 l&rsquo;autre, au monde.<\/p>\n\n\n\n<p><strong>Tarif<\/strong> : 20\u20ac\/session de 2 heures.<\/p>\n\n\n\n<p><strong>ATELIER DE MASSAGE AQUATIQUE<\/strong><br>Si l&rsquo;envie vous prend de c\u00e9l\u00e9brer un anniversaire, une future naissance, un \u00e9v\u00e9nement<br>En famille, entre amis<br>Un groupe de minimum 6 personnes, d\u00e9couverte de la relaxation, des mouvements de base du massage aquatique<\/p>\n\n\n\n<p>Dur\u00e9e de la s\u00e9ance : 3 heures (et c&rsquo;est tr\u00e8s vite pass\u00e9)<br><strong>Tarif<\/strong> : 45\u20ac par personne<\/p>\n\n\n\n<p><strong>PREMIER BAIN du BEBE<\/strong><br><em>Parce que c\u2019est par l\u00e0 que tout a commenc\u00e9\u2026<br><\/em>Le premier bain remet le nourrisson dans une situation bien connue de lui, soutenu, envelopp\u00e9, immerg\u00e9 en eau chaude.<br>Le bain est rassurant pour lui, apr\u00e8s ce grand chamboulement qu\u2019est la naissance. La plus douce puisse-t-elle \u00eatre, elle reste un choc au niveau des sensations et des \u00e9motions. Le nourrisson est berc\u00e9 par des mouvements doux et lents, l\u2019eau coule doucement sur son cr\u00e2ne, ce qui d\u00e9tend les tensions physiques et \u00e9motionnelles.<br>La s\u00e9ance est pr\u00e9vue pour 1h00, le bain en soi de 20 \u00e0 30 minutes se passera au rythme du b\u00e9b\u00e9.<br>Id\u00e9alement pratiqu\u00e9 entre 2 et 3 semaines, ces bains sont un cadeau \u00e0 offrir et \u00e0 s\u2019offrir.<\/p>\n\n\n\n<p><strong>Tarif<\/strong> : 95\u20ac\/s\u00e9ance, Avec Jessica de Fays<\/p>\n\n\n\n<p><strong>BEBE A LA PISCINE<\/strong><br>Dans l&rsquo;eau, les mouvements sont lib\u00e9r\u00e9s de la pesanteur. Le parent apprend les postures de d\u00e9tente, de massage, les mouvements qui aident le b\u00e9b\u00e9 \u00e0 profiter de la libert\u00e9 de ses mouvements et de l&rsquo;aider \u00e0 son autonomie.<\/p>\n\n\n\n<p><strong>Tarif <\/strong>: 30\u20ac la s\u00e9ance de 1\/2 heure<br>Abonnement de 4 s\u00e9ances : 100\u20ac<br>Maximum 3 familles ensemble<br>S\u00e9ance individuelle : 45\u20ac la s\u00e9ance<\/p>\n\n\n\n<p><strong>MASSAGE du VENTRE CHI NEI TSANG&nbsp;<\/strong><br>Le massage favorise un \u00e9tat plus confiant, plus sage, plus tranquille, nous d\u00e9stresse en profondeur et nous r\u00e9concilie avec nous m\u00eame.<br>Pratiquement, il s\u2019agit d\u2019habituer nos organes \u00e0 travailler de mani\u00e8re plus efficace en les d\u00e9tendant et en les stimulant. Le ventre dig\u00e8re les \u00e9motions par le m\u00eame chemin que la nourriture. Notre corps porte des sch\u00e9mas de tension qui refl\u00e8tent nos charges \u00e9motionnelle.<br>Le Chi nei tsang renforce le syst\u00e8me immunitaire, stimule le syst\u00e8me lymphatique, d\u00e9toxifie, lib\u00e8re les tensions, restitue notre capacit\u00e9 de digestion.<\/p>\n\n\n\n<p><strong>Tarif<\/strong> : 60\u20ac\/s\u00e9ance\/1 heure<\/p>\n\n\n\n<p><strong>MASSAGE CALIFORNIEN<\/strong><br>Le massage californien est un massage \u00e0 l\u2019huile, doux ou plus dynamique, se caract\u00e9risant par des longs mouvements amples, enveloppant, harmonieux et globalisant.<br>L\u2019attention est donn\u00e9e de revenir \u00e0 la globalit\u00e9 du corps.<\/p>\n\n\n\n<p><strong>Tarif<\/strong> : 60\u20ac\/s\u00e9ance\/1 heure<\/p>\n\n\n\n<p><strong>MASSAGE A 4 MAINS<\/strong><br>Le massage \u00e0 4 mains cr\u00e9e des mouvements libres, surprenants ou synchrones. Le mental l\u00e2che et se laisse emporter par la danse des mains.<\/p>\n\n\n\n<p><strong>Tarif<\/strong> : 120\u20ac\/s\u00e9ance\/1h15<\/p>\n\n\n\n<p><strong>MASSAGE REBOZO<\/strong><br>L\u2019usage du Rebozo, du nom du tissus mexicain, \u00e9veille tr\u00e8s finement notre m\u00e9moire sensorielle, une re.prise de conscience du corps. C\u2019est une invitation \u00e0 une d\u00e9tente profonde, sans rien forcer.<\/p>\n\n\n\n<p><strong>Tarif<\/strong> : 60\u20ac\/s\u00e9ance\/1 heure<\/p>\n\n\n\n<p><strong>RITUEL REBOZO<\/strong><br>Le rituel REBOZO s&rsquo;adresse aux femmes ayant accouch\u00e9s ou \u00e0 toute femme qui traverse une \u00e9tape de vie, qui souhaite faire une pause,&nbsp; prendre soin d&rsquo;elle.<\/p>\n\n\n\n<p>Il s&rsquo;organise en 4 mouvements :<br>&#8211; un massage \u00e0 l&rsquo;huile \u00e0 quatre mains, qui favorise un rel\u00e2chement complet,<br>&#8211; un bain chaud\/hammam aux plantes,<br>&#8211; un temps de sudation sous couvertures, un enveloppement\/resserrage du corps avec le Rebozo en sept points cl\u00e9s du corps.<\/p>\n\n\n\n<p><strong>Tarif<\/strong> : 250\u20ac\/s\u00e9ance\/2h30<\/p>\n\n\n\n<p><strong>Le <a href=\"\/index.php\/carte-cadeau\/\">formulaire de demande de la carte cadeau<\/a>, <\/strong>le cadeau est valable pour une dur\u00e9e de 6 mois, d\u00e8s l&rsquo;envoi de la carte.<\/p>\n","protected":false},"excerpt":{"rendered":"<p>En ces temps particuliers, offrez un cadeau surprenant, local, sain, qui fait vraiment du bien, d\u00e9tend durablement. Dominique vous propose une carte cadeau pour : Voir plus de d\u00e9tails et les tarifs en bas de la page Le formulaire de demande de la carte cadeau, le cadeau est valable pour une dur\u00e9e de 6 mois, [&hellip;]<\/p>\n","protected":false},"author":1,"featured_media":0,"parent":0,"menu_order":0,"comment_status":"closed","ping_status":"closed","template":"page-templates\/full-width.php","meta":{"footnotes":""},"categories":[],"tags":[],"class_list":["post-4687","page","type-page","status-publish","hentry"],"_links":{"self":[{"href":"https:\/\/www.auborddeleau.brussels\/index.php\/wp-json\/wp\/v2\/pages\/4687","targetHints":{"allow":["GET"]}}],"collection":[{"href":"https:\/\/www.auborddeleau.brussels\/index.php\/wp-json\/wp\/v2\/pages"}],"about":[{"href":"https:\/\/www.auborddeleau.brussels\/index.php\/wp-json\/wp\/v2\/types\/page"}],"author":[{"embeddable":true,"href":"https:\/\/www.auborddeleau.brussels\/index.php\/wp-json\/wp\/v2\/users\/1"}],"replies":[{"embeddable":true,"href":"https:\/\/www.auborddeleau.brussels\/index.php\/wp-json\/wp\/v2\/comments?post=4687"}],"version-history":[{"count":8,"href":"https:\/\/www.auborddeleau.brussels\/index.php\/wp-json\/wp\/v2\/pages\/4687\/revisions"}],"predecessor-version":[{"id":4709,"href":"https:\/\/www.auborddeleau.brussels\/index.php\/wp-json\/wp\/v2\/pages\/4687\/revisions\/4709"}],"wp:attachment":[{"href":"https:\/\/www.auborddeleau.brussels\/index.php\/wp-json\/wp\/v2\/media?parent=4687"}],"wp:term":[{"taxonomy":"category","embeddable":true,"href":"https:\/\/www.auborddeleau.brussels\/index.php\/wp-json\/wp\/v2\/categories?post=4687"},{"taxonomy":"post_tag","embeddable":true,"href":"https:\/\/www.auborddeleau.brussels\/index.php\/wp-json\/wp\/v2\/tags?post=4687"}],"curies":[{"name":"wp","href":"https:\/\/api.w.org\/{rel}","templated":true}]}}