{"id":6,"date":"2014-06-10T10:47:39","date_gmt":"2014-06-10T09:47:39","guid":{"rendered":"http:\/\/www.auborddeleau.brussels\/?page_id=6"},"modified":"2025-12-10T11:20:22","modified_gmt":"2025-12-10T10:20:22","slug":"au-bord-de-leau","status":"publish","type":"page","link":"https:\/\/www.auborddeleau.brussels\/","title":{"rendered":"ACCUEIL"},"content":{"rendered":"<p><iframe loading=\"lazy\" title=\"Expire\" src=\"https:\/\/www.youtube.com\/embed\/LRBsKqyQ8jM?rel=0&amp;autoplay=1&amp;mute=1\" width=\"471\" height=\"352\" frameborder=\"0\" allowfullscreen=\"allowfullscreen\"><\/iframe><\/p>\n<p>D&rsquo;autres VIDEOS sur <a href=\"https:\/\/www.youtube.com\/channel\/UCtDmM_b-6768wV1paPOelnQ\">youtube.com\/channel\/&#8230;<\/a><\/p>\n<p align=\"justify\"><strong>Le 1er mars 2018 est n\u00e9 le premier et le seul bassin de th\u00e9rapies aquatiques bruxellois. <br>Il est install\u00e9 au centre d&rsquo;Uccle<br><\/strong><\/p>\n<div class=\"x11i5rnm xat24cr x1mh8g0r x1vvkbs xtlvy1s x126k92a\">\n<div dir=\"auto\">L\u2019eau te rend l\u00e9ger.e, d\u00e9sactive la gravit\u00e9 et offre \u00e0 ta colonne une th\u00e9rapie silencieuse que le sol ne peut pas donner.<\/div>\n<div dir=\"auto\">L\u2019eau corrige subtilement la posture que la gravit\u00e9 d\u00e9forme.<\/div>\n<\/div>\n<p align=\"justify\"><strong>Dot\u00e9 d&rsquo;une eau chauff\u00e9e \u00e0 34.5\u00b0,<\/strong> il permet de donner des massages issus du Watsu\u00ae, Aquasoma\u00ae, Wata\u00ae, Healing dance\u00ae, Atma janzu\u00ae, de l&rsquo;ost\u00e9opathie aquatique, autant de disciplines aquatiques qui lib\u00e8rent les tensions physiques, psychiques et mentales.<\/p>\n<p align=\"justify\"><strong>Au bord de l&rsquo;eau est aussi un centre th\u00e9rapeutique pluridisciplinaire<\/strong><\/p>\n<div style=\"width: 625px;\" class=\"wp-video\"><video class=\"wp-video-shortcode\" id=\"video-6-1\" width=\"625\" height=\"352\" preload=\"metadata\" controls=\"controls\"><source type=\"video\/mp4\" src=\"https:\/\/www.auborddeleau.brussels\/wp-content\/uploads\/2024\/05\/LU-Au_bord_de_Leau_16_9.mp4?_=1\" \/><a href=\"https:\/\/www.auborddeleau.brussels\/wp-content\/uploads\/2024\/05\/LU-Au_bord_de_Leau_16_9.mp4\">https:\/\/www.auborddeleau.brussels\/wp-content\/uploads\/2024\/05\/LU-Au_bord_de_Leau_16_9.mp4<\/a><\/video><\/div>\n<p align=\"justify\"><strong>Plusieurs th\u00e9rapeutes se partagent les lieux:<br><\/strong>Soin \u00e9nerg\u00e9tique, kin\u00e9siologie,<br>Sophrologie, Nutrition, <br>Th\u00e9rapie syst\u00e9mique et familiale, th\u00e9rapie en relation d&rsquo;\u00eatre,<br>Chi nei tsang, massage \u00e9nerg\u00e9tique, massage californien, Shiatsu, Seiki, <br>Massage pr\u00e9 et post natal,<\/p>\n<p align=\"justify\">Les bains de Sonia pour les nourrissons,&nbsp;<br>Coaching artistique, coaching professionnel et de vie,<br>Massage Rebozo et rituel Rebozo,<\/p>\n<p>Nous accueillons \u00e9galement les b\u00e9b\u00e9s et les enfants,<\/p>\n<p><strong>et des cours collectifs<\/strong> : Ateliers de massage aquatique, Biodanza, Cercle de femmes, Emovere (respiration profonde, exercices bio\u00e9nerg\u00e9tiques, et mouvements lents pour assouplir les fascias), Jam de danse contact aquatique, Rebozo, Yogaquatique, YOGA ASHTANGA, Yoga pour s\u00e9niors, Relaxation aquatique, M\u00e9thode Pilate (voir page cours collectifs)<\/p>\n<p>Et <strong>des formations certifiantes<\/strong> de Aquasoma, Wata, Healing dance, Accompagnement pr\u00e9natal aquatique (voir page formations)<\/p>\n<p align=\"justify\"><strong>A l&rsquo;origine du projet,<\/strong> une architecte-urbaniste, en qu\u00eate d&rsquo;une reconversion douce, Dominique Dosogne. Elle a abord\u00e9 la communication par le toucher,&nbsp;premier sens \u00e9veill\u00e9, par le massage californien, puis des massages tha\u00ef et ayurv\u00e9dique. Elle a pris conscience de la puissance du toucher, \u00e0 la recherche de l\u2019\u00e9coute de l&rsquo;autre, dans le respect de chacun. Fin 2013, elle est totalement s\u00e9duite par le Watsu, \u00e0 la suite du premier WE de formation aupr\u00e8s d&rsquo;Yves Delattre. Elle lui doit beaucoup, dont la conviction que sa seconde vie se passera dans l&rsquo;eau.<\/p>\n<p align=\"justify\"><strong>Au Bord de l&rsquo;eau est donc l&rsquo;histoire d&rsquo;un projet unique \u00e0 Bruxelles.<\/strong> Convaincue que le massage aquatique est une exp\u00e9rience que tout un chacun.e doit vivre, elle n&rsquo;h\u00e9site pas \u00e0 se lancer dans l&rsquo;aventure, aid\u00e9e, soutenue, accompagn\u00e9e des siens.<\/p>\n<p align=\"justify\">Nous avons re\u00e7u le label de l&rsquo;Innovation par la commune en 2024.<\/p>\n<p>Le bassin est \u00e9galement un lieu de cr\u00e9ation artistique.<\/p>\n<p>Lieu de tournage pour un travail de fin d\u2019\u00e9tude d&rsquo;Agnes Walpen, de photographie avec Jean-Marie Ghislain, de tournage du documentaire Ech(o)es de Chlo\u00e9 De Bon.<\/p>\n<p>Ce rejoint ici mon premier d\u00e9sir de cr\u00e9er un lieu de W.<strong>ART<\/strong>.SU<\/p>\n<p><span id=\"propsShortcode\" class=\"regular-text\"><div id=\"metaslider-id-202\" style=\"width: 100%; margin: 0 auto;\" class=\"ml-slider-3-106-0 metaslider metaslider-flex metaslider-202 ml-slider has-dots-nav has-carousel-mode ms-theme-default\" role=\"region\" aria-label=\"Nouveau diaporama\" data-height=\"310\" data-width=\"310\">\n    <div id=\"metaslider_container_202\">\n        <div id=\"metaslider_202\">\n            <ul class='slides'>\n                <li style=\"display: none; width: 100%;\" class=\"slide-919 ms-image \" aria-roledescription=\"slide\" data-date=\"2018-12-29 17:27:57\" data-filename=\"voler_-310x310.jpg\" data-slide-type=\"image\"><img loading=\"lazy\" decoding=\"async\" src=\"https:\/\/www.auborddeleau.brussels\/wp-content\/uploads\/2018\/12\/voler_-310x310.jpg\" height=\"310\" width=\"310\" alt=\"\" class=\"slider-202 slide-919 msDefaultImage\" title=\"voler_\" \/><\/li>\n                <li style=\"display: none; width: 100%;\" class=\"slide-907 ms-image \" aria-roledescription=\"slide\" data-date=\"2018-12-29 17:25:39\" data-filename=\"20180629_100210-310x310.jpg\" data-slide-type=\"image\"><img loading=\"lazy\" decoding=\"async\" src=\"https:\/\/www.auborddeleau.brussels\/wp-content\/uploads\/2018\/12\/20180629_100210-310x310.jpg\" height=\"310\" width=\"310\" alt=\"\" class=\"slider-202 slide-907 msDefaultImage\" title=\"20180629_100210\" \/><\/li>\n                <li style=\"display: none; width: 100%;\" class=\"slide-901 ms-image \" aria-roledescription=\"slide\" data-date=\"2018-12-29 17:25:39\" data-filename=\"20180426_110449-310x310.jpg\" data-slide-type=\"image\"><img loading=\"lazy\" decoding=\"async\" src=\"https:\/\/www.auborddeleau.brussels\/wp-content\/uploads\/2018\/12\/20180426_110449-310x310.jpg\" height=\"310\" width=\"310\" alt=\"\" class=\"slider-202 slide-901 msDefaultImage\" title=\"20180426_110449\" \/><\/li>\n                <li style=\"display: none; width: 100%;\" class=\"slide-891 ms-image \" aria-roledescription=\"slide\" data-date=\"2018-12-29 17:24:02\" data-filename=\"20180323_152238-1-310x310.jpg\" data-slide-type=\"image\"><img loading=\"lazy\" decoding=\"async\" src=\"https:\/\/www.auborddeleau.brussels\/wp-content\/uploads\/2018\/12\/20180323_152238-1-310x310.jpg\" height=\"310\" width=\"310\" alt=\"\" class=\"slider-202 slide-891 msDefaultImage\" title=\"20180323_152238\" \/><\/li>\n                <li style=\"display: none; width: 100%;\" class=\"slide-905 ms-image \" aria-roledescription=\"slide\" data-date=\"2018-12-29 17:25:39\" data-filename=\"20180616_121111-310x310.jpg\" data-slide-type=\"image\"><img loading=\"lazy\" decoding=\"async\" src=\"https:\/\/www.auborddeleau.brussels\/wp-content\/uploads\/2018\/12\/20180616_121111-310x310.jpg\" height=\"310\" width=\"310\" alt=\"\" class=\"slider-202 slide-905 msDefaultImage\" title=\"20180616_121111\" \/><\/li>\n                <li style=\"display: none; width: 100%;\" class=\"slide-915 ms-image \" aria-roledescription=\"slide\" data-date=\"2018-12-29 17:27:57\" data-filename=\"Image1--310x310.jpg\" data-slide-type=\"image\"><img loading=\"lazy\" decoding=\"async\" src=\"https:\/\/www.auborddeleau.brussels\/wp-content\/uploads\/2018\/12\/Image1--310x310.jpg\" height=\"310\" width=\"310\" alt=\"\" class=\"slider-202 slide-915 msDefaultImage\" title=\"Image1-\" \/><\/li>\n                <li style=\"display: none; width: 100%;\" class=\"slide-923 ms-image \" aria-roledescription=\"slide\" data-date=\"2018-12-29 17:28:42\" data-filename=\"Anouk_Noe_-310x310.jpg\" data-slide-type=\"image\"><img loading=\"lazy\" decoding=\"async\" src=\"https:\/\/www.auborddeleau.brussels\/wp-content\/uploads\/2018\/12\/Anouk_Noe_-310x310.jpg\" height=\"310\" width=\"310\" alt=\"\" class=\"slider-202 slide-923 msDefaultImage\" title=\"Anouk_Noe_\" \/><\/li>\n                <li style=\"display: none; width: 100%;\" class=\"slide-188 ms-image \" aria-roledescription=\"slide\" data-date=\"2016-02-13 17:40:33\" data-filename=\"05-310x310.jpg\" data-slide-type=\"image\"><img loading=\"lazy\" decoding=\"async\" src=\"https:\/\/www.auborddeleau.brussels\/wp-content\/uploads\/2016\/02\/05-310x310.jpg\" height=\"310\" width=\"310\" alt=\"\" class=\"slider-202 slide-188 msDefaultImage\" \/><\/li>\n                <li style=\"display: none; width: 100%;\" class=\"slide-193 ms-image \" aria-roledescription=\"slide\" data-date=\"2016-02-13 17:40:43\" data-filename=\"11-310x310.jpg\" data-slide-type=\"image\"><img loading=\"lazy\" decoding=\"async\" src=\"https:\/\/www.auborddeleau.brussels\/wp-content\/uploads\/2016\/02\/11-310x310.jpg\" height=\"310\" width=\"310\" alt=\"\" class=\"slider-202 slide-193 msDefaultImage\" \/><\/li>\n                <li style=\"display: none; width: 100%;\" class=\"slide-365 ms-image \" aria-roledescription=\"slide\" data-date=\"2017-07-30 14:51:37\" data-filename=\"Wata_05-310x310.jpg\" data-slide-type=\"image\"><img loading=\"lazy\" decoding=\"async\" src=\"https:\/\/www.auborddeleau.brussels\/wp-content\/uploads\/2017\/07\/Wata_05-310x310.jpg\" height=\"310\" width=\"310\" alt=\"\" class=\"slider-202 slide-365 msDefaultImage\" \/><\/li>\n                <li style=\"display: none; width: 100%;\" class=\"slide-366 ms-image \" aria-roledescription=\"slide\" data-date=\"2017-07-30 14:51:37\" data-filename=\"Wata_04-252x251.jpg\" data-slide-type=\"image\"><img loading=\"lazy\" decoding=\"async\" src=\"https:\/\/www.auborddeleau.brussels\/wp-content\/uploads\/2017\/07\/Wata_04-252x251.jpg\" height=\"310\" width=\"310\" alt=\"\" class=\"slider-202 slide-366 msDefaultImage\" \/><\/li>\n                <li style=\"display: none; width: 100%;\" class=\"slide-368 ms-image \" aria-roledescription=\"slide\" data-date=\"2017-07-30 14:52:44\" data-filename=\"trasqua12-310x310.jpg\" data-slide-type=\"image\"><img loading=\"lazy\" decoding=\"async\" src=\"https:\/\/www.auborddeleau.brussels\/wp-content\/uploads\/2017\/07\/trasqua12-310x310.jpg\" height=\"310\" width=\"310\" alt=\"\" class=\"slider-202 slide-368 msDefaultImage\" \/><\/li>\n                <li style=\"display: none; width: 100%;\" class=\"slide-929 ms-image \" aria-roledescription=\"slide\" data-date=\"2018-12-29 17:35:09\" data-filename=\"Salle_-310x310.jpg\" data-slide-type=\"image\"><img loading=\"lazy\" decoding=\"async\" src=\"https:\/\/www.auborddeleau.brussels\/wp-content\/uploads\/2018\/12\/Salle_-310x310.jpg\" height=\"310\" width=\"310\" alt=\"\" class=\"slider-202 slide-929 msDefaultImage\" title=\"Salle_\" \/><\/li>\n                <li style=\"display: none; width: 100%;\" class=\"slide-3233 ms-image \" aria-roledescription=\"slide\" data-date=\"2023-11-05 17:34:51\" data-filename=\"70--scaled-310x310.jpg\" data-slide-type=\"image\"><img loading=\"lazy\" decoding=\"async\" src=\"https:\/\/www.auborddeleau.brussels\/wp-content\/uploads\/2023\/11\/70--scaled-310x310.jpg\" height=\"310\" width=\"310\" alt=\"\" class=\"slider-202 slide-3233 msDefaultImage\" title=\"70-\" \/><\/li>\n                <li style=\"display: none; width: 100%;\" class=\"slide-3235 ms-image \" aria-roledescription=\"slide\" data-date=\"2023-11-05 17:35:12\" data-filename=\"01-scaled-310x310.jpg\" data-slide-type=\"image\"><img loading=\"lazy\" decoding=\"async\" src=\"https:\/\/www.auborddeleau.brussels\/wp-content\/uploads\/2016\/11\/01-scaled-310x310.jpg\" height=\"310\" width=\"310\" alt=\"\" class=\"slider-202 slide-3235 msDefaultImage\" title=\"01\" \/><\/li>\n                <li style=\"display: none; width: 100%;\" class=\"slide-3237 ms-image \" aria-roledescription=\"slide\" data-date=\"2023-11-05 17:35:39\" data-filename=\"Anouk2-310x310.jpg\" data-slide-type=\"image\"><img loading=\"lazy\" decoding=\"async\" src=\"https:\/\/www.auborddeleau.brussels\/wp-content\/uploads\/2021\/03\/Anouk2-310x310.jpg\" height=\"310\" width=\"310\" alt=\"\" class=\"slider-202 slide-3237 msDefaultImage\" title=\"Anouk2\" \/><\/li>\n                <li style=\"display: none; width: 100%;\" class=\"slide-3241 ms-image \" aria-roledescription=\"slide\" data-date=\"2023-11-05 17:36:59\" data-filename=\"Au_Bord_de_leau-5-scaled-310x310.jpg\" data-slide-type=\"image\"><img loading=\"lazy\" decoding=\"async\" src=\"https:\/\/www.auborddeleau.brussels\/wp-content\/uploads\/2023\/11\/Au_Bord_de_leau-5-scaled-310x310.jpg\" height=\"310\" width=\"310\" alt=\"\" class=\"slider-202 slide-3241 msDefaultImage\" title=\"Au_Bord_de_leau-5\" \/><\/li>\n                <li style=\"display: none; width: 100%;\" class=\"slide-3245 ms-image \" aria-roledescription=\"slide\" data-date=\"2023-11-05 17:40:04\" data-filename=\"20180629_100210-scaled-310x310.jpg\" data-slide-type=\"image\"><img loading=\"lazy\" decoding=\"async\" src=\"https:\/\/www.auborddeleau.brussels\/wp-content\/uploads\/2023\/11\/20180629_100210-scaled-310x310.jpg\" height=\"310\" width=\"310\" alt=\"\" class=\"slider-202 slide-3245 msDefaultImage\" title=\"20180629_100210\" \/><\/li>\n                <li style=\"display: none; width: 100%;\" class=\"slide-3247 ms-image \" aria-roledescription=\"slide\" data-date=\"2023-11-05 17:40:22\" data-filename=\"ABDE06-1.jpg\" data-slide-type=\"image\"><img loading=\"lazy\" decoding=\"async\" src=\"https:\/\/www.auborddeleau.brussels\/wp-content\/uploads\/2023\/10\/ABDE06-1.jpg\" height=\"310\" width=\"310\" alt=\"\" class=\"slider-202 slide-3247 msDefaultImage\" title=\"ABDE06-1\" \/><\/li>\n                <li style=\"display: none; width: 100%;\" class=\"slide-3249 ms-image \" aria-roledescription=\"slide\" data-date=\"2023-11-05 17:40:37\" data-filename=\"124-_--scaled-310x310.jpg\" data-slide-type=\"image\"><img loading=\"lazy\" decoding=\"async\" src=\"https:\/\/www.auborddeleau.brussels\/wp-content\/uploads\/2023\/11\/124-_--scaled-310x310.jpg\" height=\"310\" width=\"310\" alt=\"\" class=\"slider-202 slide-3249 msDefaultImage\" title=\"124-_-\" \/><\/li>\n                <li style=\"display: none; width: 100%;\" class=\"slide-3251 ms-image \" aria-roledescription=\"slide\" data-date=\"2023-11-05 17:40:57\" data-filename=\"HD2-02-scaled-310x310.jpg\" data-slide-type=\"image\"><img loading=\"lazy\" decoding=\"async\" src=\"https:\/\/www.auborddeleau.brussels\/wp-content\/uploads\/2023\/07\/HD2-02-scaled-310x310.jpg\" height=\"310\" width=\"310\" alt=\"\" class=\"slider-202 slide-3251 msDefaultImage\" title=\"HD2-02\" \/><\/li>\n            <\/ul>\n        <\/div>\n        \n    <\/div>\n<\/div><\/span><\/p>\n\n\n<p><\/p>\n","protected":false},"excerpt":{"rendered":"<p>D&rsquo;autres VIDEOS sur youtube.com\/channel\/&#8230; Le 1er mars 2018 est n\u00e9 le premier et le seul bassin de th\u00e9rapies aquatiques bruxellois. Il est install\u00e9 au centre d&rsquo;Uccle L\u2019eau te rend l\u00e9ger.e, d\u00e9sactive la gravit\u00e9 et offre \u00e0 ta colonne une th\u00e9rapie silencieuse que le sol ne peut pas donner. L\u2019eau corrige subtilement la posture que la [&hellip;]<\/p>\n","protected":false},"author":1,"featured_media":0,"parent":0,"menu_order":0,"comment_status":"closed","ping_status":"closed","template":"page-templates\/full-width.php","meta":{"footnotes":""},"categories":[],"tags":[],"class_list":["post-6","page","type-page","status-publish","hentry"],"_links":{"self":[{"href":"https:\/\/www.auborddeleau.brussels\/index.php\/wp-json\/wp\/v2\/pages\/6","targetHints":{"allow":["GET"]}}],"collection":[{"href":"https:\/\/www.auborddeleau.brussels\/index.php\/wp-json\/wp\/v2\/pages"}],"about":[{"href":"https:\/\/www.auborddeleau.brussels\/index.php\/wp-json\/wp\/v2\/types\/page"}],"author":[{"embeddable":true,"href":"https:\/\/www.auborddeleau.brussels\/index.php\/wp-json\/wp\/v2\/users\/1"}],"replies":[{"embeddable":true,"href":"https:\/\/www.auborddeleau.brussels\/index.php\/wp-json\/wp\/v2\/comments?post=6"}],"version-history":[{"count":81,"href":"https:\/\/www.auborddeleau.brussels\/index.php\/wp-json\/wp\/v2\/pages\/6\/revisions"}],"predecessor-version":[{"id":4679,"href":"https:\/\/www.auborddeleau.brussels\/index.php\/wp-json\/wp\/v2\/pages\/6\/revisions\/4679"}],"wp:attachment":[{"href":"https:\/\/www.auborddeleau.brussels\/index.php\/wp-json\/wp\/v2\/media?parent=6"}],"wp:term":[{"taxonomy":"category","embeddable":true,"href":"https:\/\/www.auborddeleau.brussels\/index.php\/wp-json\/wp\/v2\/categories?post=6"},{"taxonomy":"post_tag","embeddable":true,"href":"https:\/\/www.auborddeleau.brussels\/index.php\/wp-json\/wp\/v2\/tags?post=6"}],"curies":[{"name":"wp","href":"https:\/\/api.w.org\/{rel}","templated":true}]}}