{"id":721,"date":"2018-10-04T11:24:27","date_gmt":"2018-10-04T10:24:27","guid":{"rendered":"http:\/\/www.auborddeleau.brussels\/?page_id=721"},"modified":"2022-03-11T11:53:34","modified_gmt":"2022-03-11T10:53:34","slug":"les-energies-subtiles","status":"publish","type":"page","link":"https:\/\/www.auborddeleau.brussels\/index.php\/les-energies-subtiles\/","title":{"rendered":"Les \u00e9nergies subtiles &#8211; LAURIE LARDINOIS"},"content":{"rendered":"\n<figure class=\"wp-block-image size-large is-resized\"><img loading=\"lazy\" decoding=\"async\" src=\"https:\/\/www.auborddeleau.brussels\/wp-content\/uploads\/2022\/02\/Laurie-NB1.jpg\" alt=\"\" class=\"wp-image-2469\" width=\"333\" height=\"345\" srcset=\"https:\/\/www.auborddeleau.brussels\/wp-content\/uploads\/2022\/02\/Laurie-NB1.jpg 294w, https:\/\/www.auborddeleau.brussels\/wp-content\/uploads\/2022\/02\/Laurie-NB1-289x300.jpg 289w\" sizes=\"auto, (max-width: 333px) 100vw, 333px\" \/><\/figure>\n\n\n<p>Enseign\u00e9 et cr\u00e9\u00e9 par Jan Janssen, ancien professeur \u00e0 l\u2019\u00e9cole de Barbara Ann Brennan (auteur de \u201cLe pouvoir b\u00e9n\u00e9fique des mains\u201d &amp; \u201cGu\u00e9rir par la lumi\u00e8re\u201d).<\/p>\n<p>Lorsqu\u2019un \u00e9v\u00e8nement entra\u00eene une r\u00e9ponse \u00e9motionnelle ing\u00e9rable \u00e0 traiter pour nous, notre syst\u00e8me fige cela dans notre champ d\u2019\u00e9nergie, en attendant que nous ayons la capacit\u00e9 de la traiter plus tard. Cela nous permet de pouvoir continuer \u00e0 fonctionner normalement et survivre. Par exemple, en tant qu\u2019enfant, nous sommes souvent confront\u00e9 \u00e0 des situations qui d\u00e9passent notre syst\u00e8me encore en d\u00e9veloppement, nous manquons de mots, de compr\u00e9hension, de conscience et de ressources n\u00e9cessaires. Ces \u00e9motions restent enregistr\u00e9es et fig\u00e9es dans un endroit de notre champ (et de notre corps physique) et entra\u00eenent une perturbation de la circulation de l\u2019\u00e9nergie, des croyances limitantes sur la vie, des r\u00e9ponses \u00e9motionnelles d\u00e9s\u00e9quilibr\u00e9es et parfois des probl\u00e8mes physiques.<br>Cet endroit fig\u00e9 le restera jusqu\u2019\u00e0 ce qu\u2019il re\u00e7oive assez d\u2019\u00e9nergie\/conscience &#8211; de ressources pour accueillir ces \u00e9motions afin qu\u2019elles puissent circuler \u00e0 nouveau et se lib\u00e9rer.<br>C\u2019est exactement le r\u00f4le du th\u00e9rapeute lors d\u2019un soin \u00e9nerg\u00e9tique : donner assez de ressources et d\u2019\u00e9nergie\/conscience pour d\u00e9lier l\u2019endroit fig\u00e9.<\/p>\n<p>Concr\u00e8tement :<\/p>\n<p>Je vous re\u00e7ois en \u00e9tat de pleine pr\u00e9sence et d\u2019alignement, nous commen\u00e7ons par un entretien verbal, avec lequel nous d\u00e9finissons votre besoin, votre objectif.<br>Ensuite, nous continuons le travail, soit :<br>\u2022 couch\u00e9 sur le dos sur la table de massage, vous recevez un soin \u00e9nerg\u00e9tique, o\u00f9 je me connecte \u00e0 votre champ d\u2019\u00e9nergie et j\u2019effectue un travail profond sur les diff\u00e9rents aspects de votre \u00eatre. Souvent en silence, parfois avec des mots, vous vous retrouvez en \u00e9tat de relaxation profonde.<br>\u2022 toujours assis, je vous guide \u00e9nerg\u00e9tiquement et verbalement pour traverser vous-m\u00eame votre propre processus, vous avez une part plus consciente et active dans le travail, et apprenez \u00e0 \u00eatre autonome.<br>Pour vous, recevoir un soin \u00e9nerg\u00e9tique ressemble \u00e0 :<\/p>\n<p>Quitter les mots et les pens\u00e9es, vous laissez guider vers les sensations de votre corps ou les images qui vous traversent, gr\u00e2ce \u00e0 l\u2019imposition des mains du th\u00e9rapeute et arriver dans un \u00e9tat de relaxation profonde.<br>Le soin \u00e9nerg\u00e9tique permet d\u2019aller toucher avec respect, s\u00e9curit\u00e9 et infinie douceur les aspects les plus profonds de notre \u00eatre afin d\u2019apaiser nos blessures.<br>Les soins \u00e9nerg\u00e9tiques prennent en compte toutes les dimensions de l\u2019\u00eatre humain, le corps physique, les \u00e9motions, les pens\u00e9es, notre syst\u00e8me \u00e9nerg\u00e9tique, nos rapports relationnels et notre chemin de vie, notre dimension spirituelle.<br>Le soin d\u00e9tend, nettoie, r\u00e9tablit la circulation de l\u2019\u00e9nergie, lib\u00e8re nos \u00e9motions bloqu\u00e9es, r\u00e9\u00e9quilibre, nous recentre et nous r\u00e9aligne avec notre axe. Il stimule le propre syst\u00e8me d\u2019autogu\u00e9rison du corps et permet d\u2019atteindre nos niveaux subconscients et inconscients.<\/p>\n<p>Laurie Lardinois est certifi\u00e9e praticienne en \u00c9nergies Subtiles et form\u00e9e par Jan Janssen<br>Contact : <\/p>\n<p>Contact : 0497.08.08.40<\/p>\n<p><a href=\"mailto:laurielullaby@gmail.com\" target=\"_blank\" rel=\"noreferrer noopener\">laurielullaby@gmail.com<\/a><\/p>\n<p><a href=\"https:\/\/www.laurielardinois.com\" target=\"_blank\" rel=\"noreferrer noopener\" data-saferedirecturl=\"https:\/\/www.google.com\/url?q=https:\/\/www.laurielardinois.com&amp;source=gmail&amp;ust=1647080066998000&amp;usg=AOvVaw2Jmr176GvDAOWsuWneNGxm\">www.laurielardinois.com<\/a><\/p>","protected":false},"excerpt":{"rendered":"<p>Enseign\u00e9 et cr\u00e9\u00e9 par Jan Janssen, ancien professeur \u00e0 l\u2019\u00e9cole de Barbara Ann Brennan (auteur de \u201cLe pouvoir b\u00e9n\u00e9fique des mains\u201d &amp; \u201cGu\u00e9rir par la lumi\u00e8re\u201d). Lorsqu\u2019un \u00e9v\u00e8nement entra\u00eene une r\u00e9ponse \u00e9motionnelle ing\u00e9rable \u00e0 traiter pour nous, notre syst\u00e8me fige cela dans notre champ d\u2019\u00e9nergie, en attendant que nous ayons la capacit\u00e9 de la traiter [&hellip;]<\/p>\n","protected":false},"author":1,"featured_media":0,"parent":0,"menu_order":0,"comment_status":"closed","ping_status":"closed","template":"page-templates\/full-width.php","meta":{"footnotes":""},"categories":[],"tags":[],"class_list":["post-721","page","type-page","status-publish","hentry"],"_links":{"self":[{"href":"https:\/\/www.auborddeleau.brussels\/index.php\/wp-json\/wp\/v2\/pages\/721","targetHints":{"allow":["GET"]}}],"collection":[{"href":"https:\/\/www.auborddeleau.brussels\/index.php\/wp-json\/wp\/v2\/pages"}],"about":[{"href":"https:\/\/www.auborddeleau.brussels\/index.php\/wp-json\/wp\/v2\/types\/page"}],"author":[{"embeddable":true,"href":"https:\/\/www.auborddeleau.brussels\/index.php\/wp-json\/wp\/v2\/users\/1"}],"replies":[{"embeddable":true,"href":"https:\/\/www.auborddeleau.brussels\/index.php\/wp-json\/wp\/v2\/comments?post=721"}],"version-history":[{"count":6,"href":"https:\/\/www.auborddeleau.brussels\/index.php\/wp-json\/wp\/v2\/pages\/721\/revisions"}],"predecessor-version":[{"id":2565,"href":"https:\/\/www.auborddeleau.brussels\/index.php\/wp-json\/wp\/v2\/pages\/721\/revisions\/2565"}],"wp:attachment":[{"href":"https:\/\/www.auborddeleau.brussels\/index.php\/wp-json\/wp\/v2\/media?parent=721"}],"wp:term":[{"taxonomy":"category","embeddable":true,"href":"https:\/\/www.auborddeleau.brussels\/index.php\/wp-json\/wp\/v2\/categories?post=721"},{"taxonomy":"post_tag","embeddable":true,"href":"https:\/\/www.auborddeleau.brussels\/index.php\/wp-json\/wp\/v2\/tags?post=721"}],"curies":[{"name":"wp","href":"https:\/\/api.w.org\/{rel}","templated":true}]}}