{"id":785,"date":"2018-10-27T15:59:56","date_gmt":"2018-10-27T14:59:56","guid":{"rendered":"http:\/\/www.auborddeleau.brussels\/?page_id=785"},"modified":"2024-04-19T11:22:31","modified_gmt":"2024-04-19T10:22:31","slug":"esther-genicot","status":"publish","type":"page","link":"https:\/\/www.auborddeleau.brussels\/index.php\/esther-genicot\/","title":{"rendered":"Esther Genicot &#8211; Th\u00e9rapie psycho-corporelle &#8211; LGBTQIA + Friendly"},"content":{"rendered":"\n<p><\/p>\n\n\n<p><a href=\"https:\/\/www.auborddeleau.brussels\/wp-content\/uploads\/2018\/10\/Esther-1.jpg\"><img loading=\"lazy\" decoding=\"async\" class=\"alignnone size-full wp-image-801\" src=\"https:\/\/www.auborddeleau.brussels\/wp-content\/uploads\/2018\/10\/Esther-1.jpg\" alt=\"\" width=\"300\" height=\"300\"><\/a><\/p>\n<h1><span style=\"font-size: small;\">Vous \u00eates un.e adolescent.e*, un.e \u00e9tudiant.e*, un.e jeune adulte* , un.e adulte* &#8230;<\/span><\/h1>\n<p dir=\"ltr\">&#8211; Epuis\u00e9.e par les exigences de vos \u00e9tudes ou de votre carri\u00e8re professionnelle&nbsp; (Burn-out\/Bore-out) ?&nbsp;<br>&#8211; En train de traverser une p\u00e9riode de deuil, de d\u00e9pression\/d\u00e9pression postpartum, de s\u00e9paration, de divorce, de violences conjugales\/familiales\/<wbr>professionnelles, de harc\u00e8lement, de crise ?<br>&#8211; En qu\u00eate d&rsquo;explorations de votre identit\u00e9 LGBTQIA+ (lesbienne, gay, bisexuel\u00b7le, transgenre, queer, intersexe, agenre, asexuel\u00b7le, plus, etc.), de votre\/vos orientations sexuelles\/relationnelles\/<wbr>affectives\/amoureuses (relation ouverte, polyamour etc.) ?&nbsp;<br>&#8211; Ayant besoin de mieux comprendre et de prendre soin de votre neurodivergence.s\/neuroatypie.<wbr>s (Haut Potentiel \u00c9motionnel, Haut potentiel Intellectuel, spectre de l\u2019autisme\u2026) ?&nbsp;<br>&#8211; Vivant avec une douleur ou une maladie chronique ?&nbsp;<br>&#8211; Souffrant de sympt\u00f4mes li\u00e9s \u00e0 un \u00e9tat de stress post-traumatique suite \u00e0 un accident de la route, un accident du travail, une maladie grave, au fait d\u2019avoir \u00e9t\u00e9 t\u00e9moin d\u2019un geste suicidaire, un inceste, un viol, des maltraitances psychologiques dans l\u2019enfance, du harc\u00e8lement \u00e0 l\u2019\u00e9cole, des violences dans le couple, un attentat, une guerre\u2026 ?&nbsp;<br>&#8211; Ayant le besoin de vous reconstruire apr\u00e8s une p\u00e9riode de crise ?&nbsp;<br>&#8211; Ab\u00eem\u00e9.e par des violences sexistes, validistes, racistes\u2026 ?&nbsp;<br>&#8211; En p\u00e9riode de transformation ou en recherche de r\u00e9g\u00e9n\u00e9ration physique, \u00e9motionnelle, mentale et \u00e9nerg\u00e9tique ?&nbsp;<\/p>\n<p dir=\"ltr\">En tant que th\u00e9rapeute psycho-corporelle, je propose un accompagnement, hebdomadaire ou occasionnel, qui se veut global, inclusif, subtil, bienveillant, s\u00e9curisant et engag\u00e9. Toujours \u00e0 l&rsquo;\u00e9coute et dans le respect de votre corps, de votre identit\u00e9, de vos valeurs, de votre r\u00e9seau et de votre vision propre et singuli\u00e8re, je ne me donne qu&rsquo;une mission : vous soutenir sur votre chemin de gu\u00e9rison, de libert\u00e9, d\u2019autod\u00e9termination, relationnel et de vie.&nbsp;<\/p>\n<p dir=\"ltr\">\u263e <b>Comment ?&nbsp;<\/b><\/p>\n<p dir=\"ltr\">Pour vous accompagner avec bienveillance et s\u00e9curit\u00e9, j&rsquo;estime qu&rsquo;il est primordial de vous consid\u00e9rer dans votre globalit\u00e9 : corporelle, \u00e9motionnelle, psychologique, relationnelle, symbolique et \u00e9nerg\u00e9tique. C&rsquo;est pourquoi je travaille \u00e0 l\u2019aide de l&rsquo;accompagnement psychologique, \u00e9motionnel, corporel et \u00e9nerg\u00e9tique. J\u2019utilise \u00e9galement des outils tels que le massage, le toucher \u00e9nerg\u00e9tique, l\u2019hypnose, des jeux de r\u00f4le inspir\u00e9s de la constellation familiale, mais aussi l\u2019\u00e9criture ou le dessin.<\/p>\n<p dir=\"ltr\">Mon approche est nourrie de diff\u00e9rents courants : l\u2019analyse bio\u00e9nerg\u00e9tique, syst\u00e9mique familiale, analytique jungienne, reichienne, humaniste, psycho-corporelle, \u00e9nerg\u00e9tique, transpersonnelle, l\u2019hypnose, le massage, les pratiques somatiques, les soins \u00e9nerg\u00e9tiques, la respiration holotropique.&nbsp;<\/p>\n<p dir=\"ltr\">\u263e <b>Les bienfaits ?<\/b><\/p>\n<p dir=\"ltr\">La th\u00e9rapie psycho-corporelle permet, en \u00e9clairant le chemin de votre vie (votre histoire pass\u00e9e, pr\u00e9sente ou future, vos d\u00e9sirs et vos peurs, vos relations conjugales, familiales et professionnelles) de vous aider \u00e0 vous reconstruire apr\u00e8s des traumatismes ou des \u00e9preuves. De redonner du sens \u00e0 votre vie. De poursuivre un d\u00e9veloppement personnel et inter-relationnel .&nbsp;<\/p>\n<p dir=\"ltr\">Elle permet \u00e9galement de d\u00e9tendre et de r\u00e9\u00e9nergiser profond\u00e9ment et globalement votre corps en vous aidant \u00e0 vous lib\u00e9rer de vos tensions physiques, \u00e9motionnelles et mentales. Et ainsi, elle apaise vos douleurs corporelles chroniques : migraines, troubles musculo-squelettiques, psychosomatiques, fatigue, \u00e9puisement, acouph\u00e8nes etc. Et r\u00e9duit votre stress, vos troubles anxieux ou d\u00e9pressifs, vos angoisses, insomnies ou autres \u00e9tats douloureux.<\/p>\n<p>\u263e<b> En pratique ?&nbsp;<\/b><\/p>\n<p dir=\"ltr\">Les s\u00e9ances durent 1h. En leurs seins, nous explorons votre psych\u00e9 en alternant entre le travail par la parole, les \u00e9motions et le corps.<\/p>\n<p dir=\"ltr\">Le prix est de 70\u20ac ou 65\u20ac\/60\u20ac (tarif r\u00e9duit) (L&rsquo;argent de ne doit pas \u00eatre un frein \u00e0 la th\u00e9rapie, nous pouvons en discuter librement. N&rsquo;h\u00e9sitez donc pas si vous en ressentez le besoin).<\/p>\n<p dir=\"ltr\">Vous trouverez plus d\u2019informations sur mon approche et mon parcours sur mon site internet : <a href=\"https:\/\/genicotesther.wixsite.com\/genicotesther\" target=\"_blank\" rel=\"noopener\" data-saferedirecturl=\"https:\/\/www.google.com\/url?q=https:\/\/genicotesther.wixsite.com\/genicotesther&amp;source=gmail&amp;ust=1713601082970000&amp;usg=AOvVaw06keLG9c1N1AyWa07NZ6JK\">https:\/\/genicotesther.wixsite.<wbr>com\/genicotesther<\/a>&nbsp;<\/p>\n<p dir=\"ltr\">Prise de rendez-vous par mail ou par t\u00e9l\u00e9phone : <a href=\"mailto:genicot.esther@gmail.com\" target=\"_blank\" rel=\"noopener\">genicot.esther@gmail.com<\/a> &#8211; 0497 66 52 28<\/p>\n<p dir=\"ltr\">\n<\/p><p dir=\"ltr\">Formations&nbsp;<\/p>\n<p dir=\"ltr\" role=\"presentation\">&#8211; Bac Philosophie (Universit\u00e9 Saint-Louis)&nbsp;<br>&#8211;&nbsp; Erasmus Quebec &#8211; ULAVAL (Philosophie pour enfants)&nbsp;<br>&#8211; Master en Ethique M\u00e9dicale (UCL)<br>&#8211; R\u00e9alisation, Institut des Arts de Diffusion (IAD) &#8211; 1\u00e8re ann\u00e9e Bac<br>&#8211; Formation en th\u00e9rapie psycho-corporelle, EMTE (Energ\u00e9tique Massage Th\u00e9rapie Eid\u00e9tique), \u00e9cole Atmaram, Uccle&nbsp;<br>&#8211; Formation en animation de cercle de femmes, Lualuna, Bruxelles&nbsp;<br>&#8211; Formation Module 1 Etre Artiste &#8211; Alma (Programme <br>d\u2019accompagnement artistique et espace de recherche en groupe pour ressourcer sa pratique \u00e0 travers le corps, la voix, la musique, l\u2019\u00e9criture et le dessin) <br>&#8211; Atelier de formations professionnelles aux transidentit\u00e9s et aux intersexuations (Genres Pluriels ASBL)<br>&#8211; Danse contemporaine, \u00e9ducation somatique et chant : divers workshops\/classes\/cours&nbsp;<br>&#8211; En danses contemporaines : Contact Improvisation sur terre et\/ou dans l&rsquo;eau (Inde, Mexique, France, Espagne), Composition Instantan\u00e9e, Life Art Process, Mouvement authentique. <br>&#8211; En \u00e9ducation somatique : Fasciapulsologie, Body Mind Centering, M\u00e9thode Alexander, Feldenkrais. <br>&#8211; Chant : chorale et improvisation.<\/p>\n<p dir=\"ltr\" role=\"presentation\">Exp\u00e9riences professionnelles :<\/p>\n<p dir=\"ltr\" role=\"presentation\">&#8211; Th\u00e9rapeute psycho-corporelle, Cabinet priv\u00e9, \u00e0 Forest&nbsp;<br>&#8211; Th\u00e9rapeute psycho-corporelle pour femmes* et personnes LGBTQIA+ A l\u2019Herboristerie de Louise ; A la Tricoterie, Saint-Gilles<br>&#8211; Th\u00e9rapeute psycho-corporelle pour femmes* et personnes LGBTQIA+&nbsp; Au centre Au bord de l\u2019eau, Uccle<br>&#8211; Co-facilitatrice de Cercle de femmes sur terre et\/ou dans l\u2019eau, au centre Au bord de l\u2019eau, Uccle<br>&#8211; Facilitatrice d\u2019ateliers d\u2019expressions corporelles, avec le Comit\u00e9 de la Jupe, association f\u00e9ministe et catholique.&nbsp;<br>&#8211; Facilitatrice d\u2019ateliers pour des groupes de femmes victimes de violences sexuelles<br>&#8211; Co-facilitatrice de Cercles d\u2019explorations somatiques &amp; artistiques pour femmes* et personnes LGBTQIA+, au studio l\u2019A-cravate, Saint-Gilles<br>&#8211; Membre b\u00e9n\u00e9vole du collectif Bees (Bien-\u00catre Ensemble et Solidaire), Bruxelles &#8211; S\u00e9ances de soins psycho-corporels \u00e0 la Maison d&rsquo;accueil L&rsquo;Escale, Saint-Gilles.<br>&#8211; Membre du GIRs (Groupe Intervision R\u00e9seau de sant\u00e9) &#8211; Organisation de s\u00e9ances d&rsquo;intervision pluridisciplinaires et autog\u00e9r\u00e9es avec l&rsquo;ASBL L&rsquo;Estime, Saint-Gilles.<br>&#8211; Accompagnatrice b\u00e9n\u00e9vole pour des Ateliers de danse avec des enfants en milieu m\u00e9dical &#8211; IME La Sapini\u00e8re, Saint-Jans Cappel.<br>&#8211; Militante Eco-f\u00e9ministe intersectionnelle et LGBTQIA+&nbsp;<\/p>\n<p dir=\"ltr\">Sensibilis\u00e9e aux th\u00e9matiques suivantes :<\/p>\n<p dir=\"ltr\" role=\"presentation\">&#8211; Eco F\u00e9minismes intersectionnelle<br>&#8211; Probl\u00e9matiques LGBTQIA+<br>&#8211; Burn-out\/Bore-out<br>&#8211; Sympt\u00f4mes \u00ab psychosomatiques \u00bb<br>&#8211; D\u00e9pression \/ D\u00e9pression Postpartum \/ Pens\u00e9e suicidaire \/ Questions existentielles<br>&#8211; Traumas\/Stress post traumatique<br>&#8211; Neuro Divergences\/Neuroatypies (Haut Potentiel Emotionnel\/Intellectuel)<br>&#8211; Vie affective, relationnelle, familiale et sexuelle\/ S\u00e9paration amoureuse \/ D\u00e9pendance affective<br>&#8211; Deuil<br>&#8211; Violences conjugales\/familiales<\/p>","protected":false},"excerpt":{"rendered":"<p>Vous \u00eates un.e adolescent.e*, un.e \u00e9tudiant.e*, un.e jeune adulte* , un.e adulte* &#8230; &#8211; Epuis\u00e9.e par les exigences de vos \u00e9tudes ou de votre carri\u00e8re professionnelle&nbsp; (Burn-out\/Bore-out) ?&nbsp;&#8211; En train de traverser une p\u00e9riode de deuil, de d\u00e9pression\/d\u00e9pression postpartum, de s\u00e9paration, de divorce, de violences conjugales\/familiales\/professionnelles, de harc\u00e8lement, de crise ?&#8211; En qu\u00eate d&rsquo;explorations de [&hellip;]<\/p>\n","protected":false},"author":1,"featured_media":0,"parent":0,"menu_order":0,"comment_status":"closed","ping_status":"closed","template":"page-templates\/full-width.php","meta":{"footnotes":""},"categories":[5,13],"tags":[],"class_list":["post-785","page","type-page","status-publish","hentry","category-praticiens","category-terrestre"],"_links":{"self":[{"href":"https:\/\/www.auborddeleau.brussels\/index.php\/wp-json\/wp\/v2\/pages\/785","targetHints":{"allow":["GET"]}}],"collection":[{"href":"https:\/\/www.auborddeleau.brussels\/index.php\/wp-json\/wp\/v2\/pages"}],"about":[{"href":"https:\/\/www.auborddeleau.brussels\/index.php\/wp-json\/wp\/v2\/types\/page"}],"author":[{"embeddable":true,"href":"https:\/\/www.auborddeleau.brussels\/index.php\/wp-json\/wp\/v2\/users\/1"}],"replies":[{"embeddable":true,"href":"https:\/\/www.auborddeleau.brussels\/index.php\/wp-json\/wp\/v2\/comments?post=785"}],"version-history":[{"count":11,"href":"https:\/\/www.auborddeleau.brussels\/index.php\/wp-json\/wp\/v2\/pages\/785\/revisions"}],"predecessor-version":[{"id":3585,"href":"https:\/\/www.auborddeleau.brussels\/index.php\/wp-json\/wp\/v2\/pages\/785\/revisions\/3585"}],"wp:attachment":[{"href":"https:\/\/www.auborddeleau.brussels\/index.php\/wp-json\/wp\/v2\/media?parent=785"}],"wp:term":[{"taxonomy":"category","embeddable":true,"href":"https:\/\/www.auborddeleau.brussels\/index.php\/wp-json\/wp\/v2\/categories?post=785"},{"taxonomy":"post_tag","embeddable":true,"href":"https:\/\/www.auborddeleau.brussels\/index.php\/wp-json\/wp\/v2\/tags?post=785"}],"curies":[{"name":"wp","href":"https:\/\/api.w.org\/{rel}","templated":true}]}}