{"id":8,"date":"2014-06-10T10:48:00","date_gmt":"2014-06-10T09:48:00","guid":{"rendered":"http:\/\/www.auborddeleau.brussels\/?page_id=8"},"modified":"2025-12-10T11:25:07","modified_gmt":"2025-12-10T10:25:07","slug":"watsu","status":"publish","type":"page","link":"https:\/\/www.auborddeleau.brussels\/index.php\/watsu\/","title":{"rendered":"WATSU"},"content":{"rendered":"<p>Contraction des mots Water et Shiastu est une technique de massage aquatique se pratiquant dans une eau chauff\u00e9e \u00e0 une temp\u00e9rature proche de celle du corps, 34\u00b0.<\/p>\n<p>Le praticien combine \u00e9tirement, rotation, flexion des articulations, acupression et massage.<\/p>\n<p>Il accompagne d&rsquo;abord le rythme respiratoire du patient pour l&#8217;emmener vers une respiration plus ample et profonde.<\/p>\n<p>Le corps sait gu\u00e9rir quand on arr\u00eate de le brusquer.&nbsp;<strong>La lenteur active le syst\u00e8me lymphatique. La<\/strong> pression agit comme un \u201cmassage hydraulique\u201d qui pousse la lymphe \u00e0 circuler ; c&rsquo;est moins d\u2019inflammation; c&rsquo;est r\u00e9cup\u00e9ration acc\u00e9l\u00e9r\u00e9e.<\/p>\n<p>VIDEOS<\/p>\n<p><a href=\"https:\/\/www.youtube.com\/channel\/UCtDmM_b-6768wV1paPOelnQ\">youtube.com\/channel\/&#8230;<\/a>\n<\/p>\n<p>Le patient, en l\u00e2chant prise, soutenu par les bras rassurant du praticien, se laisse &lsquo;Etre&rsquo;; en apesanteur, il ne doit rien &lsquo;Faire&rsquo;.<\/p>\n<p>L&rsquo;eau, le 3\u00e8me intervenant du massage, par sa force, sa souplesse, sa r\u00e9sistance, sa chaleur, permet des mouvements profonds, le corps flottant en apesanteur, dans un tr\u00e8s grand confort.<\/p>\n<p>Le corps retrouve son intimit\u00e9, la confiance par le toucher expert et respectueux du praticien.<\/p>\n<p>Le Watsu est pratiqu\u00e9 dans le monde entier.<\/p>\n<p>Le Watsu est n\u00e9 en 1980 \u00e0 Harbin Hot Springs (Californie) de l&rsquo;ing\u00e9niosit\u00e9 de Harold Dull, po\u00e8te associ\u00e9 au courant de la \u00ab\u00a0Renaissance de San Francisco\u00a0\u00bb. Apr\u00e8s un long voyage autour du monde et un s\u00e9jour au Japon au cours duquel il \u00e9tudia le Zen Shiatsu avec le Ma\u00eetre Masunaga, il rentra fonder son \u00e9cole de Shiatsu dans le nord de la Californie. Grand amateur d&rsquo;eau, il commen\u00e7a \u00e0 pratiquer les \u00e9tirements du Zen Shiatsu sur une table de massage plac\u00e9e dans la piscine d&rsquo;eau thermale. Il comprit bien vite qu\u2019en soutenant lui-m\u00eame son client il n&rsquo;aurait plus besoin de la table&#8230; Ainsi naquit le Watsu.<\/p>\n<p>Plus de 30 ans apr\u00e8s, gr\u00e2ce \u00e0 la contribution de centaines de professionnels venus d\u2019autres techniques, du yoga \u00e0 la kin\u00e9sith\u00e9rapie en passant par le shiatsu et le massage tha\u00ef, le Watsu a \u00e9volu\u00e9 vers ce qu\u2019il est aujourd&rsquo;hui.<\/p>\n<p>Le Watsu aujourd&rsquo;hui<\/p>\n<p>La technique de Watsu \u00e9volue et se concentre aujourd&rsquo;hui sur ce qui compte le plus, les effets du Watsu.<\/p>\n<p>Une s\u00e9ance de Watsu procure une d\u00e9tente profonde et durable, une paix int\u00e9rieure. Elle est b\u00e9n\u00e9fique \u00e0 bien des personnes.<\/p>\n<p>\u00ab\u00a0La po\u00e9tique du Watsu\u00a0\u00bb par Harold Dull<\/p>\n<div class=\"n module-type-text diyfeLiveArea \">\n<p><strong>Texte publi\u00e9 dans <em>Watsu. Freing the Body in Water<\/em> (chapter VI)<\/strong><\/p>\n<p><strong>et traduit en fran\u00e7ais par Philippe Quillien<\/strong><\/p>\n<\/div>\n\n\n<p><a href=\"https:\/\/www.watsu-paris.fr\/watsu\/watsu-et-po%C3%A9sie\/?fbclid=IwAR2AhOA9g4nIlWtIFgiOXuy_nW9B6R5GiMVHhIJRfMKOS3s_x2Waey7amaU\">https:\/\/www.watsu-paris.fr\/watsu\/watsu-et-po%C3%A9sie\/?fbclid=IwAR2AhOA9g4nIlWtIFgiOXuy_nW9B6R5GiMVHhIJRfMKOS3s_x2Waey7amaU<\/a><\/p>\n\n\n\n<p><\/p>\n","protected":false},"excerpt":{"rendered":"<p>Contraction des mots Water et Shiastu est une technique de massage aquatique se pratiquant dans une eau chauff\u00e9e \u00e0 une temp\u00e9rature proche de celle du corps, 34\u00b0. Le praticien combine \u00e9tirement, rotation, flexion des articulations, acupression et massage. Il accompagne d&rsquo;abord le rythme respiratoire du patient pour l&#8217;emmener vers une respiration plus ample et profonde. [&hellip;]<\/p>\n","protected":false},"author":1,"featured_media":0,"parent":0,"menu_order":0,"comment_status":"open","ping_status":"closed","template":"page-templates\/full-width.php","meta":{"footnotes":""},"categories":[],"tags":[],"class_list":["post-8","page","type-page","status-publish","hentry"],"_links":{"self":[{"href":"https:\/\/www.auborddeleau.brussels\/index.php\/wp-json\/wp\/v2\/pages\/8","targetHints":{"allow":["GET"]}}],"collection":[{"href":"https:\/\/www.auborddeleau.brussels\/index.php\/wp-json\/wp\/v2\/pages"}],"about":[{"href":"https:\/\/www.auborddeleau.brussels\/index.php\/wp-json\/wp\/v2\/types\/page"}],"author":[{"embeddable":true,"href":"https:\/\/www.auborddeleau.brussels\/index.php\/wp-json\/wp\/v2\/users\/1"}],"replies":[{"embeddable":true,"href":"https:\/\/www.auborddeleau.brussels\/index.php\/wp-json\/wp\/v2\/comments?post=8"}],"version-history":[{"count":11,"href":"https:\/\/www.auborddeleau.brussels\/index.php\/wp-json\/wp\/v2\/pages\/8\/revisions"}],"predecessor-version":[{"id":4463,"href":"https:\/\/www.auborddeleau.brussels\/index.php\/wp-json\/wp\/v2\/pages\/8\/revisions\/4463"}],"wp:attachment":[{"href":"https:\/\/www.auborddeleau.brussels\/index.php\/wp-json\/wp\/v2\/media?parent=8"}],"wp:term":[{"taxonomy":"category","embeddable":true,"href":"https:\/\/www.auborddeleau.brussels\/index.php\/wp-json\/wp\/v2\/categories?post=8"},{"taxonomy":"post_tag","embeddable":true,"href":"https:\/\/www.auborddeleau.brussels\/index.php\/wp-json\/wp\/v2\/tags?post=8"}],"curies":[{"name":"wp","href":"https:\/\/api.w.org\/{rel}","templated":true}]}}